{"id":27965,"date":"2025-01-20T05:52:03","date_gmt":"2025-01-20T04:52:03","guid":{"rendered":"https:\/\/dev.waidringerhof.com\/home-2-2\/"},"modified":"2025-03-17T20:59:23","modified_gmt":"2025-03-17T19:59:23","slug":"home-2-2","status":"publish","type":"page","link":"https:\/\/www.waidringerhof.com\/es\/home-2-2\/","title":{"rendered":"Inicio Invierno"},"content":{"rendered":"\t\t<div data-elementor-type=\"wp-page\" data-elementor-id=\"27965\" class=\"elementor elementor-27965 elementor-25405\" data-elementor-post-type=\"page\">\n\t\t\t\t<div class=\"elementor-element elementor-element-41d339b e-flex e-con-boxed e-con e-parent\" data-id=\"41d339b\" data-element_type=\"container\" data-e-type=\"container\" data-settings=\"{&quot;background_background&quot;:&quot;classic&quot;}\">\n\t\t\t\t\t<div class=\"e-con-inner\">\n\t\t\t\t\t<\/div>\n\t\t\t\t<\/div>\n\t\t\t\t<\/div>\n\t\t","protected":false},"excerpt":{"rendered":"<p>Claritas est etiam processus dynamicus, qui sequitur mutationem consuetudium lectorum. Mirum est notare quam littera gothica, quam nunc putamus parum claram, anteposuerit litterarum formas humanitatis per seacula quarta decima et quinta decima. Eodem modo typi, qui nunc nobis videntur parum clari, fiant sollemnes in futurum.  <\/p>\n","protected":false},"author":9,"featured_media":19484,"parent":0,"menu_order":0,"comment_status":"closed","ping_status":"closed","template":"elementor_theme","meta":{"_acf_changed":false,"site-sidebar-layout":"no-sidebar","site-content-layout":"plain-container","ast-site-content-layout":"default","site-content-style":"default","site-sidebar-style":"default","ast-global-header-display":"","ast-banner-title-visibility":"","ast-main-header-display":"","ast-hfb-above-header-display":"","ast-hfb-below-header-display":"","ast-hfb-mobile-header-display":"","site-post-title":"disabled","ast-breadcrumbs-content":"","ast-featured-img":"disabled","footer-sml-layout":"","ast-disable-related-posts":"","theme-transparent-header-meta":"default","adv-header-id-meta":"","stick-header-meta":"","header-above-stick-meta":"","header-main-stick-meta":"","header-below-stick-meta":"","astra-migrate-meta-layouts":"set","ast-page-background-enabled":"default","ast-page-background-meta":{"desktop":{"background-color":"var(--ast-global-color-4)","background-image":"","background-repeat":"repeat","background-position":"center center","background-size":"auto","background-attachment":"scroll","background-type":"","background-media":"","overlay-type":"","overlay-color":"","overlay-opacity":"","overlay-gradient":""},"tablet":{"background-color":"","background-image":"","background-repeat":"repeat","background-position":"center center","background-size":"auto","background-attachment":"scroll","background-type":"","background-media":"","overlay-type":"","overlay-color":"","overlay-opacity":"","overlay-gradient":""},"mobile":{"background-color":"","background-image":"","background-repeat":"repeat","background-position":"center center","background-size":"auto","background-attachment":"scroll","background-type":"","background-media":"","overlay-type":"","overlay-color":"","overlay-opacity":"","overlay-gradient":""}},"ast-content-background-meta":{"desktop":{"background-color":"var(--ast-global-color-5)","background-image":"","background-repeat":"repeat","background-position":"center center","background-size":"auto","background-attachment":"scroll","background-type":"","background-media":"","overlay-type":"","overlay-color":"","overlay-opacity":"","overlay-gradient":""},"tablet":{"background-color":"var(--ast-global-color-5)","background-image":"","background-repeat":"repeat","background-position":"center center","background-size":"auto","background-attachment":"scroll","background-type":"","background-media":"","overlay-type":"","overlay-color":"","overlay-opacity":"","overlay-gradient":""},"mobile":{"background-color":"var(--ast-global-color-5)","background-image":"","background-repeat":"repeat","background-position":"center center","background-size":"auto","background-attachment":"scroll","background-type":"","background-media":"","overlay-type":"","overlay-color":"","overlay-opacity":"","overlay-gradient":""}},"footnotes":""},"class_list":["post-27965","page","type-page","status-publish","has-post-thumbnail","hentry"],"acf":{"js_im_header_seekda_offer":"","js_im_footer_conversion":""},"yoast_head":"<!-- This site is optimized with the Yoast SEO plugin v27.2 - https:\/\/yoast.com\/product\/yoast-seo-wordpress\/ -->\n<title>Waidringer Hof 4*S hotel de bienestar y senderismo Waidring en la Steinplatte<\/title>\n<meta name=\"description\" content=\"El hotel de senderismo y bienestar de Waidring est\u00e1 situado directamente en la Steinplatte, en los Alpes de Kitzb\u00fchel. Es el \u00fanico hotel de 4 estrellas superior de PillerseeTal y est\u00e1 a pocos metros de la zona de senderismo de Steinplatte \u2713 Excursiones guiadas varias veces por semana\" \/>\n<meta name=\"robots\" content=\"index, follow, max-snippet:-1, max-image-preview:large, max-video-preview:-1\" \/>\n<link rel=\"canonical\" href=\"https:\/\/www.waidringerhof.com\/home-2-2\/\" \/>\n<meta property=\"og:locale\" content=\"es_ES\" \/>\n<meta property=\"og:type\" content=\"article\" \/>\n<meta property=\"og:title\" content=\"Waidringer Hof 4*S hotel de bienestar y senderismo Waidring en la Steinplatte\" \/>\n<meta property=\"og:description\" content=\"El hotel de senderismo y bienestar de Waidring est\u00e1 situado directamente en la Steinplatte, en los Alpes de Kitzb\u00fchel. Es el \u00fanico hotel de 4 estrellas superior de PillerseeTal y est\u00e1 a pocos metros de la zona de senderismo de Steinplatte \u2713 Excursiones guiadas varias veces por semana\" \/>\n<meta property=\"og:url\" content=\"https:\/\/www.waidringerhof.com\/home-2-2\/\" \/>\n<meta property=\"og:site_name\" content=\"Waidringerhof\" \/>\n<meta property=\"article:publisher\" content=\"https:\/\/www.facebook.com\/glueckshotel.tirol\" \/>\n<meta property=\"article:modified_time\" content=\"2025-03-17T19:59:23+00:00\" \/>\n<meta property=\"og:image\" content=\"https:\/\/www.waidringerhof.com\/wp-content\/uploads\/2017\/11\/Hoteleingang.jpg\" \/>\n\t<meta property=\"og:image:width\" content=\"1024\" \/>\n\t<meta property=\"og:image:height\" content=\"1536\" \/>\n\t<meta property=\"og:image:type\" content=\"image\/jpeg\" \/>\n<meta name=\"twitter:card\" content=\"summary_large_image\" \/>\n<script type=\"application\/ld+json\" class=\"yoast-schema-graph\">{\"@context\":\"https:\/\/schema.org\",\"@graph\":[{\"@type\":\"WebPage\",\"@id\":\"https:\/\/www.waidringerhof.com\/home-2-2\/\",\"url\":\"https:\/\/www.waidringerhof.com\/home-2-2\/\",\"name\":\"Waidringer Hof 4*S hotel de bienestar y senderismo Waidring en la Steinplatte\",\"isPartOf\":{\"@id\":\"https:\/\/www.waidringerhof.com\/es\/#website\"},\"primaryImageOfPage\":{\"@id\":\"https:\/\/www.waidringerhof.com\/home-2-2\/#primaryimage\"},\"image\":{\"@id\":\"https:\/\/www.waidringerhof.com\/home-2-2\/#primaryimage\"},\"thumbnailUrl\":\"https:\/\/www.waidringerhof.com\/wp-content\/uploads\/2017\/11\/Hoteleingang.jpg\",\"datePublished\":\"2025-01-20T04:52:03+00:00\",\"dateModified\":\"2025-03-17T19:59:23+00:00\",\"description\":\"El hotel de senderismo y bienestar de Waidring est\u00e1 situado directamente en la Steinplatte, en los Alpes de Kitzb\u00fchel. Es el \u00fanico hotel de 4 estrellas superior de PillerseeTal y est\u00e1 a pocos metros de la zona de senderismo de Steinplatte \u2713 Excursiones guiadas varias veces por semana\",\"breadcrumb\":{\"@id\":\"https:\/\/www.waidringerhof.com\/home-2-2\/#breadcrumb\"},\"inLanguage\":\"es\",\"potentialAction\":[{\"@type\":\"ReadAction\",\"target\":[\"https:\/\/www.waidringerhof.com\/home-2-2\/\"]}]},{\"@type\":\"ImageObject\",\"inLanguage\":\"es\",\"@id\":\"https:\/\/www.waidringerhof.com\/home-2-2\/#primaryimage\",\"url\":\"https:\/\/www.waidringerhof.com\/wp-content\/uploads\/2017\/11\/Hoteleingang.jpg\",\"contentUrl\":\"https:\/\/www.waidringerhof.com\/wp-content\/uploads\/2017\/11\/Hoteleingang.jpg\",\"width\":1024,\"height\":1536},{\"@type\":\"BreadcrumbList\",\"@id\":\"https:\/\/www.waidringerhof.com\/home-2-2\/#breadcrumb\",\"itemListElement\":[{\"@type\":\"ListItem\",\"position\":1,\"name\":\"Startseite\",\"item\":\"https:\/\/www.waidringerhof.com\/es\/\"},{\"@type\":\"ListItem\",\"position\":2,\"name\":\"Inicio Invierno\"}]},{\"@type\":\"WebSite\",\"@id\":\"https:\/\/www.waidringerhof.com\/es\/#website\",\"url\":\"https:\/\/www.waidringerhof.com\/es\/\",\"name\":\"Waidringerhof 4-Sterne-Superior\",\"description\":\"Willkommen im 1. Tiroler Gl\u00fcckshotel\",\"publisher\":{\"@id\":\"https:\/\/www.waidringerhof.com\/es\/#organization\"},\"potentialAction\":[{\"@type\":\"SearchAction\",\"target\":{\"@type\":\"EntryPoint\",\"urlTemplate\":\"https:\/\/www.waidringerhof.com\/es\/?s={search_term_string}\"},\"query-input\":{\"@type\":\"PropertyValueSpecification\",\"valueRequired\":true,\"valueName\":\"search_term_string\"}}],\"inLanguage\":\"es\"},{\"@type\":\"Organization\",\"@id\":\"https:\/\/www.waidringerhof.com\/es\/#organization\",\"name\":\"Waidringerhof 4-Sterne-Superior\",\"url\":\"https:\/\/www.waidringerhof.com\/es\/\",\"logo\":{\"@type\":\"ImageObject\",\"inLanguage\":\"es\",\"@id\":\"https:\/\/www.waidringerhof.com\/es\/#\/schema\/logo\/image\/\",\"url\":\"https:\/\/www.waidringerhof.com\/wp-content\/uploads\/2023\/08\/Logo_Waidringer_Hof.svg\",\"contentUrl\":\"https:\/\/www.waidringerhof.com\/wp-content\/uploads\/2023\/08\/Logo_Waidringer_Hof.svg\",\"width\":410,\"height\":410,\"caption\":\"Waidringerhof 4-Sterne-Superior\"},\"image\":{\"@id\":\"https:\/\/www.waidringerhof.com\/es\/#\/schema\/logo\/image\/\"},\"sameAs\":[\"https:\/\/www.facebook.com\/glueckshotel.tirol\"]}]}<\/script>\n<!-- \/ Yoast SEO plugin. -->","yoast_head_json":{"title":"Waidringer Hof 4*S hotel de bienestar y senderismo Waidring en la Steinplatte","description":"El hotel de senderismo y bienestar de Waidring est\u00e1 situado directamente en la Steinplatte, en los Alpes de Kitzb\u00fchel. Es el \u00fanico hotel de 4 estrellas superior de PillerseeTal y est\u00e1 a pocos metros de la zona de senderismo de Steinplatte \u2713 Excursiones guiadas varias veces por semana","robots":{"index":"index","follow":"follow","max-snippet":"max-snippet:-1","max-image-preview":"max-image-preview:large","max-video-preview":"max-video-preview:-1"},"canonical":"https:\/\/www.waidringerhof.com\/home-2-2\/","og_locale":"es_ES","og_type":"article","og_title":"Waidringer Hof 4*S hotel de bienestar y senderismo Waidring en la Steinplatte","og_description":"El hotel de senderismo y bienestar de Waidring est\u00e1 situado directamente en la Steinplatte, en los Alpes de Kitzb\u00fchel. Es el \u00fanico hotel de 4 estrellas superior de PillerseeTal y est\u00e1 a pocos metros de la zona de senderismo de Steinplatte \u2713 Excursiones guiadas varias veces por semana","og_url":"https:\/\/www.waidringerhof.com\/home-2-2\/","og_site_name":"Waidringerhof","article_publisher":"https:\/\/www.facebook.com\/glueckshotel.tirol","article_modified_time":"2025-03-17T19:59:23+00:00","og_image":[{"width":1024,"height":1536,"url":"https:\/\/www.waidringerhof.com\/wp-content\/uploads\/2017\/11\/Hoteleingang.jpg","type":"image\/jpeg"}],"twitter_card":"summary_large_image","schema":{"@context":"https:\/\/schema.org","@graph":[{"@type":"WebPage","@id":"https:\/\/www.waidringerhof.com\/home-2-2\/","url":"https:\/\/www.waidringerhof.com\/home-2-2\/","name":"Waidringer Hof 4*S hotel de bienestar y senderismo Waidring en la Steinplatte","isPartOf":{"@id":"https:\/\/www.waidringerhof.com\/es\/#website"},"primaryImageOfPage":{"@id":"https:\/\/www.waidringerhof.com\/home-2-2\/#primaryimage"},"image":{"@id":"https:\/\/www.waidringerhof.com\/home-2-2\/#primaryimage"},"thumbnailUrl":"https:\/\/www.waidringerhof.com\/wp-content\/uploads\/2017\/11\/Hoteleingang.jpg","datePublished":"2025-01-20T04:52:03+00:00","dateModified":"2025-03-17T19:59:23+00:00","description":"El hotel de senderismo y bienestar de Waidring est\u00e1 situado directamente en la Steinplatte, en los Alpes de Kitzb\u00fchel. Es el \u00fanico hotel de 4 estrellas superior de PillerseeTal y est\u00e1 a pocos metros de la zona de senderismo de Steinplatte \u2713 Excursiones guiadas varias veces por semana","breadcrumb":{"@id":"https:\/\/www.waidringerhof.com\/home-2-2\/#breadcrumb"},"inLanguage":"es","potentialAction":[{"@type":"ReadAction","target":["https:\/\/www.waidringerhof.com\/home-2-2\/"]}]},{"@type":"ImageObject","inLanguage":"es","@id":"https:\/\/www.waidringerhof.com\/home-2-2\/#primaryimage","url":"https:\/\/www.waidringerhof.com\/wp-content\/uploads\/2017\/11\/Hoteleingang.jpg","contentUrl":"https:\/\/www.waidringerhof.com\/wp-content\/uploads\/2017\/11\/Hoteleingang.jpg","width":1024,"height":1536},{"@type":"BreadcrumbList","@id":"https:\/\/www.waidringerhof.com\/home-2-2\/#breadcrumb","itemListElement":[{"@type":"ListItem","position":1,"name":"Startseite","item":"https:\/\/www.waidringerhof.com\/es\/"},{"@type":"ListItem","position":2,"name":"Inicio Invierno"}]},{"@type":"WebSite","@id":"https:\/\/www.waidringerhof.com\/es\/#website","url":"https:\/\/www.waidringerhof.com\/es\/","name":"Waidringerhof 4-Sterne-Superior","description":"Willkommen im 1. Tiroler Gl\u00fcckshotel","publisher":{"@id":"https:\/\/www.waidringerhof.com\/es\/#organization"},"potentialAction":[{"@type":"SearchAction","target":{"@type":"EntryPoint","urlTemplate":"https:\/\/www.waidringerhof.com\/es\/?s={search_term_string}"},"query-input":{"@type":"PropertyValueSpecification","valueRequired":true,"valueName":"search_term_string"}}],"inLanguage":"es"},{"@type":"Organization","@id":"https:\/\/www.waidringerhof.com\/es\/#organization","name":"Waidringerhof 4-Sterne-Superior","url":"https:\/\/www.waidringerhof.com\/es\/","logo":{"@type":"ImageObject","inLanguage":"es","@id":"https:\/\/www.waidringerhof.com\/es\/#\/schema\/logo\/image\/","url":"https:\/\/www.waidringerhof.com\/wp-content\/uploads\/2023\/08\/Logo_Waidringer_Hof.svg","contentUrl":"https:\/\/www.waidringerhof.com\/wp-content\/uploads\/2023\/08\/Logo_Waidringer_Hof.svg","width":410,"height":410,"caption":"Waidringerhof 4-Sterne-Superior"},"image":{"@id":"https:\/\/www.waidringerhof.com\/es\/#\/schema\/logo\/image\/"},"sameAs":["https:\/\/www.facebook.com\/glueckshotel.tirol"]}]}},"_links":{"self":[{"href":"https:\/\/www.waidringerhof.com\/es\/wp-json\/wp\/v2\/pages\/27965","targetHints":{"allow":["GET"]}}],"collection":[{"href":"https:\/\/www.waidringerhof.com\/es\/wp-json\/wp\/v2\/pages"}],"about":[{"href":"https:\/\/www.waidringerhof.com\/es\/wp-json\/wp\/v2\/types\/page"}],"author":[{"embeddable":true,"href":"https:\/\/www.waidringerhof.com\/es\/wp-json\/wp\/v2\/users\/9"}],"replies":[{"embeddable":true,"href":"https:\/\/www.waidringerhof.com\/es\/wp-json\/wp\/v2\/comments?post=27965"}],"version-history":[{"count":1,"href":"https:\/\/www.waidringerhof.com\/es\/wp-json\/wp\/v2\/pages\/27965\/revisions"}],"predecessor-version":[{"id":27966,"href":"https:\/\/www.waidringerhof.com\/es\/wp-json\/wp\/v2\/pages\/27965\/revisions\/27966"}],"wp:featuredmedia":[{"embeddable":true,"href":"https:\/\/www.waidringerhof.com\/es\/wp-json\/wp\/v2\/media\/19484"}],"wp:attachment":[{"href":"https:\/\/www.waidringerhof.com\/es\/wp-json\/wp\/v2\/media?parent=27965"}],"curies":[{"name":"wp","href":"https:\/\/api.w.org\/{rel}","templated":true}]}}