{"id":26022,"date":"2025-05-16T15:00:57","date_gmt":"2025-05-16T13:00:57","guid":{"rendered":"https:\/\/dev.waidringerhof.com\/ven-a-conocernos\/oferta-gastronomica\/"},"modified":"2025-03-17T18:58:09","modified_gmt":"2025-03-17T17:58:09","slug":"fruehstueck","status":"publish","type":"page","link":"https:\/\/www.waidringerhof.com\/es\/fruehstueck\/","title":{"rendered":"Desayuno"},"content":{"rendered":"\t\t<div data-elementor-type=\"wp-page\" data-elementor-id=\"26022\" class=\"elementor elementor-26022 elementor-26020\" data-elementor-post-type=\"page\">\n\t\t\t\t<div class=\"elementor-element elementor-element-8815237 e-flex e-con-boxed e-con e-parent\" data-id=\"8815237\" data-element_type=\"container\" data-e-type=\"container\" data-settings=\"{&quot;background_background&quot;:&quot;classic&quot;}\">\n\t\t\t\t\t<div class=\"e-con-inner\">\n\t\t<div class=\"elementor-element elementor-element-130a26a e-con-full e-flex e-con e-child\" data-id=\"130a26a\" data-element_type=\"container\" data-e-type=\"container\">\n\t\t\t\t<\/div>\n\t\t\t\t\t<\/div>\n\t\t\t\t<\/div>\n\t\t<div class=\"elementor-element elementor-element-19fb396 e-flex e-con-boxed e-con e-parent\" data-id=\"19fb396\" data-element_type=\"container\" data-e-type=\"container\">\n\t\t\t\t\t<div class=\"e-con-inner\">\n\t\t<div class=\"elementor-element elementor-element-3ef37f3 e-con-full e-flex e-con e-child\" data-id=\"3ef37f3\" data-element_type=\"container\" data-e-type=\"container\">\n\t\t\t\t<div class=\"elementor-element elementor-element-50c212e elementor-widget elementor-widget-heading\" data-id=\"50c212e\" data-element_type=\"widget\" data-e-type=\"widget\" data-widget_type=\"heading.default\">\n\t\t\t\t<div class=\"elementor-widget-container\">\n\t\t\t\t\t<h2 class=\"elementor-heading-title elementor-size-default\">F\u00e1brica de desayunos<\/h2>\t\t\t\t<\/div>\n\t\t\t\t<\/div>\n\t\t\t\t<div class=\"elementor-element elementor-element-6196681 elementor-widget elementor-widget-heading\" data-id=\"6196681\" data-element_type=\"widget\" data-e-type=\"widget\" data-widget_type=\"heading.default\">\n\t\t\t\t<div class=\"elementor-widget-container\">\n\t\t\t\t\t<h5 class=\"elementor-heading-title elementor-size-default\">para empezar bien el d\u00eda<\/h5>\t\t\t\t<\/div>\n\t\t\t\t<\/div>\n\t\t\t\t<div class=\"elementor-element elementor-element-38618a1 elementor-widget elementor-widget-text-editor\" data-id=\"38618a1\" data-element_type=\"widget\" data-e-type=\"widget\" data-widget_type=\"text-editor.default\">\n\t\t\t\t<div class=\"elementor-widget-container\">\n\t\t\t\t\t\t\t\t\t<div class=\"flex-shrink-0 flex flex-col relative items-end\">\n<div class=\"pt-0\">\n<div class=\"gizmo-bot-avatar flex h-8 w-8 items-center justify-center overflow-hidden rounded-full\">\n<div class=\"relative p-1 rounded-sm flex items-center justify-center bg-token-main-surface-primary text-token-text-primary h-8 w-8\">Nuestro desayuno buffet te mima con una selecci\u00f3n de especialidades frescas, regionales y de temporada, desde yogur y muesli hasta zumos reci\u00e9n exprimidos. Los amantes del t\u00e9 pueden disfrutar de t\u00e9 ecol\u00f3gico de alta calidad. En nuestra estaci\u00f3n de cocina en vivo, nuestro chef de cocina prepara platos de huevos frescos para el desayuno a tu gusto: desde huevos revueltos hasta tortillas.  <\/div>\n<\/div>\n<\/div>\n<\/div>\t\t\t\t\t\t\t\t<\/div>\n\t\t\t\t<\/div>\n\t\t\t\t<div class=\"elementor-element elementor-element-d02f9b1 elementor-widget elementor-widget-text-editor\" data-id=\"d02f9b1\" data-element_type=\"widget\" data-e-type=\"widget\" data-widget_type=\"text-editor.default\">\n\t\t\t\t<div class=\"elementor-widget-container\">\n\t\t\t\t\t\t\t\t\t<p>\u00a1Saborea ingredientes naturales de alta calidad y empieza el d\u00eda con energ\u00eda!<\/p>\t\t\t\t\t\t\t\t<\/div>\n\t\t\t\t<\/div>\n\t\t\t\t<\/div>\n\t\t<div class=\"elementor-element elementor-element-51812f7 e-con-full e-flex e-con e-child\" data-id=\"51812f7\" data-element_type=\"container\" data-e-type=\"container\">\n\t\t<div class=\"elementor-element elementor-element-8482e60 e-con-full e-flex e-con e-child\" data-id=\"8482e60\" data-element_type=\"container\" data-e-type=\"container\">\n\t\t\t\t<div class=\"elementor-element elementor-element-1bc9119 uael-img-grid__column-2 uael-img-grid-tablet__column-2 uael-img-grid-mobile__column-2 uael-ins-normal elementor-widget elementor-widget-uael-image-gallery\" data-id=\"1bc9119\" data-element_type=\"widget\" data-e-type=\"widget\" data-settings=\"{&quot;gallery_columns&quot;:&quot;2&quot;,&quot;column_gap&quot;:{&quot;unit&quot;:&quot;px&quot;,&quot;size&quot;:2,&quot;sizes&quot;:[]},&quot;column_gap_mobile&quot;:{&quot;unit&quot;:&quot;px&quot;,&quot;size&quot;:2,&quot;sizes&quot;:[]},&quot;row_gap&quot;:{&quot;unit&quot;:&quot;px&quot;,&quot;size&quot;:2,&quot;sizes&quot;:[]},&quot;row_gap_mobile&quot;:{&quot;unit&quot;:&quot;px&quot;,&quot;size&quot;:2,&quot;sizes&quot;:[]},&quot;gallery_columns_tablet&quot;:&quot;2&quot;,&quot;gallery_columns_mobile&quot;:&quot;2&quot;,&quot;column_gap_tablet&quot;:{&quot;unit&quot;:&quot;px&quot;,&quot;size&quot;:&quot;&quot;,&quot;sizes&quot;:[]},&quot;row_gap_tablet&quot;:{&quot;unit&quot;:&quot;px&quot;,&quot;size&quot;:&quot;&quot;,&quot;sizes&quot;:[]},&quot;images_valign&quot;:&quot;flex-start&quot;,&quot;overlay_image_size_hover&quot;:{&quot;unit&quot;:&quot;px&quot;,&quot;size&quot;:50,&quot;sizes&quot;:[]},&quot;overlay_image_size_hover_tablet&quot;:{&quot;unit&quot;:&quot;px&quot;,&quot;size&quot;:&quot;&quot;,&quot;sizes&quot;:[]},&quot;overlay_image_size_hover_mobile&quot;:{&quot;unit&quot;:&quot;px&quot;,&quot;size&quot;:&quot;&quot;,&quot;sizes&quot;:[]}}\" data-widget_type=\"uael-image-gallery.default\">\n\t\t\t\t<div class=\"elementor-widget-container\">\n\t\t\t\t\t<div class=\"uael-gallery-parent uael-caption- uael-gallery-unjustified\"><div class=\"uael-img-gallery-wrap uael-img-grid-wrap uael-img-grid-masonry-wrap uael-image-lightbox-wrap\" data-filter-default=\"Todos\" data-lightbox_actions=\"[&quot;close&quot;]\" data-lightbox-gallery-loop=\"\"><div class=\"uael-grid-item  uael-img-gallery-item-2\"><div class=\"uael-grid-item-content\"><a class=\"uael-grid-img uael-grid-gallery-img uael-ins-hover elementor-clickable\" data-fancybox=\"uael-gallery\" href=\"https:\/\/www.waidringerhof.com\/wp-content\/uploads\/2024\/11\/breakfast__0001_DSC03107.jpg\" data-elementor-open-lightbox=\"no\"><div class=\"uael-grid-img-thumbnail uael-ins-target\"><img fetchpriority=\"high\" decoding=\"async\" width=\"300\" height=\"169\" src=\"https:\/\/www.waidringerhof.com\/wp-content\/uploads\/2024\/11\/breakfast__0001_DSC03107-300x169.jpg\" class=\"attachment-medium size-medium wp-image-26498\" alt=\"\" srcset=\"https:\/\/www.waidringerhof.com\/wp-content\/uploads\/2024\/11\/breakfast__0001_DSC03107-300x169.jpg 300w, https:\/\/www.waidringerhof.com\/wp-content\/uploads\/2024\/11\/breakfast__0001_DSC03107-1024x576.jpg 1024w, https:\/\/www.waidringerhof.com\/wp-content\/uploads\/2024\/11\/breakfast__0001_DSC03107-768x432.jpg 768w, https:\/\/www.waidringerhof.com\/wp-content\/uploads\/2024\/11\/breakfast__0001_DSC03107-1536x864.jpg 1536w, https:\/\/www.waidringerhof.com\/wp-content\/uploads\/2024\/11\/breakfast__0001_DSC03107.jpg 1920w\" sizes=\"(max-width: 300px) 100vw, 300px\" \/><\/div><div class=\"uael-grid-img-overlay\"><img decoding=\"async\" class=\"uael-overlay-img\" src=\"https:\/\/www.waidringerhof.com\/wp-content\/uploads\/2024\/07\/logo-icon-white.png\" alt=\"logo-icon-white\"><\/div><\/a><\/div><\/div><div class=\"uael-grid-item  uael-img-gallery-item-1\"><div class=\"uael-grid-item-content\"><a class=\"uael-grid-img uael-grid-gallery-img uael-ins-hover elementor-clickable\" data-fancybox=\"uael-gallery\" href=\"https:\/\/www.waidringerhof.com\/wp-content\/uploads\/2024\/11\/breakfast__0002_DSC03026.jpg\" data-elementor-open-lightbox=\"no\"><div class=\"uael-grid-img-thumbnail uael-ins-target\"><img decoding=\"async\" width=\"300\" height=\"169\" src=\"https:\/\/www.waidringerhof.com\/wp-content\/uploads\/2024\/11\/breakfast__0002_DSC03026-300x169.jpg\" class=\"attachment-medium size-medium wp-image-26501\" alt=\"\" srcset=\"https:\/\/www.waidringerhof.com\/wp-content\/uploads\/2024\/11\/breakfast__0002_DSC03026-300x169.jpg 300w, https:\/\/www.waidringerhof.com\/wp-content\/uploads\/2024\/11\/breakfast__0002_DSC03026-1024x576.jpg 1024w, https:\/\/www.waidringerhof.com\/wp-content\/uploads\/2024\/11\/breakfast__0002_DSC03026-768x432.jpg 768w, https:\/\/www.waidringerhof.com\/wp-content\/uploads\/2024\/11\/breakfast__0002_DSC03026-1536x864.jpg 1536w, https:\/\/www.waidringerhof.com\/wp-content\/uploads\/2024\/11\/breakfast__0002_DSC03026.jpg 1920w\" sizes=\"(max-width: 300px) 100vw, 300px\" \/><\/div><div class=\"uael-grid-img-overlay\"><img decoding=\"async\" class=\"uael-overlay-img\" src=\"https:\/\/www.waidringerhof.com\/wp-content\/uploads\/2024\/07\/logo-icon-white.png\" alt=\"logo-icon-white\"><\/div><\/a><\/div><\/div><\/div><\/div>\t\t\t\t<\/div>\n\t\t\t\t<\/div>\n\t\t\t\t<\/div>\n\t\t\t\t<\/div>\n\t\t\t\t\t<\/div>\n\t\t\t\t<\/div>\n\t\t<div class=\"elementor-element elementor-element-8d1cc1f e-flex e-con-boxed e-con e-parent\" data-id=\"8d1cc1f\" data-element_type=\"container\" data-e-type=\"container\" data-settings=\"{&quot;background_background&quot;:&quot;classic&quot;}\">\n\t\t\t\t\t<div class=\"e-con-inner\">\n\t\t\t\t<div class=\"elementor-element elementor-element-0f6be22 elementor-nav-menu__align-justify elementor-nav-menu--dropdown-none submenu_waidring elementor-widget elementor-widget-nav-menu\" data-id=\"0f6be22\" data-element_type=\"widget\" data-e-type=\"widget\" data-settings=\"{&quot;submenu_icon&quot;:{&quot;value&quot;:&quot;&lt;i class=\\&quot;\\&quot; aria-hidden=\\&quot;true\\&quot;&gt;&lt;\\\/i&gt;&quot;,&quot;library&quot;:&quot;&quot;},&quot;layout&quot;:&quot;horizontal&quot;}\" data-widget_type=\"nav-menu.default\">\n\t\t\t\t<div class=\"elementor-widget-container\">\n\t\t\t\t\t\t\t\t<nav aria-label=\"Men\u00fc\" class=\"elementor-nav-menu--main elementor-nav-menu__container elementor-nav-menu--layout-horizontal e--pointer-none\">\n\t\t\t\t<ul id=\"menu-1-0f6be22\" class=\"elementor-nav-menu\"><li class=\"menu-item menu-item-type-post_type menu-item-object-page menu-item-27922\"><a href=\"https:\/\/www.waidringerhof.com\/es\/kulinarik\/\" class=\"elementor-item menu-link\">Delicias culinarias<\/a><\/li>\n<li class=\"menu-item menu-item-type-post_type menu-item-object-page menu-item-27923\"><a href=\"https:\/\/www.waidringerhof.com\/es\/fruehstueck\/\" class=\"elementor-item menu-link\">Desayuno<\/a><\/li>\n<li class=\"menu-item menu-item-type-post_type menu-item-object-page menu-item-27924\"><a href=\"https:\/\/www.waidringerhof.com\/es\/restaurant-bar\/\" class=\"elementor-item menu-link\">Restaurante y Bar<\/a><\/li>\n<\/ul>\t\t\t<\/nav>\n\t\t\t\t\t\t<nav class=\"elementor-nav-menu--dropdown elementor-nav-menu__container\" aria-hidden=\"true\">\n\t\t\t\t<ul id=\"menu-2-0f6be22\" class=\"elementor-nav-menu\"><li class=\"menu-item menu-item-type-post_type menu-item-object-page menu-item-27922\"><a href=\"https:\/\/www.waidringerhof.com\/es\/kulinarik\/\" class=\"elementor-item menu-link\" tabindex=\"-1\">Delicias culinarias<\/a><\/li>\n<li class=\"menu-item menu-item-type-post_type menu-item-object-page menu-item-27923\"><a href=\"https:\/\/www.waidringerhof.com\/es\/fruehstueck\/\" class=\"elementor-item menu-link\" tabindex=\"-1\">Desayuno<\/a><\/li>\n<li class=\"menu-item menu-item-type-post_type menu-item-object-page menu-item-27924\"><a href=\"https:\/\/www.waidringerhof.com\/es\/restaurant-bar\/\" class=\"elementor-item menu-link\" tabindex=\"-1\">Restaurante y Bar<\/a><\/li>\n<\/ul>\t\t\t<\/nav>\n\t\t\t\t\t\t<\/div>\n\t\t\t\t<\/div>\n\t\t\t\t\t<\/div>\n\t\t\t\t<\/div>\n\t\t\t\t<\/div>\n\t\t","protected":false},"excerpt":{"rendered":"<p>F\u00e1brica de desayunos para empezar bien el d\u00eda Nuestro desayuno buffet te mima con una selecci\u00f3n de especialidades frescas, regionales y de temporada, desde yogur y muesli hasta zumos reci\u00e9n exprimidos. Los amantes del t\u00e9 pueden disfrutar de t\u00e9 ecol\u00f3gico de alta calidad. En nuestra estaci\u00f3n de cocina en vivo, nuestro chef de cocina prepara [&hellip;]<\/p>\n","protected":false},"author":9,"featured_media":0,"parent":0,"menu_order":0,"comment_status":"closed","ping_status":"closed","template":"elementor_header_footer","meta":{"_acf_changed":false,"site-sidebar-layout":"no-sidebar","site-content-layout":"plain-container","ast-site-content-layout":"normal-width-container","site-content-style":"unboxed","site-sidebar-style":"unboxed","ast-global-header-display":"","ast-banner-title-visibility":"","ast-main-header-display":"","ast-hfb-above-header-display":"","ast-hfb-below-header-display":"","ast-hfb-mobile-header-display":"","site-post-title":"disabled","ast-breadcrumbs-content":"","ast-featured-img":"disabled","footer-sml-layout":"","ast-disable-related-posts":"","theme-transparent-header-meta":"","adv-header-id-meta":"","stick-header-meta":"","header-above-stick-meta":"","header-main-stick-meta":"","header-below-stick-meta":"","astra-migrate-meta-layouts":"set","ast-page-background-enabled":"default","ast-page-background-meta":{"desktop":{"background-color":"var(--ast-global-color-4)","background-image":"","background-repeat":"repeat","background-position":"center center","background-size":"auto","background-attachment":"scroll","background-type":"","background-media":"","overlay-type":"","overlay-color":"","overlay-opacity":"","overlay-gradient":""},"tablet":{"background-color":"","background-image":"","background-repeat":"repeat","background-position":"center center","background-size":"auto","background-attachment":"scroll","background-type":"","background-media":"","overlay-type":"","overlay-color":"","overlay-opacity":"","overlay-gradient":""},"mobile":{"background-color":"","background-image":"","background-repeat":"repeat","background-position":"center center","background-size":"auto","background-attachment":"scroll","background-type":"","background-media":"","overlay-type":"","overlay-color":"","overlay-opacity":"","overlay-gradient":""}},"ast-content-background-meta":{"desktop":{"background-color":"var(--ast-global-color-5)","background-image":"","background-repeat":"repeat","background-position":"center center","background-size":"auto","background-attachment":"scroll","background-type":"","background-media":"","overlay-type":"","overlay-color":"","overlay-opacity":"","overlay-gradient":""},"tablet":{"background-color":"var(--ast-global-color-5)","background-image":"","background-repeat":"repeat","background-position":"center center","background-size":"auto","background-attachment":"scroll","background-type":"","background-media":"","overlay-type":"","overlay-color":"","overlay-opacity":"","overlay-gradient":""},"mobile":{"background-color":"var(--ast-global-color-5)","background-image":"","background-repeat":"repeat","background-position":"center center","background-size":"auto","background-attachment":"scroll","background-type":"","background-media":"","overlay-type":"","overlay-color":"","overlay-opacity":"","overlay-gradient":""}},"footnotes":""},"class_list":["post-26022","page","type-page","status-publish","hentry"],"acf":{"js_im_header_seekda_offer":"","js_im_footer_conversion":""},"yoast_head":"<!-- This site is optimized with the Yoast SEO plugin v27.2 - https:\/\/yoast.com\/product\/yoast-seo-wordpress\/ -->\n<title>Desayuno - Waidringerhof<\/title>\n<meta name=\"robots\" content=\"index, follow, max-snippet:-1, max-image-preview:large, max-video-preview:-1\" \/>\n<link rel=\"canonical\" href=\"https:\/\/www.waidringerhof.com\/fruehstueck\/\" \/>\n<meta property=\"og:locale\" content=\"es_ES\" \/>\n<meta property=\"og:type\" content=\"article\" \/>\n<meta property=\"og:title\" content=\"Desayuno - Waidringerhof\" \/>\n<meta property=\"og:description\" content=\"F\u00e1brica de desayunos para empezar bien el d\u00eda Nuestro desayuno buffet te mima con una selecci\u00f3n de especialidades frescas, regionales y de temporada, desde yogur y muesli hasta zumos reci\u00e9n exprimidos. Los amantes del t\u00e9 pueden disfrutar de t\u00e9 ecol\u00f3gico de alta calidad. En nuestra estaci\u00f3n de cocina en vivo, nuestro chef de cocina prepara [&hellip;]\" \/>\n<meta property=\"og:url\" content=\"https:\/\/www.waidringerhof.com\/fruehstueck\/\" \/>\n<meta property=\"og:site_name\" content=\"Waidringerhof\" \/>\n<meta property=\"article:publisher\" content=\"https:\/\/www.facebook.com\/glueckshotel.tirol\" \/>\n<meta property=\"og:image\" content=\"https:\/\/dev.waidringerhof.com\/wp-content\/uploads\/2024\/11\/breakfast__0001_DSC03107-300x169.jpg\" \/>\n<meta name=\"twitter:card\" content=\"summary_large_image\" \/>\n<script type=\"application\/ld+json\" class=\"yoast-schema-graph\">{\"@context\":\"https:\/\/schema.org\",\"@graph\":[{\"@type\":\"WebPage\",\"@id\":\"https:\/\/www.waidringerhof.com\/fruehstueck\/\",\"url\":\"https:\/\/www.waidringerhof.com\/fruehstueck\/\",\"name\":\"Desayuno - Waidringerhof\",\"isPartOf\":{\"@id\":\"https:\/\/www.waidringerhof.com\/es\/#website\"},\"primaryImageOfPage\":{\"@id\":\"https:\/\/www.waidringerhof.com\/fruehstueck\/#primaryimage\"},\"image\":{\"@id\":\"https:\/\/www.waidringerhof.com\/fruehstueck\/#primaryimage\"},\"thumbnailUrl\":\"https:\/\/dev.waidringerhof.com\/wp-content\/uploads\/2024\/11\/breakfast__0001_DSC03107-300x169.jpg\",\"datePublished\":\"2025-05-16T13:00:57+00:00\",\"breadcrumb\":{\"@id\":\"https:\/\/www.waidringerhof.com\/fruehstueck\/#breadcrumb\"},\"inLanguage\":\"es\",\"potentialAction\":[{\"@type\":\"ReadAction\",\"target\":[\"https:\/\/www.waidringerhof.com\/fruehstueck\/\"]}]},{\"@type\":\"ImageObject\",\"inLanguage\":\"es\",\"@id\":\"https:\/\/www.waidringerhof.com\/fruehstueck\/#primaryimage\",\"url\":\"https:\/\/dev.waidringerhof.com\/wp-content\/uploads\/2024\/11\/breakfast__0001_DSC03107-300x169.jpg\",\"contentUrl\":\"https:\/\/dev.waidringerhof.com\/wp-content\/uploads\/2024\/11\/breakfast__0001_DSC03107-300x169.jpg\"},{\"@type\":\"BreadcrumbList\",\"@id\":\"https:\/\/www.waidringerhof.com\/fruehstueck\/#breadcrumb\",\"itemListElement\":[{\"@type\":\"ListItem\",\"position\":1,\"name\":\"Startseite\",\"item\":\"https:\/\/www.waidringerhof.com\/es\/\"},{\"@type\":\"ListItem\",\"position\":2,\"name\":\"Desayuno\"}]},{\"@type\":\"WebSite\",\"@id\":\"https:\/\/www.waidringerhof.com\/es\/#website\",\"url\":\"https:\/\/www.waidringerhof.com\/es\/\",\"name\":\"Waidringerhof 4-Sterne-Superior\",\"description\":\"Willkommen im 1. Tiroler Gl\u00fcckshotel\",\"publisher\":{\"@id\":\"https:\/\/www.waidringerhof.com\/es\/#organization\"},\"potentialAction\":[{\"@type\":\"SearchAction\",\"target\":{\"@type\":\"EntryPoint\",\"urlTemplate\":\"https:\/\/www.waidringerhof.com\/es\/?s={search_term_string}\"},\"query-input\":{\"@type\":\"PropertyValueSpecification\",\"valueRequired\":true,\"valueName\":\"search_term_string\"}}],\"inLanguage\":\"es\"},{\"@type\":\"Organization\",\"@id\":\"https:\/\/www.waidringerhof.com\/es\/#organization\",\"name\":\"Waidringerhof 4-Sterne-Superior\",\"url\":\"https:\/\/www.waidringerhof.com\/es\/\",\"logo\":{\"@type\":\"ImageObject\",\"inLanguage\":\"es\",\"@id\":\"https:\/\/www.waidringerhof.com\/es\/#\/schema\/logo\/image\/\",\"url\":\"https:\/\/www.waidringerhof.com\/wp-content\/uploads\/2023\/08\/Logo_Waidringer_Hof.svg\",\"contentUrl\":\"https:\/\/www.waidringerhof.com\/wp-content\/uploads\/2023\/08\/Logo_Waidringer_Hof.svg\",\"width\":410,\"height\":410,\"caption\":\"Waidringerhof 4-Sterne-Superior\"},\"image\":{\"@id\":\"https:\/\/www.waidringerhof.com\/es\/#\/schema\/logo\/image\/\"},\"sameAs\":[\"https:\/\/www.facebook.com\/glueckshotel.tirol\"]}]}<\/script>\n<!-- \/ Yoast SEO plugin. -->","yoast_head_json":{"title":"Desayuno - Waidringerhof","robots":{"index":"index","follow":"follow","max-snippet":"max-snippet:-1","max-image-preview":"max-image-preview:large","max-video-preview":"max-video-preview:-1"},"canonical":"https:\/\/www.waidringerhof.com\/fruehstueck\/","og_locale":"es_ES","og_type":"article","og_title":"Desayuno - Waidringerhof","og_description":"F\u00e1brica de desayunos para empezar bien el d\u00eda Nuestro desayuno buffet te mima con una selecci\u00f3n de especialidades frescas, regionales y de temporada, desde yogur y muesli hasta zumos reci\u00e9n exprimidos. Los amantes del t\u00e9 pueden disfrutar de t\u00e9 ecol\u00f3gico de alta calidad. En nuestra estaci\u00f3n de cocina en vivo, nuestro chef de cocina prepara [&hellip;]","og_url":"https:\/\/www.waidringerhof.com\/fruehstueck\/","og_site_name":"Waidringerhof","article_publisher":"https:\/\/www.facebook.com\/glueckshotel.tirol","og_image":[{"url":"https:\/\/dev.waidringerhof.com\/wp-content\/uploads\/2024\/11\/breakfast__0001_DSC03107-300x169.jpg","type":"","width":"","height":""}],"twitter_card":"summary_large_image","schema":{"@context":"https:\/\/schema.org","@graph":[{"@type":"WebPage","@id":"https:\/\/www.waidringerhof.com\/fruehstueck\/","url":"https:\/\/www.waidringerhof.com\/fruehstueck\/","name":"Desayuno - Waidringerhof","isPartOf":{"@id":"https:\/\/www.waidringerhof.com\/es\/#website"},"primaryImageOfPage":{"@id":"https:\/\/www.waidringerhof.com\/fruehstueck\/#primaryimage"},"image":{"@id":"https:\/\/www.waidringerhof.com\/fruehstueck\/#primaryimage"},"thumbnailUrl":"https:\/\/dev.waidringerhof.com\/wp-content\/uploads\/2024\/11\/breakfast__0001_DSC03107-300x169.jpg","datePublished":"2025-05-16T13:00:57+00:00","breadcrumb":{"@id":"https:\/\/www.waidringerhof.com\/fruehstueck\/#breadcrumb"},"inLanguage":"es","potentialAction":[{"@type":"ReadAction","target":["https:\/\/www.waidringerhof.com\/fruehstueck\/"]}]},{"@type":"ImageObject","inLanguage":"es","@id":"https:\/\/www.waidringerhof.com\/fruehstueck\/#primaryimage","url":"https:\/\/dev.waidringerhof.com\/wp-content\/uploads\/2024\/11\/breakfast__0001_DSC03107-300x169.jpg","contentUrl":"https:\/\/dev.waidringerhof.com\/wp-content\/uploads\/2024\/11\/breakfast__0001_DSC03107-300x169.jpg"},{"@type":"BreadcrumbList","@id":"https:\/\/www.waidringerhof.com\/fruehstueck\/#breadcrumb","itemListElement":[{"@type":"ListItem","position":1,"name":"Startseite","item":"https:\/\/www.waidringerhof.com\/es\/"},{"@type":"ListItem","position":2,"name":"Desayuno"}]},{"@type":"WebSite","@id":"https:\/\/www.waidringerhof.com\/es\/#website","url":"https:\/\/www.waidringerhof.com\/es\/","name":"Waidringerhof 4-Sterne-Superior","description":"Willkommen im 1. Tiroler Gl\u00fcckshotel","publisher":{"@id":"https:\/\/www.waidringerhof.com\/es\/#organization"},"potentialAction":[{"@type":"SearchAction","target":{"@type":"EntryPoint","urlTemplate":"https:\/\/www.waidringerhof.com\/es\/?s={search_term_string}"},"query-input":{"@type":"PropertyValueSpecification","valueRequired":true,"valueName":"search_term_string"}}],"inLanguage":"es"},{"@type":"Organization","@id":"https:\/\/www.waidringerhof.com\/es\/#organization","name":"Waidringerhof 4-Sterne-Superior","url":"https:\/\/www.waidringerhof.com\/es\/","logo":{"@type":"ImageObject","inLanguage":"es","@id":"https:\/\/www.waidringerhof.com\/es\/#\/schema\/logo\/image\/","url":"https:\/\/www.waidringerhof.com\/wp-content\/uploads\/2023\/08\/Logo_Waidringer_Hof.svg","contentUrl":"https:\/\/www.waidringerhof.com\/wp-content\/uploads\/2023\/08\/Logo_Waidringer_Hof.svg","width":410,"height":410,"caption":"Waidringerhof 4-Sterne-Superior"},"image":{"@id":"https:\/\/www.waidringerhof.com\/es\/#\/schema\/logo\/image\/"},"sameAs":["https:\/\/www.facebook.com\/glueckshotel.tirol"]}]}},"_links":{"self":[{"href":"https:\/\/www.waidringerhof.com\/es\/wp-json\/wp\/v2\/pages\/26022","targetHints":{"allow":["GET"]}}],"collection":[{"href":"https:\/\/www.waidringerhof.com\/es\/wp-json\/wp\/v2\/pages"}],"about":[{"href":"https:\/\/www.waidringerhof.com\/es\/wp-json\/wp\/v2\/types\/page"}],"author":[{"embeddable":true,"href":"https:\/\/www.waidringerhof.com\/es\/wp-json\/wp\/v2\/users\/9"}],"replies":[{"embeddable":true,"href":"https:\/\/www.waidringerhof.com\/es\/wp-json\/wp\/v2\/comments?post=26022"}],"version-history":[{"count":6,"href":"https:\/\/www.waidringerhof.com\/es\/wp-json\/wp\/v2\/pages\/26022\/revisions"}],"predecessor-version":[{"id":27745,"href":"https:\/\/www.waidringerhof.com\/es\/wp-json\/wp\/v2\/pages\/26022\/revisions\/27745"}],"wp:attachment":[{"href":"https:\/\/www.waidringerhof.com\/es\/wp-json\/wp\/v2\/media?parent=26022"}],"curies":[{"name":"wp","href":"https:\/\/api.w.org\/{rel}","templated":true}]}}