{"id":19481,"date":"2025-01-20T05:52:03","date_gmt":"2025-01-20T04:52:03","guid":{"rendered":"https:\/\/www.waidringerhof.com\/home-3\/"},"modified":"2016-01-20T05:52:03","modified_gmt":"2016-01-20T04:52:03","slug":"home-3","status":"publish","type":"page","link":"https:\/\/www.waidringerhof.com\/es\/home-3\/","title":{"rendered":"Home"},"content":{"rendered":"<p>[vc_row][vc_column animate=\u00bbtrue\u00bb][nz_revents posts_number=\u00bb3&#8243;][vc_row_inner css=\u00bb.vc_custom_1494927463340{margin-top: 30px !important;}\u00bb][vc_column_inner width=\u00bb2\/3&#8243;][nz_sep][nz_gap height=\u00bb10&#8243;][vc_custom_heading text=\u00bbBienvenido al Hotel Waidringer Hof 4* SUP\u00bb font_container=\u00bbtag:h1|font_size:36px|text_align:left|line_height:46px\u00bb use_theme_fonts=\u00bbyes\u00bb][vc_custom_heading text=\u00bbUn Hotel familiar que mantiene viva la esencia y tradici\u00f3n del Tirol, bajo la direcci\u00f3n de una compa\u00f1\u00eda espa\u00f1ola\u00bb font_container=\u00bbtag:h2|font_size:24px|text_align:left|line_height:46px\u00bb use_theme_fonts=\u00bbyes\u00bb][nz_gap height=\u00bb30&#8243;][nz_sep color=\u00bb#acb97c\u00bb top=\u00bb0&#8243; bottom=\u00bb0&#8243; width=\u00bb200&#8243; height=\u00bb1&#8243;][nz_gap height=\u00bb20&#8243;][vc_column_text pb=\u00bb30&#8243;]<\/p>\n<p style=\"text-align: justify;\">Nuestro hotel, de cuatro estrellas superior, est\u00e1 situado en el coraz\u00f3n de los Alpes de Kitzb\u00fchel, Waidring, en el que hemos creado una perfecta sinton\u00eda entre naturaleza y lujo que permite a los clientes encontrar los espacios de confort necesarios.<\/p>\n<p>[\/vc_column_text][vc_column_text]<\/p>\n<p style=\"text-align: justify;\">En cualquier estaci\u00f3n del a\u00f1o podr\u00e1 disfrutar del impresionante paisaje de Waidring, pudiendo combinar actividades de ocio al aire libre, que junto con nuestra oferta de bienestar y nuestra cocina tradicional, van a garantizar una estancia inolvidable.<\/p>\n<p>[\/vc_column_text][\/vc_column_inner][vc_column_inner width=\u00bb1\/3&#8243;][nz_sep][nz_anfrage an_zimmerblock=\u00bbkinderzimmer\u00bb an_amountroom=\u00bb6&#8243; an_amountadult=\u00bb10&#8243; an_amountchild=\u00bb3&#8243; an_type=\u00bb\u00bb an_startdatum=\u00bb\u00bb an_enddatum=\u00bb\u00bb][\/vc_column_inner][\/vc_row_inner][\/vc_column][\/vc_row]<\/p>\n","protected":false},"excerpt":{"rendered":"<p>[vc_row][vc_column animate=\u00bbtrue\u00bb][nz_revents posts_number=\u00bb3&#8243;][vc_row_inner css=\u00bb.vc_custom_1494927463340{margin-top: 30px !important;}\u00bb][vc_column_inner width=\u00bb2\/3&#8243;][nz_sep][nz_gap height=\u00bb10&#8243;][vc_custom_heading text=\u00bbBienvenido al Hotel Waidringer Hof 4* SUP\u00bb font_container=\u00bbtag:h1|font_size:36px|text_align:left|line_height:46px\u00bb use_theme_fonts=\u00bbyes\u00bb][vc_custom_heading text=\u00bbUn Hotel familiar que mantiene viva la esencia y tradici\u00f3n del Tirol, bajo la direcci\u00f3n de una compa\u00f1\u00eda espa\u00f1ola\u00bb font_container=\u00bbtag:h2|font_size:24px|text_align:left|line_height:46px\u00bb use_theme_fonts=\u00bbyes\u00bb][nz_gap height=\u00bb30&#8243;][nz_sep color=\u00bb#acb97c\u00bb top=\u00bb0&#8243; bottom=\u00bb0&#8243; width=\u00bb200&#8243; height=\u00bb1&#8243;][nz_gap height=\u00bb20&#8243;][vc_column_text pb=\u00bb30&#8243;] Nuestro hotel, de cuatro estrellas superior, est\u00e1 situado en [&hellip;]<\/p>\n","protected":false},"author":3,"featured_media":19484,"parent":0,"menu_order":0,"comment_status":"closed","ping_status":"closed","template":"elementor_theme","meta":{"_acf_changed":false,"site-sidebar-layout":"no-sidebar","site-content-layout":"plain-container","ast-site-content-layout":"default","site-content-style":"default","site-sidebar-style":"default","ast-global-header-display":"","ast-banner-title-visibility":"","ast-main-header-display":"","ast-hfb-above-header-display":"","ast-hfb-below-header-display":"","ast-hfb-mobile-header-display":"","site-post-title":"disabled","ast-breadcrumbs-content":"","ast-featured-img":"disabled","footer-sml-layout":"","ast-disable-related-posts":"","theme-transparent-header-meta":"default","adv-header-id-meta":"","stick-header-meta":"","header-above-stick-meta":"","header-main-stick-meta":"","header-below-stick-meta":"","astra-migrate-meta-layouts":"default","ast-page-background-enabled":"default","ast-page-background-meta":{"desktop":{"background-color":"var(--ast-global-color-4)","background-image":"","background-repeat":"repeat","background-position":"center center","background-size":"auto","background-attachment":"scroll","background-type":"","background-media":"","overlay-type":"","overlay-color":"","overlay-opacity":"","overlay-gradient":""},"tablet":{"background-color":"","background-image":"","background-repeat":"repeat","background-position":"center center","background-size":"auto","background-attachment":"scroll","background-type":"","background-media":"","overlay-type":"","overlay-color":"","overlay-opacity":"","overlay-gradient":""},"mobile":{"background-color":"","background-image":"","background-repeat":"repeat","background-position":"center center","background-size":"auto","background-attachment":"scroll","background-type":"","background-media":"","overlay-type":"","overlay-color":"","overlay-opacity":"","overlay-gradient":""}},"ast-content-background-meta":{"desktop":{"background-color":"var(--ast-global-color-5)","background-image":"","background-repeat":"repeat","background-position":"center center","background-size":"auto","background-attachment":"scroll","background-type":"","background-media":"","overlay-type":"","overlay-color":"","overlay-opacity":"","overlay-gradient":""},"tablet":{"background-color":"var(--ast-global-color-5)","background-image":"","background-repeat":"repeat","background-position":"center center","background-size":"auto","background-attachment":"scroll","background-type":"","background-media":"","overlay-type":"","overlay-color":"","overlay-opacity":"","overlay-gradient":""},"mobile":{"background-color":"var(--ast-global-color-5)","background-image":"","background-repeat":"repeat","background-position":"center center","background-size":"auto","background-attachment":"scroll","background-type":"","background-media":"","overlay-type":"","overlay-color":"","overlay-opacity":"","overlay-gradient":""}},"footnotes":""},"class_list":["post-19481","page","type-page","status-publish","has-post-thumbnail","hentry"],"acf":{"js_im_header_seekda_offer":"","js_im_footer_conversion":""},"yoast_head":"<!-- This site is optimized with the Yoast SEO plugin v27.2 - https:\/\/yoast.com\/product\/yoast-seo-wordpress\/ -->\n<title>Waidringer Hof Hotel 4* SUP en Waidring - Tirol<\/title>\n<meta name=\"description\" content=\"El Hotel Waidringer Hof se encuentra en pleno coraz\u00f3n del Tirol en Waidring, en los Alpes de Kitzb\u00fchel, siendo el primer y \u00fanico hotel de 4 ESTRELLAS SUPERIOR en el \u00e1rea de PillerseeTal, a solo unos metros de la zona de senderismo y ski de Steinplatte.\" \/>\n<meta name=\"robots\" content=\"index, follow, max-snippet:-1, max-image-preview:large, max-video-preview:-1\" \/>\n<link rel=\"canonical\" href=\"https:\/\/www.waidringerhof.com\/es\/home-3\/\" \/>\n<meta property=\"og:locale\" content=\"es_ES\" \/>\n<meta property=\"og:type\" content=\"article\" \/>\n<meta property=\"og:title\" content=\"Waidringer Hof Hotel 4* SUP en Waidring - Tirol\" \/>\n<meta property=\"og:description\" content=\"El Hotel Waidringer Hof se encuentra en pleno coraz\u00f3n del Tirol en Waidring, en los Alpes de Kitzb\u00fchel, siendo el primer y \u00fanico hotel de 4 ESTRELLAS SUPERIOR en el \u00e1rea de PillerseeTal, a solo unos metros de la zona de senderismo y ski de Steinplatte.\" \/>\n<meta property=\"og:url\" content=\"https:\/\/www.waidringerhof.com\/es\/home-3\/\" \/>\n<meta property=\"og:site_name\" content=\"Waidringerhof\" \/>\n<meta property=\"article:publisher\" content=\"https:\/\/www.facebook.com\/glueckshotel.tirol\" \/>\n<meta property=\"og:image\" content=\"https:\/\/www.waidringerhof.com\/wp-content\/uploads\/2017\/11\/Hoteleingang.jpg\" \/>\n\t<meta property=\"og:image:width\" content=\"1024\" \/>\n\t<meta property=\"og:image:height\" content=\"1536\" \/>\n\t<meta property=\"og:image:type\" content=\"image\/jpeg\" \/>\n<meta name=\"twitter:card\" content=\"summary_large_image\" \/>\n<meta name=\"twitter:label1\" content=\"Tiempo de lectura\" \/>\n\t<meta name=\"twitter:data1\" content=\"1 minuto\" \/>\n<script type=\"application\/ld+json\" class=\"yoast-schema-graph\">{\"@context\":\"https:\/\/schema.org\",\"@graph\":[{\"@type\":\"WebPage\",\"@id\":\"https:\/\/www.waidringerhof.com\/es\/home-3\/\",\"url\":\"https:\/\/www.waidringerhof.com\/es\/home-3\/\",\"name\":\"Waidringer Hof Hotel 4* SUP en Waidring - Tirol\",\"isPartOf\":{\"@id\":\"https:\/\/www.waidringerhof.com\/es\/#website\"},\"primaryImageOfPage\":{\"@id\":\"https:\/\/www.waidringerhof.com\/es\/home-3\/#primaryimage\"},\"image\":{\"@id\":\"https:\/\/www.waidringerhof.com\/es\/home-3\/#primaryimage\"},\"thumbnailUrl\":\"https:\/\/www.waidringerhof.com\/wp-content\/uploads\/2017\/11\/Hoteleingang.jpg\",\"datePublished\":\"2025-01-20T04:52:03+00:00\",\"description\":\"El Hotel Waidringer Hof se encuentra en pleno coraz\u00f3n del Tirol en Waidring, en los Alpes de Kitzb\u00fchel, siendo el primer y \u00fanico hotel de 4 ESTRELLAS SUPERIOR en el \u00e1rea de PillerseeTal, a solo unos metros de la zona de senderismo y ski de Steinplatte.\",\"breadcrumb\":{\"@id\":\"https:\/\/www.waidringerhof.com\/es\/home-3\/#breadcrumb\"},\"inLanguage\":\"es\",\"potentialAction\":[{\"@type\":\"ReadAction\",\"target\":[\"https:\/\/www.waidringerhof.com\/es\/home-3\/\"]}]},{\"@type\":\"ImageObject\",\"inLanguage\":\"es\",\"@id\":\"https:\/\/www.waidringerhof.com\/es\/home-3\/#primaryimage\",\"url\":\"https:\/\/www.waidringerhof.com\/wp-content\/uploads\/2017\/11\/Hoteleingang.jpg\",\"contentUrl\":\"https:\/\/www.waidringerhof.com\/wp-content\/uploads\/2017\/11\/Hoteleingang.jpg\",\"width\":1024,\"height\":1536},{\"@type\":\"BreadcrumbList\",\"@id\":\"https:\/\/www.waidringerhof.com\/es\/home-3\/#breadcrumb\",\"itemListElement\":[{\"@type\":\"ListItem\",\"position\":1,\"name\":\"Startseite\",\"item\":\"https:\/\/www.waidringerhof.com\/es\/\"},{\"@type\":\"ListItem\",\"position\":2,\"name\":\"Home\"}]},{\"@type\":\"WebSite\",\"@id\":\"https:\/\/www.waidringerhof.com\/es\/#website\",\"url\":\"https:\/\/www.waidringerhof.com\/es\/\",\"name\":\"Waidringerhof 4-Sterne-Superior\",\"description\":\"Willkommen im 1. Tiroler Gl\u00fcckshotel\",\"publisher\":{\"@id\":\"https:\/\/www.waidringerhof.com\/es\/#organization\"},\"potentialAction\":[{\"@type\":\"SearchAction\",\"target\":{\"@type\":\"EntryPoint\",\"urlTemplate\":\"https:\/\/www.waidringerhof.com\/es\/?s={search_term_string}\"},\"query-input\":{\"@type\":\"PropertyValueSpecification\",\"valueRequired\":true,\"valueName\":\"search_term_string\"}}],\"inLanguage\":\"es\"},{\"@type\":\"Organization\",\"@id\":\"https:\/\/www.waidringerhof.com\/es\/#organization\",\"name\":\"Waidringerhof 4-Sterne-Superior\",\"url\":\"https:\/\/www.waidringerhof.com\/es\/\",\"logo\":{\"@type\":\"ImageObject\",\"inLanguage\":\"es\",\"@id\":\"https:\/\/www.waidringerhof.com\/es\/#\/schema\/logo\/image\/\",\"url\":\"https:\/\/www.waidringerhof.com\/wp-content\/uploads\/2023\/08\/Logo_Waidringer_Hof.svg\",\"contentUrl\":\"https:\/\/www.waidringerhof.com\/wp-content\/uploads\/2023\/08\/Logo_Waidringer_Hof.svg\",\"width\":410,\"height\":410,\"caption\":\"Waidringerhof 4-Sterne-Superior\"},\"image\":{\"@id\":\"https:\/\/www.waidringerhof.com\/es\/#\/schema\/logo\/image\/\"},\"sameAs\":[\"https:\/\/www.facebook.com\/glueckshotel.tirol\"]}]}<\/script>\n<!-- \/ Yoast SEO plugin. -->","yoast_head_json":{"title":"Waidringer Hof Hotel 4* SUP en Waidring - Tirol","description":"El Hotel Waidringer Hof se encuentra en pleno coraz\u00f3n del Tirol en Waidring, en los Alpes de Kitzb\u00fchel, siendo el primer y \u00fanico hotel de 4 ESTRELLAS SUPERIOR en el \u00e1rea de PillerseeTal, a solo unos metros de la zona de senderismo y ski de Steinplatte.","robots":{"index":"index","follow":"follow","max-snippet":"max-snippet:-1","max-image-preview":"max-image-preview:large","max-video-preview":"max-video-preview:-1"},"canonical":"https:\/\/www.waidringerhof.com\/es\/home-3\/","og_locale":"es_ES","og_type":"article","og_title":"Waidringer Hof Hotel 4* SUP en Waidring - Tirol","og_description":"El Hotel Waidringer Hof se encuentra en pleno coraz\u00f3n del Tirol en Waidring, en los Alpes de Kitzb\u00fchel, siendo el primer y \u00fanico hotel de 4 ESTRELLAS SUPERIOR en el \u00e1rea de PillerseeTal, a solo unos metros de la zona de senderismo y ski de Steinplatte.","og_url":"https:\/\/www.waidringerhof.com\/es\/home-3\/","og_site_name":"Waidringerhof","article_publisher":"https:\/\/www.facebook.com\/glueckshotel.tirol","og_image":[{"width":1024,"height":1536,"url":"https:\/\/www.waidringerhof.com\/wp-content\/uploads\/2017\/11\/Hoteleingang.jpg","type":"image\/jpeg"}],"twitter_card":"summary_large_image","twitter_misc":{"Tiempo de lectura":"1 minuto"},"schema":{"@context":"https:\/\/schema.org","@graph":[{"@type":"WebPage","@id":"https:\/\/www.waidringerhof.com\/es\/home-3\/","url":"https:\/\/www.waidringerhof.com\/es\/home-3\/","name":"Waidringer Hof Hotel 4* SUP en Waidring - Tirol","isPartOf":{"@id":"https:\/\/www.waidringerhof.com\/es\/#website"},"primaryImageOfPage":{"@id":"https:\/\/www.waidringerhof.com\/es\/home-3\/#primaryimage"},"image":{"@id":"https:\/\/www.waidringerhof.com\/es\/home-3\/#primaryimage"},"thumbnailUrl":"https:\/\/www.waidringerhof.com\/wp-content\/uploads\/2017\/11\/Hoteleingang.jpg","datePublished":"2025-01-20T04:52:03+00:00","description":"El Hotel Waidringer Hof se encuentra en pleno coraz\u00f3n del Tirol en Waidring, en los Alpes de Kitzb\u00fchel, siendo el primer y \u00fanico hotel de 4 ESTRELLAS SUPERIOR en el \u00e1rea de PillerseeTal, a solo unos metros de la zona de senderismo y ski de Steinplatte.","breadcrumb":{"@id":"https:\/\/www.waidringerhof.com\/es\/home-3\/#breadcrumb"},"inLanguage":"es","potentialAction":[{"@type":"ReadAction","target":["https:\/\/www.waidringerhof.com\/es\/home-3\/"]}]},{"@type":"ImageObject","inLanguage":"es","@id":"https:\/\/www.waidringerhof.com\/es\/home-3\/#primaryimage","url":"https:\/\/www.waidringerhof.com\/wp-content\/uploads\/2017\/11\/Hoteleingang.jpg","contentUrl":"https:\/\/www.waidringerhof.com\/wp-content\/uploads\/2017\/11\/Hoteleingang.jpg","width":1024,"height":1536},{"@type":"BreadcrumbList","@id":"https:\/\/www.waidringerhof.com\/es\/home-3\/#breadcrumb","itemListElement":[{"@type":"ListItem","position":1,"name":"Startseite","item":"https:\/\/www.waidringerhof.com\/es\/"},{"@type":"ListItem","position":2,"name":"Home"}]},{"@type":"WebSite","@id":"https:\/\/www.waidringerhof.com\/es\/#website","url":"https:\/\/www.waidringerhof.com\/es\/","name":"Waidringerhof 4-Sterne-Superior","description":"Willkommen im 1. Tiroler Gl\u00fcckshotel","publisher":{"@id":"https:\/\/www.waidringerhof.com\/es\/#organization"},"potentialAction":[{"@type":"SearchAction","target":{"@type":"EntryPoint","urlTemplate":"https:\/\/www.waidringerhof.com\/es\/?s={search_term_string}"},"query-input":{"@type":"PropertyValueSpecification","valueRequired":true,"valueName":"search_term_string"}}],"inLanguage":"es"},{"@type":"Organization","@id":"https:\/\/www.waidringerhof.com\/es\/#organization","name":"Waidringerhof 4-Sterne-Superior","url":"https:\/\/www.waidringerhof.com\/es\/","logo":{"@type":"ImageObject","inLanguage":"es","@id":"https:\/\/www.waidringerhof.com\/es\/#\/schema\/logo\/image\/","url":"https:\/\/www.waidringerhof.com\/wp-content\/uploads\/2023\/08\/Logo_Waidringer_Hof.svg","contentUrl":"https:\/\/www.waidringerhof.com\/wp-content\/uploads\/2023\/08\/Logo_Waidringer_Hof.svg","width":410,"height":410,"caption":"Waidringerhof 4-Sterne-Superior"},"image":{"@id":"https:\/\/www.waidringerhof.com\/es\/#\/schema\/logo\/image\/"},"sameAs":["https:\/\/www.facebook.com\/glueckshotel.tirol"]}]}},"_links":{"self":[{"href":"https:\/\/www.waidringerhof.com\/es\/wp-json\/wp\/v2\/pages\/19481","targetHints":{"allow":["GET"]}}],"collection":[{"href":"https:\/\/www.waidringerhof.com\/es\/wp-json\/wp\/v2\/pages"}],"about":[{"href":"https:\/\/www.waidringerhof.com\/es\/wp-json\/wp\/v2\/types\/page"}],"author":[{"embeddable":true,"href":"https:\/\/www.waidringerhof.com\/es\/wp-json\/wp\/v2\/users\/3"}],"replies":[{"embeddable":true,"href":"https:\/\/www.waidringerhof.com\/es\/wp-json\/wp\/v2\/comments?post=19481"}],"version-history":[{"count":1,"href":"https:\/\/www.waidringerhof.com\/es\/wp-json\/wp\/v2\/pages\/19481\/revisions"}],"predecessor-version":[{"id":25412,"href":"https:\/\/www.waidringerhof.com\/es\/wp-json\/wp\/v2\/pages\/19481\/revisions\/25412"}],"wp:featuredmedia":[{"embeddable":true,"href":"https:\/\/www.waidringerhof.com\/es\/wp-json\/wp\/v2\/media\/19484"}],"wp:attachment":[{"href":"https:\/\/www.waidringerhof.com\/es\/wp-json\/wp\/v2\/media?parent=19481"}],"curies":[{"name":"wp","href":"https:\/\/api.w.org\/{rel}","templated":true}]}}