{"id":17567,"date":"2025-06-28T19:09:12","date_gmt":"2025-06-28T17:09:12","guid":{"rendered":"https:\/\/www.waidringerhof.com\/ven-a-conocernos\/habitaciones-suites\/"},"modified":"2025-03-17T18:57:36","modified_gmt":"2025-03-17T17:57:36","slug":"angebote","status":"publish","type":"page","link":"https:\/\/www.waidringerhof.com\/es\/angebote\/","title":{"rendered":"Ofertas"},"content":{"rendered":"\t\t<div data-elementor-type=\"wp-page\" data-elementor-id=\"17567\" class=\"elementor elementor-17567 elementor-17565\" data-elementor-post-type=\"page\">\n\t\t\t\t<div class=\"elementor-element elementor-element-e31242b e-flex e-con-boxed e-con e-parent\" data-id=\"e31242b\" data-element_type=\"container\" data-e-type=\"container\">\n\t\t\t\t\t<div class=\"e-con-inner\">\n\t\t\t\t<div class=\"elementor-element elementor-element-442527f elementor-widget elementor-widget-html\" data-id=\"442527f\" data-element_type=\"widget\" data-e-type=\"widget\" data-widget_type=\"html.default\">\n\t\t\t\t<div class=\"elementor-widget-container\">\n\t\t\t\t\t<script>\n!function(t,e,n,s){t[\"kbe-widgets\"]=s,t[s]=t[s]||new Proxy({q:[]},{get:(e,n)=&gt;n in e?e[n]:function(e){t[s].q.push([n,e])>;const o=e.createElement(n),r=e.getElementsByTagName(n)[0];o.id=s,o.src=\"https:\/\/widget-bf.seekda.com\/loader.js\",o.async=1,r.parentNode.insertBefore(o,r)}(window,document,\"script\",\"__KBE\");\n\n__KBE.settings({\n    \"propertyCode\": \"S003748\",\n    \"language\": \"DE\",\n    \"id\": \"BOOKINGWIDGET\"\n});\n __KBE.searchbar({\"showCurrencySelector\":false,\"showLanguageSelector\":false,\"isConnected\":false,\"id\":\"BOOKINGWIDGET\"});\n__KBE.rates({\n    \"id\": \"BOOKINGWIDGET\"\n});\n__KBE.offers({\n    \"id\": \"BOOKINGWIDGET\",\n    \"layout\": 2,\n    \"showTeaser\": true,\n    \"numberOfOffers\": 8\n});\n<\/script>\n\n<div data-kbe-offers=\"BOOKINGWIDGET\"><\/div>\t\t\t\t<\/div>\n\t\t\t\t<\/div>\n\t\t\t\t\t<\/div>\n\t\t\t\t<\/div>\n\t\t\t\t<\/div>\n\t\t","protected":false},"excerpt":{"rendered":"","protected":false},"author":3,"featured_media":0,"parent":0,"menu_order":0,"comment_status":"closed","ping_status":"closed","template":"elementor_header_footer","meta":{"_acf_changed":false,"site-sidebar-layout":"no-sidebar","site-content-layout":"plain-container","ast-site-content-layout":"normal-width-container","site-content-style":"unboxed","site-sidebar-style":"unboxed","ast-global-header-display":"","ast-banner-title-visibility":"","ast-main-header-display":"","ast-hfb-above-header-display":"","ast-hfb-below-header-display":"","ast-hfb-mobile-header-display":"","site-post-title":"disabled","ast-breadcrumbs-content":"","ast-featured-img":"disabled","footer-sml-layout":"","ast-disable-related-posts":"","theme-transparent-header-meta":"","adv-header-id-meta":"","stick-header-meta":"","header-above-stick-meta":"","header-main-stick-meta":"","header-below-stick-meta":"","astra-migrate-meta-layouts":"set","ast-page-background-enabled":"default","ast-page-background-meta":{"desktop":{"background-color":"var(--ast-global-color-4)","background-image":"","background-repeat":"repeat","background-position":"center center","background-size":"auto","background-attachment":"scroll","background-type":"","background-media":"","overlay-type":"","overlay-color":"","overlay-opacity":"","overlay-gradient":""},"tablet":{"background-color":"","background-image":"","background-repeat":"repeat","background-position":"center center","background-size":"auto","background-attachment":"scroll","background-type":"","background-media":"","overlay-type":"","overlay-color":"","overlay-opacity":"","overlay-gradient":""},"mobile":{"background-color":"","background-image":"","background-repeat":"repeat","background-position":"center center","background-size":"auto","background-attachment":"scroll","background-type":"","background-media":"","overlay-type":"","overlay-color":"","overlay-opacity":"","overlay-gradient":""}},"ast-content-background-meta":{"desktop":{"background-color":"var(--ast-global-color-5)","background-image":"","background-repeat":"repeat","background-position":"center center","background-size":"auto","background-attachment":"scroll","background-type":"","background-media":"","overlay-type":"","overlay-color":"","overlay-opacity":"","overlay-gradient":""},"tablet":{"background-color":"var(--ast-global-color-5)","background-image":"","background-repeat":"repeat","background-position":"center center","background-size":"auto","background-attachment":"scroll","background-type":"","background-media":"","overlay-type":"","overlay-color":"","overlay-opacity":"","overlay-gradient":""},"mobile":{"background-color":"var(--ast-global-color-5)","background-image":"","background-repeat":"repeat","background-position":"center center","background-size":"auto","background-attachment":"scroll","background-type":"","background-media":"","overlay-type":"","overlay-color":"","overlay-opacity":"","overlay-gradient":""}},"footnotes":""},"class_list":["post-17567","page","type-page","status-publish","hentry"],"acf":{"js_im_header_seekda_offer":"","js_im_footer_conversion":""},"yoast_head":"<!-- This site is optimized with the Yoast SEO plugin v27.2 - https:\/\/yoast.com\/product\/yoast-seo-wordpress\/ -->\n<title>Habitaciones de hotel Kitzb\u00fchel Alpes - Waidring - 1er Gl\u00fcckshotel Tirol\u00e9s 4*S<\/title>\n<meta name=\"description\" content=\"Habitaciones de hotel Kitzb\u00fchel Alps en Waidringer Hof \u2713 4 estrellas superior \u2713 Habitaciones dobles \u2713 Suites \u2713 Estudios \u2713 Habitaciones familiares con mobiliario de alta calidad y mucho m\u00e1s.\" \/>\n<meta name=\"robots\" content=\"index, follow, max-snippet:-1, max-image-preview:large, max-video-preview:-1\" \/>\n<link rel=\"canonical\" href=\"https:\/\/www.waidringerhof.com\/angebote\/\" \/>\n<meta property=\"og:locale\" content=\"es_ES\" \/>\n<meta property=\"og:type\" content=\"article\" \/>\n<meta property=\"og:title\" content=\"Habitaciones de hotel Kitzb\u00fchel Alpes - Waidring - 1er Gl\u00fcckshotel Tirol\u00e9s 4*S\" \/>\n<meta property=\"og:description\" content=\"Habitaciones de hotel Kitzb\u00fchel Alps en Waidringer Hof \u2713 4 estrellas superior \u2713 Habitaciones dobles \u2713 Suites \u2713 Estudios \u2713 Habitaciones familiares con mobiliario de alta calidad y mucho m\u00e1s.\" \/>\n<meta property=\"og:url\" content=\"https:\/\/www.waidringerhof.com\/angebote\/\" \/>\n<meta property=\"og:site_name\" content=\"Waidringerhof\" \/>\n<meta property=\"article:publisher\" content=\"https:\/\/www.facebook.com\/glueckshotel.tirol\" \/>\n<meta name=\"twitter:card\" content=\"summary_large_image\" \/>\n<meta name=\"twitter:label1\" content=\"Tiempo de lectura\" \/>\n\t<meta name=\"twitter:data1\" content=\"6 minutos\" \/>\n<script type=\"application\/ld+json\" class=\"yoast-schema-graph\">{\"@context\":\"https:\/\/schema.org\",\"@graph\":[{\"@type\":\"WebPage\",\"@id\":\"https:\/\/www.waidringerhof.com\/angebote\/\",\"url\":\"https:\/\/www.waidringerhof.com\/angebote\/\",\"name\":\"Habitaciones de hotel Kitzb\u00fchel Alpes - Waidring - 1er Gl\u00fcckshotel Tirol\u00e9s 4*S\",\"isPartOf\":{\"@id\":\"https:\/\/www.waidringerhof.com\/es\/#website\"},\"datePublished\":\"2025-06-28T17:09:12+00:00\",\"description\":\"Habitaciones de hotel Kitzb\u00fchel Alps en Waidringer Hof \u2713 4 estrellas superior \u2713 Habitaciones dobles \u2713 Suites \u2713 Estudios \u2713 Habitaciones familiares con mobiliario de alta calidad y mucho m\u00e1s.\",\"breadcrumb\":{\"@id\":\"https:\/\/www.waidringerhof.com\/angebote\/#breadcrumb\"},\"inLanguage\":\"es\",\"potentialAction\":[{\"@type\":\"ReadAction\",\"target\":[\"https:\/\/www.waidringerhof.com\/angebote\/\"]}]},{\"@type\":\"BreadcrumbList\",\"@id\":\"https:\/\/www.waidringerhof.com\/angebote\/#breadcrumb\",\"itemListElement\":[{\"@type\":\"ListItem\",\"position\":1,\"name\":\"Startseite\",\"item\":\"https:\/\/www.waidringerhof.com\/es\/\"},{\"@type\":\"ListItem\",\"position\":2,\"name\":\"Ofertas\"}]},{\"@type\":\"WebSite\",\"@id\":\"https:\/\/www.waidringerhof.com\/es\/#website\",\"url\":\"https:\/\/www.waidringerhof.com\/es\/\",\"name\":\"Waidringerhof 4-Sterne-Superior\",\"description\":\"Willkommen im 1. Tiroler Gl\u00fcckshotel\",\"publisher\":{\"@id\":\"https:\/\/www.waidringerhof.com\/es\/#organization\"},\"potentialAction\":[{\"@type\":\"SearchAction\",\"target\":{\"@type\":\"EntryPoint\",\"urlTemplate\":\"https:\/\/www.waidringerhof.com\/es\/?s={search_term_string}\"},\"query-input\":{\"@type\":\"PropertyValueSpecification\",\"valueRequired\":true,\"valueName\":\"search_term_string\"}}],\"inLanguage\":\"es\"},{\"@type\":\"Organization\",\"@id\":\"https:\/\/www.waidringerhof.com\/es\/#organization\",\"name\":\"Waidringerhof 4-Sterne-Superior\",\"url\":\"https:\/\/www.waidringerhof.com\/es\/\",\"logo\":{\"@type\":\"ImageObject\",\"inLanguage\":\"es\",\"@id\":\"https:\/\/www.waidringerhof.com\/es\/#\/schema\/logo\/image\/\",\"url\":\"https:\/\/www.waidringerhof.com\/wp-content\/uploads\/2023\/08\/Logo_Waidringer_Hof.svg\",\"contentUrl\":\"https:\/\/www.waidringerhof.com\/wp-content\/uploads\/2023\/08\/Logo_Waidringer_Hof.svg\",\"width\":410,\"height\":410,\"caption\":\"Waidringerhof 4-Sterne-Superior\"},\"image\":{\"@id\":\"https:\/\/www.waidringerhof.com\/es\/#\/schema\/logo\/image\/\"},\"sameAs\":[\"https:\/\/www.facebook.com\/glueckshotel.tirol\"]}]}<\/script>\n<!-- \/ Yoast SEO plugin. -->","yoast_head_json":{"title":"Habitaciones de hotel Kitzb\u00fchel Alpes - Waidring - 1er Gl\u00fcckshotel Tirol\u00e9s 4*S","description":"Habitaciones de hotel Kitzb\u00fchel Alps en Waidringer Hof \u2713 4 estrellas superior \u2713 Habitaciones dobles \u2713 Suites \u2713 Estudios \u2713 Habitaciones familiares con mobiliario de alta calidad y mucho m\u00e1s.","robots":{"index":"index","follow":"follow","max-snippet":"max-snippet:-1","max-image-preview":"max-image-preview:large","max-video-preview":"max-video-preview:-1"},"canonical":"https:\/\/www.waidringerhof.com\/angebote\/","og_locale":"es_ES","og_type":"article","og_title":"Habitaciones de hotel Kitzb\u00fchel Alpes - Waidring - 1er Gl\u00fcckshotel Tirol\u00e9s 4*S","og_description":"Habitaciones de hotel Kitzb\u00fchel Alps en Waidringer Hof \u2713 4 estrellas superior \u2713 Habitaciones dobles \u2713 Suites \u2713 Estudios \u2713 Habitaciones familiares con mobiliario de alta calidad y mucho m\u00e1s.","og_url":"https:\/\/www.waidringerhof.com\/angebote\/","og_site_name":"Waidringerhof","article_publisher":"https:\/\/www.facebook.com\/glueckshotel.tirol","twitter_card":"summary_large_image","twitter_misc":{"Tiempo de lectura":"6 minutos"},"schema":{"@context":"https:\/\/schema.org","@graph":[{"@type":"WebPage","@id":"https:\/\/www.waidringerhof.com\/angebote\/","url":"https:\/\/www.waidringerhof.com\/angebote\/","name":"Habitaciones de hotel Kitzb\u00fchel Alpes - Waidring - 1er Gl\u00fcckshotel Tirol\u00e9s 4*S","isPartOf":{"@id":"https:\/\/www.waidringerhof.com\/es\/#website"},"datePublished":"2025-06-28T17:09:12+00:00","description":"Habitaciones de hotel Kitzb\u00fchel Alps en Waidringer Hof \u2713 4 estrellas superior \u2713 Habitaciones dobles \u2713 Suites \u2713 Estudios \u2713 Habitaciones familiares con mobiliario de alta calidad y mucho m\u00e1s.","breadcrumb":{"@id":"https:\/\/www.waidringerhof.com\/angebote\/#breadcrumb"},"inLanguage":"es","potentialAction":[{"@type":"ReadAction","target":["https:\/\/www.waidringerhof.com\/angebote\/"]}]},{"@type":"BreadcrumbList","@id":"https:\/\/www.waidringerhof.com\/angebote\/#breadcrumb","itemListElement":[{"@type":"ListItem","position":1,"name":"Startseite","item":"https:\/\/www.waidringerhof.com\/es\/"},{"@type":"ListItem","position":2,"name":"Ofertas"}]},{"@type":"WebSite","@id":"https:\/\/www.waidringerhof.com\/es\/#website","url":"https:\/\/www.waidringerhof.com\/es\/","name":"Waidringerhof 4-Sterne-Superior","description":"Willkommen im 1. Tiroler Gl\u00fcckshotel","publisher":{"@id":"https:\/\/www.waidringerhof.com\/es\/#organization"},"potentialAction":[{"@type":"SearchAction","target":{"@type":"EntryPoint","urlTemplate":"https:\/\/www.waidringerhof.com\/es\/?s={search_term_string}"},"query-input":{"@type":"PropertyValueSpecification","valueRequired":true,"valueName":"search_term_string"}}],"inLanguage":"es"},{"@type":"Organization","@id":"https:\/\/www.waidringerhof.com\/es\/#organization","name":"Waidringerhof 4-Sterne-Superior","url":"https:\/\/www.waidringerhof.com\/es\/","logo":{"@type":"ImageObject","inLanguage":"es","@id":"https:\/\/www.waidringerhof.com\/es\/#\/schema\/logo\/image\/","url":"https:\/\/www.waidringerhof.com\/wp-content\/uploads\/2023\/08\/Logo_Waidringer_Hof.svg","contentUrl":"https:\/\/www.waidringerhof.com\/wp-content\/uploads\/2023\/08\/Logo_Waidringer_Hof.svg","width":410,"height":410,"caption":"Waidringerhof 4-Sterne-Superior"},"image":{"@id":"https:\/\/www.waidringerhof.com\/es\/#\/schema\/logo\/image\/"},"sameAs":["https:\/\/www.facebook.com\/glueckshotel.tirol"]}]}},"_links":{"self":[{"href":"https:\/\/www.waidringerhof.com\/es\/wp-json\/wp\/v2\/pages\/17567","targetHints":{"allow":["GET"]}}],"collection":[{"href":"https:\/\/www.waidringerhof.com\/es\/wp-json\/wp\/v2\/pages"}],"about":[{"href":"https:\/\/www.waidringerhof.com\/es\/wp-json\/wp\/v2\/types\/page"}],"author":[{"embeddable":true,"href":"https:\/\/www.waidringerhof.com\/es\/wp-json\/wp\/v2\/users\/3"}],"replies":[{"embeddable":true,"href":"https:\/\/www.waidringerhof.com\/es\/wp-json\/wp\/v2\/comments?post=17567"}],"version-history":[{"count":3,"href":"https:\/\/www.waidringerhof.com\/es\/wp-json\/wp\/v2\/pages\/17567\/revisions"}],"predecessor-version":[{"id":27725,"href":"https:\/\/www.waidringerhof.com\/es\/wp-json\/wp\/v2\/pages\/17567\/revisions\/27725"}],"wp:attachment":[{"href":"https:\/\/www.waidringerhof.com\/es\/wp-json\/wp\/v2\/media?parent=17567"}],"curies":[{"name":"wp","href":"https:\/\/api.w.org\/{rel}","templated":true}]}}