{"id":11347,"date":"2025-05-11T12:42:17","date_gmt":"2025-05-11T10:42:17","guid":{"rendered":"https:\/\/www.waidringerhof.com\/verano-en-el-tirol\/"},"modified":"2025-03-17T18:59:52","modified_gmt":"2025-03-17T17:59:52","slug":"aktiv-sommer","status":"publish","type":"page","link":"https:\/\/www.waidringerhof.com\/es\/aktiv-sommer\/","title":{"rendered":"Actividades de verano"},"content":{"rendered":"\t\t<div data-elementor-type=\"wp-page\" data-elementor-id=\"11347\" class=\"elementor elementor-11347 elementor-3567\" data-elementor-post-type=\"page\">\n\t\t\t\t<div class=\"elementor-element elementor-element-7eea019 e-flex e-con-boxed e-con e-parent\" data-id=\"7eea019\" data-element_type=\"container\" data-e-type=\"container\" data-settings=\"{&quot;background_background&quot;:&quot;classic&quot;}\">\n\t\t\t\t\t<div class=\"e-con-inner\">\n\t\t<div class=\"elementor-element elementor-element-9be5889 e-con-full e-flex e-con e-child\" data-id=\"9be5889\" data-element_type=\"container\" data-e-type=\"container\">\n\t\t\t\t<\/div>\n\t\t\t\t\t<\/div>\n\t\t\t\t<\/div>\n\t\t<div class=\"elementor-element elementor-element-3900949 e-flex e-con-boxed e-con e-parent\" data-id=\"3900949\" data-element_type=\"container\" data-e-type=\"container\">\n\t\t\t\t\t<div class=\"e-con-inner\">\n\t\t<div class=\"elementor-element elementor-element-e61867b e-con-full e-flex e-con e-child\" data-id=\"e61867b\" data-element_type=\"container\" data-e-type=\"container\">\n\t\t<div class=\"elementor-element elementor-element-59ef6d7 e-con-full e-flex e-con e-child\" data-id=\"59ef6d7\" data-element_type=\"container\" data-e-type=\"container\">\n\t\t\t\t<div class=\"elementor-element elementor-element-62f2dd0 elementor-widget elementor-widget-heading\" data-id=\"62f2dd0\" data-element_type=\"widget\" data-e-type=\"widget\" data-widget_type=\"heading.default\">\n\t\t\t\t<div class=\"elementor-widget-container\">\n\t\t\t\t\t<h2 class=\"elementor-heading-title elementor-size-default\">Actividades de verano<\/h2>\t\t\t\t<\/div>\n\t\t\t\t<\/div>\n\t\t\t\t<div class=\"elementor-element elementor-element-4333617 elementor-widget elementor-widget-heading\" data-id=\"4333617\" data-element_type=\"widget\" data-e-type=\"widget\" data-widget_type=\"heading.default\">\n\t\t\t\t<div class=\"elementor-widget-container\">\n\t\t\t\t\t<h5 class=\"elementor-heading-title elementor-size-default\">Ocio en los Alpes de Kitzb\u00fchel<\/h5>\t\t\t\t<\/div>\n\t\t\t\t<\/div>\n\t\t\t\t<div class=\"elementor-element elementor-element-557325d elementor-widget elementor-widget-text-editor\" data-id=\"557325d\" data-element_type=\"widget\" data-e-type=\"widget\" data-widget_type=\"text-editor.default\">\n\t\t\t\t<div class=\"elementor-widget-container\">\n\t\t\t\t\t\t\t\t\tLas numerosas posibilidades de practicar actividades al aire libre hacen de tu estancia en PillerseeTal algo muy especial. Simplemente no hagas nada: Unas vacaciones de verano en Waidring tienen muchas facetas. Con monta\u00f1as, lagos ba\u00f1ados, zonas verdes y pueblos pintorescos, el Tirol muestra aqu\u00ed su lado m\u00e1s bello.  \t\t\t\t\t\t\t\t<\/div>\n\t\t\t\t<\/div>\n\t\t\t\t<\/div>\n\t\t<div class=\"elementor-element elementor-element-ce477d8 e-con-full e-flex e-con e-child\" data-id=\"ce477d8\" data-element_type=\"container\" data-e-type=\"container\">\n\t\t\t\t<div class=\"elementor-element elementor-element-08a042f elementor-widget elementor-widget-video\" data-id=\"08a042f\" data-element_type=\"widget\" data-e-type=\"widget\" data-settings=\"{&quot;youtube_url&quot;:&quot;https:\\\/\\\/youtu.be\\\/FndZcPkYfEU&quot;,&quot;show_image_overlay&quot;:&quot;yes&quot;,&quot;image_overlay&quot;:{&quot;url&quot;:&quot;https:\\\/\\\/www.waidringerhof.com\\\/wp-content\\\/uploads\\\/2024\\\/11\\\/summerurlaub_pillersee.jpg&quot;,&quot;id&quot;:26454,&quot;size&quot;:&quot;&quot;,&quot;alt&quot;:&quot;&quot;,&quot;source&quot;:&quot;library&quot;},&quot;video_type&quot;:&quot;youtube&quot;,&quot;controls&quot;:&quot;yes&quot;}\" data-widget_type=\"video.default\">\n\t\t\t\t<div class=\"elementor-widget-container\">\n\t\t\t\t\t\t\t<div class=\"elementor-wrapper elementor-open-inline\">\n\t\t\t<div class=\"elementor-video\"><\/div>\t\t\t\t<div class=\"elementor-custom-embed-image-overlay\" style=\"background-image: url(https:\/\/www.waidringerhof.com\/wp-content\/uploads\/2024\/11\/summerurlaub_pillersee.jpg);\">\n\t\t\t\t\t\t\t\t\t\t\t\t\t\t\t\t<div class=\"elementor-custom-embed-play\" role=\"button\" aria-label=\"Reproducir v\u00eddeo\" tabindex=\"0\">\n\t\t\t\t\t\t\t<i aria-hidden=\"true\" class=\"eicon-play\"><\/i>\t\t\t\t\t\t<\/div>\n\t\t\t\t\t\t\t\t\t<\/div>\n\t\t\t\t\t<\/div>\n\t\t\t\t\t\t<\/div>\n\t\t\t\t<\/div>\n\t\t\t\t<\/div>\n\t\t\t\t<\/div>\n\t\t\t\t\t<\/div>\n\t\t\t\t<\/div>\n\t\t<div class=\"elementor-element elementor-element-768ee76 e-flex e-con-boxed e-con e-parent\" data-id=\"768ee76\" data-element_type=\"container\" data-e-type=\"container\" data-settings=\"{&quot;background_background&quot;:&quot;classic&quot;}\">\n\t\t\t\t\t<div class=\"e-con-inner\">\n\t\t<div class=\"elementor-element elementor-element-49eba39 e-con-full e-flex e-con e-child\" data-id=\"49eba39\" data-element_type=\"container\" data-e-type=\"container\">\n\t\t<div class=\"elementor-element elementor-element-f47b631 e-con-full e-flex e-con e-child\" data-id=\"f47b631\" data-element_type=\"container\" data-e-type=\"container\">\n\t\t\t\t<div class=\"elementor-element elementor-element-b8052d3 elementor-widget elementor-widget-heading\" data-id=\"b8052d3\" data-element_type=\"widget\" data-e-type=\"widget\" data-widget_type=\"heading.default\">\n\t\t\t\t<div class=\"elementor-widget-container\">\n\t\t\t\t\t<h1 class=\"elementor-heading-title elementor-size-default\">Senderismo en el Pillerseetal<\/h1>\t\t\t\t<\/div>\n\t\t\t\t<\/div>\n\t\t\t\t<div class=\"elementor-element elementor-element-0b11dfb elementor-widget elementor-widget-text-editor\" data-id=\"0b11dfb\" data-element_type=\"widget\" data-e-type=\"widget\" data-widget_type=\"text-editor.default\">\n\t\t\t\t<div class=\"elementor-widget-container\">\n\t\t\t\t\t\t\t\t\t<p>C\u00e1lzate las botas de monta\u00f1a y sum\u00e9rgete en el fascinante mundo monta\u00f1oso del Pillerseetal. Descubre id\u00edlicas rutas de senderismo que atraviesan densos bosques, bordean lagos cristalinos y ascienden a impresionantes picos, acompa\u00f1ados por el aire fresco de la monta\u00f1a y el panorama de los Alpes tiroleses. Ya sea por la ma\u00f1ana bajo el c\u00e1lido sol o por la tarde en medio de la naturaleza virgen, comienza tu aventura de senderismo cuando quieras&#8230; justo delante de tu alojamiento.  <\/p>\t\t\t\t\t\t\t\t<\/div>\n\t\t\t\t<\/div>\n\t\t\t\t<\/div>\n\t\t\t\t<\/div>\n\t\t<div class=\"elementor-element elementor-element-ca60a90 e-con-full e-flex e-con e-child\" data-id=\"ca60a90\" data-element_type=\"container\" data-e-type=\"container\" data-settings=\"{&quot;background_background&quot;:&quot;classic&quot;}\">\n\t\t\t\t<div class=\"elementor-element elementor-element-34b74b2 elementor-widget elementor-widget-spacer\" data-id=\"34b74b2\" data-element_type=\"widget\" data-e-type=\"widget\" data-widget_type=\"spacer.default\">\n\t\t\t\t<div class=\"elementor-widget-container\">\n\t\t\t\t\t\t\t<div class=\"elementor-spacer\">\n\t\t\t<div class=\"elementor-spacer-inner\"><\/div>\n\t\t<\/div>\n\t\t\t\t\t\t<\/div>\n\t\t\t\t<\/div>\n\t\t\t\t<\/div>\n\t\t\t\t\t<\/div>\n\t\t\t\t<\/div>\n\t\t<div class=\"elementor-element elementor-element-5bebb81 e-flex e-con-boxed e-con e-parent\" data-id=\"5bebb81\" data-element_type=\"container\" data-e-type=\"container\" data-settings=\"{&quot;background_background&quot;:&quot;classic&quot;}\">\n\t\t\t\t\t<div class=\"e-con-inner\">\n\t\t\t\t<div class=\"elementor-element elementor-element-e430032 elementor-nav-menu__align-justify elementor-nav-menu--dropdown-none submenu_waidring elementor-widget elementor-widget-nav-menu\" data-id=\"e430032\" data-element_type=\"widget\" data-e-type=\"widget\" data-settings=\"{&quot;submenu_icon&quot;:{&quot;value&quot;:&quot;&lt;i class=\\&quot;\\&quot; aria-hidden=\\&quot;true\\&quot;&gt;&lt;\\\/i&gt;&quot;,&quot;library&quot;:&quot;&quot;},&quot;layout&quot;:&quot;horizontal&quot;}\" data-widget_type=\"nav-menu.default\">\n\t\t\t\t<div class=\"elementor-widget-container\">\n\t\t\t\t\t\t\t\t<nav aria-label=\"Men\u00fc\" class=\"elementor-nav-menu--main elementor-nav-menu__container elementor-nav-menu--layout-horizontal e--pointer-none\">\n\t\t\t\t<ul id=\"menu-1-e430032\" class=\"elementor-nav-menu\"><li class=\"menu-item menu-item-type-post_type menu-item-object-page menu-item-27942\"><a href=\"https:\/\/www.waidringerhof.com\/es\/aktiv-sommer\/\" class=\"elementor-item menu-link\">Actividades de verano<\/a><\/li>\n<li class=\"menu-item menu-item-type-post_type menu-item-object-page menu-item-27943\"><a href=\"https:\/\/www.waidringerhof.com\/es\/aktiv-winter\/\" class=\"elementor-item menu-link\">Vacaciones de invierno en el Tirol<\/a><\/li>\n<li class=\"menu-item menu-item-type-post_type menu-item-object-page menu-item-27944\"><a href=\"https:\/\/www.waidringerhof.com\/es\/ausflugsziele\/\" class=\"elementor-item menu-link\">Destinos de las excursiones<\/a><\/li>\n<\/ul>\t\t\t<\/nav>\n\t\t\t\t\t\t<nav class=\"elementor-nav-menu--dropdown elementor-nav-menu__container\" aria-hidden=\"true\">\n\t\t\t\t<ul id=\"menu-2-e430032\" class=\"elementor-nav-menu\"><li class=\"menu-item menu-item-type-post_type menu-item-object-page menu-item-27942\"><a href=\"https:\/\/www.waidringerhof.com\/es\/aktiv-sommer\/\" class=\"elementor-item menu-link\" tabindex=\"-1\">Actividades de verano<\/a><\/li>\n<li class=\"menu-item menu-item-type-post_type menu-item-object-page menu-item-27943\"><a href=\"https:\/\/www.waidringerhof.com\/es\/aktiv-winter\/\" class=\"elementor-item menu-link\" tabindex=\"-1\">Vacaciones de invierno en el Tirol<\/a><\/li>\n<li class=\"menu-item menu-item-type-post_type menu-item-object-page menu-item-27944\"><a href=\"https:\/\/www.waidringerhof.com\/es\/ausflugsziele\/\" class=\"elementor-item menu-link\" tabindex=\"-1\">Destinos de las excursiones<\/a><\/li>\n<\/ul>\t\t\t<\/nav>\n\t\t\t\t\t\t<\/div>\n\t\t\t\t<\/div>\n\t\t\t\t\t<\/div>\n\t\t\t\t<\/div>\n\t\t\t\t<\/div>\n\t\t","protected":false},"excerpt":{"rendered":"<p>Actividades de verano Ocio en los Alpes de Kitzb\u00fchel Las numerosas posibilidades de practicar actividades al aire libre hacen de tu estancia en PillerseeTal algo muy especial. Simplemente no hagas nada: Unas vacaciones de verano en Waidring tienen muchas facetas. Con monta\u00f1as, lagos ba\u00f1ados, zonas verdes y pueblos pintorescos, el Tirol muestra aqu\u00ed su lado [&hellip;]<\/p>\n","protected":false},"author":9,"featured_media":0,"parent":0,"menu_order":0,"comment_status":"closed","ping_status":"closed","template":"elementor_header_footer","meta":{"_acf_changed":false,"site-sidebar-layout":"no-sidebar","site-content-layout":"plain-container","ast-site-content-layout":"normal-width-container","site-content-style":"unboxed","site-sidebar-style":"unboxed","ast-global-header-display":"","ast-banner-title-visibility":"","ast-main-header-display":"","ast-hfb-above-header-display":"","ast-hfb-below-header-display":"","ast-hfb-mobile-header-display":"","site-post-title":"disabled","ast-breadcrumbs-content":"","ast-featured-img":"disabled","footer-sml-layout":"","ast-disable-related-posts":"","theme-transparent-header-meta":"","adv-header-id-meta":"","stick-header-meta":"","header-above-stick-meta":"","header-main-stick-meta":"","header-below-stick-meta":"","astra-migrate-meta-layouts":"set","ast-page-background-enabled":"default","ast-page-background-meta":{"desktop":{"background-color":"var(--ast-global-color-4)","background-image":"","background-repeat":"repeat","background-position":"center center","background-size":"auto","background-attachment":"scroll","background-type":"","background-media":"","overlay-type":"","overlay-color":"","overlay-opacity":"","overlay-gradient":""},"tablet":{"background-color":"","background-image":"","background-repeat":"repeat","background-position":"center center","background-size":"auto","background-attachment":"scroll","background-type":"","background-media":"","overlay-type":"","overlay-color":"","overlay-opacity":"","overlay-gradient":""},"mobile":{"background-color":"","background-image":"","background-repeat":"repeat","background-position":"center center","background-size":"auto","background-attachment":"scroll","background-type":"","background-media":"","overlay-type":"","overlay-color":"","overlay-opacity":"","overlay-gradient":""}},"ast-content-background-meta":{"desktop":{"background-color":"var(--ast-global-color-5)","background-image":"","background-repeat":"repeat","background-position":"center center","background-size":"auto","background-attachment":"scroll","background-type":"","background-media":"","overlay-type":"","overlay-color":"","overlay-opacity":"","overlay-gradient":""},"tablet":{"background-color":"var(--ast-global-color-5)","background-image":"","background-repeat":"repeat","background-position":"center center","background-size":"auto","background-attachment":"scroll","background-type":"","background-media":"","overlay-type":"","overlay-color":"","overlay-opacity":"","overlay-gradient":""},"mobile":{"background-color":"var(--ast-global-color-5)","background-image":"","background-repeat":"repeat","background-position":"center center","background-size":"auto","background-attachment":"scroll","background-type":"","background-media":"","overlay-type":"","overlay-color":"","overlay-opacity":"","overlay-gradient":""}},"footnotes":""},"class_list":["post-11347","page","type-page","status-publish","hentry"],"acf":{"js_im_header_seekda_offer":"","js_im_footer_conversion":""},"yoast_head":"<!-- This site is optimized with the Yoast SEO plugin v27.2 - https:\/\/yoast.com\/product\/yoast-seo-wordpress\/ -->\n<title>Actividades de verano - Waidringerhof<\/title>\n<meta name=\"robots\" content=\"index, follow, max-snippet:-1, max-image-preview:large, max-video-preview:-1\" \/>\n<link rel=\"canonical\" href=\"https:\/\/www.waidringerhof.com\/es\/aktiv-sommer\/\" \/>\n<meta property=\"og:locale\" content=\"es_ES\" \/>\n<meta property=\"og:type\" content=\"article\" \/>\n<meta property=\"og:title\" content=\"Actividades de verano - Waidringerhof\" \/>\n<meta property=\"og:description\" content=\"Actividades de verano Ocio en los Alpes de Kitzb\u00fchel Las numerosas posibilidades de practicar actividades al aire libre hacen de tu estancia en PillerseeTal algo muy especial. Simplemente no hagas nada: Unas vacaciones de verano en Waidring tienen muchas facetas. Con monta\u00f1as, lagos ba\u00f1ados, zonas verdes y pueblos pintorescos, el Tirol muestra aqu\u00ed su lado [&hellip;]\" \/>\n<meta property=\"og:url\" content=\"https:\/\/www.waidringerhof.com\/es\/aktiv-sommer\/\" \/>\n<meta property=\"og:site_name\" content=\"Waidringerhof\" \/>\n<meta property=\"article:publisher\" content=\"https:\/\/www.facebook.com\/glueckshotel.tirol\" \/>\n<meta name=\"twitter:card\" content=\"summary_large_image\" \/>\n<meta name=\"twitter:label1\" content=\"Tiempo de lectura\" \/>\n\t<meta name=\"twitter:data1\" content=\"1 minuto\" \/>\n<script type=\"application\/ld+json\" class=\"yoast-schema-graph\">{\"@context\":\"https:\/\/schema.org\",\"@graph\":[{\"@type\":\"WebPage\",\"@id\":\"https:\/\/www.waidringerhof.com\/es\/aktiv-sommer\/\",\"url\":\"https:\/\/www.waidringerhof.com\/es\/aktiv-sommer\/\",\"name\":\"Actividades de verano - Waidringerhof\",\"isPartOf\":{\"@id\":\"https:\/\/www.waidringerhof.com\/es\/#website\"},\"datePublished\":\"2025-05-11T10:42:17+00:00\",\"breadcrumb\":{\"@id\":\"https:\/\/www.waidringerhof.com\/es\/aktiv-sommer\/#breadcrumb\"},\"inLanguage\":\"es\",\"potentialAction\":[{\"@type\":\"ReadAction\",\"target\":[\"https:\/\/www.waidringerhof.com\/es\/aktiv-sommer\/\"]}]},{\"@type\":\"BreadcrumbList\",\"@id\":\"https:\/\/www.waidringerhof.com\/es\/aktiv-sommer\/#breadcrumb\",\"itemListElement\":[{\"@type\":\"ListItem\",\"position\":1,\"name\":\"Startseite\",\"item\":\"https:\/\/www.waidringerhof.com\/es\/\"},{\"@type\":\"ListItem\",\"position\":2,\"name\":\"Actividades de verano\"}]},{\"@type\":\"WebSite\",\"@id\":\"https:\/\/www.waidringerhof.com\/es\/#website\",\"url\":\"https:\/\/www.waidringerhof.com\/es\/\",\"name\":\"Waidringerhof 4-Sterne-Superior\",\"description\":\"Willkommen im 1. Tiroler Gl\u00fcckshotel\",\"publisher\":{\"@id\":\"https:\/\/www.waidringerhof.com\/es\/#organization\"},\"potentialAction\":[{\"@type\":\"SearchAction\",\"target\":{\"@type\":\"EntryPoint\",\"urlTemplate\":\"https:\/\/www.waidringerhof.com\/es\/?s={search_term_string}\"},\"query-input\":{\"@type\":\"PropertyValueSpecification\",\"valueRequired\":true,\"valueName\":\"search_term_string\"}}],\"inLanguage\":\"es\"},{\"@type\":\"Organization\",\"@id\":\"https:\/\/www.waidringerhof.com\/es\/#organization\",\"name\":\"Waidringerhof 4-Sterne-Superior\",\"url\":\"https:\/\/www.waidringerhof.com\/es\/\",\"logo\":{\"@type\":\"ImageObject\",\"inLanguage\":\"es\",\"@id\":\"https:\/\/www.waidringerhof.com\/es\/#\/schema\/logo\/image\/\",\"url\":\"https:\/\/www.waidringerhof.com\/wp-content\/uploads\/2023\/08\/Logo_Waidringer_Hof.svg\",\"contentUrl\":\"https:\/\/www.waidringerhof.com\/wp-content\/uploads\/2023\/08\/Logo_Waidringer_Hof.svg\",\"width\":410,\"height\":410,\"caption\":\"Waidringerhof 4-Sterne-Superior\"},\"image\":{\"@id\":\"https:\/\/www.waidringerhof.com\/es\/#\/schema\/logo\/image\/\"},\"sameAs\":[\"https:\/\/www.facebook.com\/glueckshotel.tirol\"]}]}<\/script>\n<!-- \/ Yoast SEO plugin. -->","yoast_head_json":{"title":"Actividades de verano - Waidringerhof","robots":{"index":"index","follow":"follow","max-snippet":"max-snippet:-1","max-image-preview":"max-image-preview:large","max-video-preview":"max-video-preview:-1"},"canonical":"https:\/\/www.waidringerhof.com\/es\/aktiv-sommer\/","og_locale":"es_ES","og_type":"article","og_title":"Actividades de verano - Waidringerhof","og_description":"Actividades de verano Ocio en los Alpes de Kitzb\u00fchel Las numerosas posibilidades de practicar actividades al aire libre hacen de tu estancia en PillerseeTal algo muy especial. Simplemente no hagas nada: Unas vacaciones de verano en Waidring tienen muchas facetas. Con monta\u00f1as, lagos ba\u00f1ados, zonas verdes y pueblos pintorescos, el Tirol muestra aqu\u00ed su lado [&hellip;]","og_url":"https:\/\/www.waidringerhof.com\/es\/aktiv-sommer\/","og_site_name":"Waidringerhof","article_publisher":"https:\/\/www.facebook.com\/glueckshotel.tirol","twitter_card":"summary_large_image","twitter_misc":{"Tiempo de lectura":"1 minuto"},"schema":{"@context":"https:\/\/schema.org","@graph":[{"@type":"WebPage","@id":"https:\/\/www.waidringerhof.com\/es\/aktiv-sommer\/","url":"https:\/\/www.waidringerhof.com\/es\/aktiv-sommer\/","name":"Actividades de verano - Waidringerhof","isPartOf":{"@id":"https:\/\/www.waidringerhof.com\/es\/#website"},"datePublished":"2025-05-11T10:42:17+00:00","breadcrumb":{"@id":"https:\/\/www.waidringerhof.com\/es\/aktiv-sommer\/#breadcrumb"},"inLanguage":"es","potentialAction":[{"@type":"ReadAction","target":["https:\/\/www.waidringerhof.com\/es\/aktiv-sommer\/"]}]},{"@type":"BreadcrumbList","@id":"https:\/\/www.waidringerhof.com\/es\/aktiv-sommer\/#breadcrumb","itemListElement":[{"@type":"ListItem","position":1,"name":"Startseite","item":"https:\/\/www.waidringerhof.com\/es\/"},{"@type":"ListItem","position":2,"name":"Actividades de verano"}]},{"@type":"WebSite","@id":"https:\/\/www.waidringerhof.com\/es\/#website","url":"https:\/\/www.waidringerhof.com\/es\/","name":"Waidringerhof 4-Sterne-Superior","description":"Willkommen im 1. Tiroler Gl\u00fcckshotel","publisher":{"@id":"https:\/\/www.waidringerhof.com\/es\/#organization"},"potentialAction":[{"@type":"SearchAction","target":{"@type":"EntryPoint","urlTemplate":"https:\/\/www.waidringerhof.com\/es\/?s={search_term_string}"},"query-input":{"@type":"PropertyValueSpecification","valueRequired":true,"valueName":"search_term_string"}}],"inLanguage":"es"},{"@type":"Organization","@id":"https:\/\/www.waidringerhof.com\/es\/#organization","name":"Waidringerhof 4-Sterne-Superior","url":"https:\/\/www.waidringerhof.com\/es\/","logo":{"@type":"ImageObject","inLanguage":"es","@id":"https:\/\/www.waidringerhof.com\/es\/#\/schema\/logo\/image\/","url":"https:\/\/www.waidringerhof.com\/wp-content\/uploads\/2023\/08\/Logo_Waidringer_Hof.svg","contentUrl":"https:\/\/www.waidringerhof.com\/wp-content\/uploads\/2023\/08\/Logo_Waidringer_Hof.svg","width":410,"height":410,"caption":"Waidringerhof 4-Sterne-Superior"},"image":{"@id":"https:\/\/www.waidringerhof.com\/es\/#\/schema\/logo\/image\/"},"sameAs":["https:\/\/www.facebook.com\/glueckshotel.tirol"]}]}},"_links":{"self":[{"href":"https:\/\/www.waidringerhof.com\/es\/wp-json\/wp\/v2\/pages\/11347","targetHints":{"allow":["GET"]}}],"collection":[{"href":"https:\/\/www.waidringerhof.com\/es\/wp-json\/wp\/v2\/pages"}],"about":[{"href":"https:\/\/www.waidringerhof.com\/es\/wp-json\/wp\/v2\/types\/page"}],"author":[{"embeddable":true,"href":"https:\/\/www.waidringerhof.com\/es\/wp-json\/wp\/v2\/users\/9"}],"replies":[{"embeddable":true,"href":"https:\/\/www.waidringerhof.com\/es\/wp-json\/wp\/v2\/comments?post=11347"}],"version-history":[{"count":8,"href":"https:\/\/www.waidringerhof.com\/es\/wp-json\/wp\/v2\/pages\/11347\/revisions"}],"predecessor-version":[{"id":27790,"href":"https:\/\/www.waidringerhof.com\/es\/wp-json\/wp\/v2\/pages\/11347\/revisions\/27790"}],"wp:attachment":[{"href":"https:\/\/www.waidringerhof.com\/es\/wp-json\/wp\/v2\/media?parent=11347"}],"curies":[{"name":"wp","href":"https:\/\/api.w.org\/{rel}","templated":true}]}}