{"id":11263,"date":"2025-05-11T12:40:48","date_gmt":"2025-05-11T10:40:48","guid":{"rendered":"https:\/\/www.waidringerhof.com\/hotel-waidringer-hof-wellness-y-spa\/nuestro-jardin\/"},"modified":"2025-03-17T18:59:56","modified_gmt":"2025-03-17T17:59:56","slug":"fitness","status":"publish","type":"page","link":"https:\/\/www.waidringerhof.com\/es\/fitness\/","title":{"rendered":"gl\u00fccks.garten para esos momentos especiales"},"content":{"rendered":"\t\t<div data-elementor-type=\"wp-page\" data-elementor-id=\"11263\" class=\"elementor elementor-11263 elementor-3561\" data-elementor-post-type=\"page\">\n\t\t\t\t<div class=\"elementor-element elementor-element-8f771cd e-flex e-con-boxed e-con e-parent\" data-id=\"8f771cd\" data-element_type=\"container\" data-e-type=\"container\" data-settings=\"{&quot;background_background&quot;:&quot;classic&quot;}\">\n\t\t\t\t\t<div class=\"e-con-inner\">\n\t\t<div class=\"elementor-element elementor-element-c6df181 e-con-full e-flex e-con e-child\" data-id=\"c6df181\" data-element_type=\"container\" data-e-type=\"container\">\n\t\t\t\t<\/div>\n\t\t\t\t\t<\/div>\n\t\t\t\t<\/div>\n\t\t<div class=\"elementor-element elementor-element-d2c1461 e-flex e-con-boxed e-con e-parent\" data-id=\"d2c1461\" data-element_type=\"container\" data-e-type=\"container\">\n\t\t\t\t\t<div class=\"e-con-inner\">\n\t\t<div class=\"elementor-element elementor-element-e670325 e-con-full e-flex e-con e-child\" data-id=\"e670325\" data-element_type=\"container\" data-e-type=\"container\">\n\t\t\t\t<div class=\"elementor-element elementor-element-358c000 elementor-widget elementor-widget-heading\" data-id=\"358c000\" data-element_type=\"widget\" data-e-type=\"widget\" data-widget_type=\"heading.default\">\n\t\t\t\t<div class=\"elementor-widget-container\">\n\t\t\t\t\t<h2 class=\"elementor-heading-title elementor-size-default\">\u00c1rea de fitness<\/h2>\t\t\t\t<\/div>\n\t\t\t\t<\/div>\n\t\t\t\t<div class=\"elementor-element elementor-element-c7252c2 elementor-widget elementor-widget-heading\" data-id=\"c7252c2\" data-element_type=\"widget\" data-e-type=\"widget\" data-widget_type=\"heading.default\">\n\t\t\t\t<div class=\"elementor-widget-container\">\n\t\t\t\t\t<h5 class=\"elementor-heading-title elementor-size-default\">Activo y en forma en vacaciones  <\/h5>\t\t\t\t<\/div>\n\t\t\t\t<\/div>\n\t\t\t\t<div class=\"elementor-element elementor-element-9666bac elementor-widget elementor-widget-text-editor\" data-id=\"9666bac\" data-element_type=\"widget\" data-e-type=\"widget\" data-widget_type=\"text-editor.default\">\n\t\t\t\t<div class=\"elementor-widget-container\">\n\t\t\t\t\t\t\t\t\t<p>La sala de fitness del Waidringer Hof est\u00e1 perfectamente equipada para un entrenamiento eficaz:<\/p><ul><li><strong>Erg\u00f3metros, bicicletas est\u00e1ticas y bicicletas el\u00edpticas TechnoGym<\/strong>.<\/li><li><strong>Equipamiento de fuerza<\/strong> para entrenamientos espec\u00edficos. La fachada con ventanas orientadas al sur aporta luz y naturaleza a tu entrenamiento: una experiencia de fitness sin igual. <\/li><\/ul>\t\t\t\t\t\t\t\t<\/div>\n\t\t\t\t<\/div>\n\t\t\t\t<\/div>\n\t\t<div class=\"elementor-element elementor-element-447d282 e-con-full e-flex e-con e-child\" data-id=\"447d282\" data-element_type=\"container\" data-e-type=\"container\">\n\t\t<div class=\"elementor-element elementor-element-aba598f e-con-full e-flex e-con e-child\" data-id=\"aba598f\" data-element_type=\"container\" data-e-type=\"container\">\n\t\t\t\t<div class=\"elementor-element elementor-element-bf7fc6a uael-img-grid__column-1 uael-img-grid-tablet__column-1 uael-img-grid-mobile__column-2 uael-ins-normal elementor-widget elementor-widget-uael-image-gallery\" data-id=\"bf7fc6a\" data-element_type=\"widget\" data-e-type=\"widget\" data-settings=\"{&quot;gallery_columns&quot;:&quot;1&quot;,&quot;column_gap&quot;:{&quot;unit&quot;:&quot;px&quot;,&quot;size&quot;:2,&quot;sizes&quot;:[]},&quot;column_gap_mobile&quot;:{&quot;unit&quot;:&quot;px&quot;,&quot;size&quot;:2,&quot;sizes&quot;:[]},&quot;row_gap&quot;:{&quot;unit&quot;:&quot;px&quot;,&quot;size&quot;:2,&quot;sizes&quot;:[]},&quot;row_gap_mobile&quot;:{&quot;unit&quot;:&quot;px&quot;,&quot;size&quot;:2,&quot;sizes&quot;:[]},&quot;gallery_columns_tablet&quot;:&quot;1&quot;,&quot;gallery_columns_mobile&quot;:&quot;2&quot;,&quot;column_gap_tablet&quot;:{&quot;unit&quot;:&quot;px&quot;,&quot;size&quot;:&quot;&quot;,&quot;sizes&quot;:[]},&quot;row_gap_tablet&quot;:{&quot;unit&quot;:&quot;px&quot;,&quot;size&quot;:&quot;&quot;,&quot;sizes&quot;:[]},&quot;images_valign&quot;:&quot;flex-start&quot;,&quot;overlay_image_size_hover&quot;:{&quot;unit&quot;:&quot;px&quot;,&quot;size&quot;:50,&quot;sizes&quot;:[]},&quot;overlay_image_size_hover_tablet&quot;:{&quot;unit&quot;:&quot;px&quot;,&quot;size&quot;:&quot;&quot;,&quot;sizes&quot;:[]},&quot;overlay_image_size_hover_mobile&quot;:{&quot;unit&quot;:&quot;px&quot;,&quot;size&quot;:&quot;&quot;,&quot;sizes&quot;:[]}}\" data-widget_type=\"uael-image-gallery.default\">\n\t\t\t\t<div class=\"elementor-widget-container\">\n\t\t\t\t\t<div class=\"uael-gallery-parent uael-caption- uael-gallery-unjustified\"><div class=\"uael-img-gallery-wrap uael-img-grid-wrap uael-img-grid-masonry-wrap uael-image-lightbox-wrap\" data-filter-default=\"Todos\" data-lightbox_actions=\"[&quot;close&quot;]\" data-lightbox-gallery-loop=\"\"><div class=\"uael-grid-item  uael-img-gallery-item-1\"><div class=\"uael-grid-item-content\"><a class=\"uael-grid-img uael-grid-gallery-img uael-ins-hover elementor-clickable\" data-fancybox=\"uael-gallery\" href=\"https:\/\/www.waidringerhof.com\/wp-content\/uploads\/2024\/11\/fitness_0000_DSC04255.jpg\" data-elementor-open-lightbox=\"no\"><div class=\"uael-grid-img-thumbnail uael-ins-target\"><img fetchpriority=\"high\" decoding=\"async\" width=\"300\" height=\"169\" src=\"https:\/\/www.waidringerhof.com\/wp-content\/uploads\/2024\/11\/fitness_0000_DSC04255-300x169.jpg\" class=\"attachment-medium size-medium wp-image-26666\" alt=\"\" srcset=\"https:\/\/www.waidringerhof.com\/wp-content\/uploads\/2024\/11\/fitness_0000_DSC04255-300x169.jpg 300w, https:\/\/www.waidringerhof.com\/wp-content\/uploads\/2024\/11\/fitness_0000_DSC04255-1024x576.jpg 1024w, https:\/\/www.waidringerhof.com\/wp-content\/uploads\/2024\/11\/fitness_0000_DSC04255-768x432.jpg 768w, https:\/\/www.waidringerhof.com\/wp-content\/uploads\/2024\/11\/fitness_0000_DSC04255-1536x864.jpg 1536w, https:\/\/www.waidringerhof.com\/wp-content\/uploads\/2024\/11\/fitness_0000_DSC04255.jpg 1920w\" sizes=\"(max-width: 300px) 100vw, 300px\" \/><\/div><div class=\"uael-grid-img-overlay\"><img decoding=\"async\" class=\"uael-overlay-img\" src=\"https:\/\/www.waidringerhof.com\/wp-content\/uploads\/2024\/07\/logo-icon-white.png\" alt=\"logo-icon-white\"><\/div><\/a><\/div><\/div><div class=\"uael-grid-item  uael-img-gallery-item-2\"><div class=\"uael-grid-item-content\"><a class=\"uael-grid-img uael-grid-gallery-img uael-ins-hover elementor-clickable\" data-fancybox=\"uael-gallery\" href=\"https:\/\/www.waidringerhof.com\/wp-content\/uploads\/2024\/11\/fitness_0002_DSC04247.jpg\" data-elementor-open-lightbox=\"no\"><div class=\"uael-grid-img-thumbnail uael-ins-target\"><img decoding=\"async\" width=\"300\" height=\"169\" src=\"https:\/\/www.waidringerhof.com\/wp-content\/uploads\/2024\/11\/fitness_0002_DSC04247-300x169.jpg\" class=\"attachment-medium size-medium wp-image-26654\" alt=\"\" srcset=\"https:\/\/www.waidringerhof.com\/wp-content\/uploads\/2024\/11\/fitness_0002_DSC04247-300x169.jpg 300w, https:\/\/www.waidringerhof.com\/wp-content\/uploads\/2024\/11\/fitness_0002_DSC04247-1024x576.jpg 1024w, https:\/\/www.waidringerhof.com\/wp-content\/uploads\/2024\/11\/fitness_0002_DSC04247-768x432.jpg 768w, https:\/\/www.waidringerhof.com\/wp-content\/uploads\/2024\/11\/fitness_0002_DSC04247-1536x864.jpg 1536w, https:\/\/www.waidringerhof.com\/wp-content\/uploads\/2024\/11\/fitness_0002_DSC04247.jpg 1920w\" sizes=\"(max-width: 300px) 100vw, 300px\" \/><\/div><div class=\"uael-grid-img-overlay\"><img decoding=\"async\" class=\"uael-overlay-img\" src=\"https:\/\/www.waidringerhof.com\/wp-content\/uploads\/2024\/07\/logo-icon-white.png\" alt=\"logo-icon-white\"><\/div><\/a><\/div><\/div><\/div><\/div>\t\t\t\t<\/div>\n\t\t\t\t<\/div>\n\t\t\t\t<\/div>\n\t\t\t\t<\/div>\n\t\t\t\t\t<\/div>\n\t\t\t\t<\/div>\n\t\t<div class=\"elementor-element elementor-element-cdb4036 e-flex e-con-boxed e-con e-parent\" data-id=\"cdb4036\" data-element_type=\"container\" data-e-type=\"container\" data-settings=\"{&quot;background_background&quot;:&quot;classic&quot;}\">\n\t\t\t\t\t<div class=\"e-con-inner\">\n\t\t\t\t<div class=\"elementor-element elementor-element-7d67bea elementor-nav-menu__align-justify elementor-nav-menu--dropdown-none submenu_waidring elementor-widget elementor-widget-nav-menu\" data-id=\"7d67bea\" data-element_type=\"widget\" data-e-type=\"widget\" data-settings=\"{&quot;submenu_icon&quot;:{&quot;value&quot;:&quot;&lt;i class=\\&quot;\\&quot; aria-hidden=\\&quot;true\\&quot;&gt;&lt;\\\/i&gt;&quot;,&quot;library&quot;:&quot;&quot;},&quot;layout&quot;:&quot;horizontal&quot;}\" data-widget_type=\"nav-menu.default\">\n\t\t\t\t<div class=\"elementor-widget-container\">\n\t\t\t\t\t\t\t\t<nav aria-label=\"Men\u00fc\" class=\"elementor-nav-menu--main elementor-nav-menu__container elementor-nav-menu--layout-horizontal e--pointer-none\">\n\t\t\t\t<ul id=\"menu-1-7d67bea\" class=\"elementor-nav-menu\"><li class=\"menu-item menu-item-type-post_type menu-item-object-page menu-item-27930\"><a href=\"https:\/\/www.waidringerhof.com\/es\/saunadorf\/\" class=\"elementor-item menu-link\">Zona de sauna y piscina panor\u00e1mica<\/a><\/li>\n<li class=\"menu-item menu-item-type-post_type menu-item-object-page menu-item-27929\"><a href=\"https:\/\/www.waidringerhof.com\/es\/wellness-spa\/\" class=\"elementor-item menu-link\">Bienestar y SPA<\/a><\/li>\n<li class=\"menu-item menu-item-type-post_type menu-item-object-page menu-item-27931\"><a href=\"https:\/\/www.waidringerhof.com\/es\/garten-schwimmteich\/\" class=\"elementor-item menu-link\">Jard\u00edn y estanque<\/a><\/li>\n<li class=\"menu-item menu-item-type-post_type menu-item-object-page menu-item-27932\"><a href=\"https:\/\/www.waidringerhof.com\/es\/fitness\/\" class=\"elementor-item menu-link\">gl\u00fccks.garten para esos momentos especiales<\/a><\/li>\n<\/ul>\t\t\t<\/nav>\n\t\t\t\t\t\t<nav class=\"elementor-nav-menu--dropdown elementor-nav-menu__container\" aria-hidden=\"true\">\n\t\t\t\t<ul id=\"menu-2-7d67bea\" class=\"elementor-nav-menu\"><li class=\"menu-item menu-item-type-post_type menu-item-object-page menu-item-27930\"><a href=\"https:\/\/www.waidringerhof.com\/es\/saunadorf\/\" class=\"elementor-item menu-link\" tabindex=\"-1\">Zona de sauna y piscina panor\u00e1mica<\/a><\/li>\n<li class=\"menu-item menu-item-type-post_type menu-item-object-page menu-item-27929\"><a href=\"https:\/\/www.waidringerhof.com\/es\/wellness-spa\/\" class=\"elementor-item menu-link\" tabindex=\"-1\">Bienestar y SPA<\/a><\/li>\n<li class=\"menu-item menu-item-type-post_type menu-item-object-page menu-item-27931\"><a href=\"https:\/\/www.waidringerhof.com\/es\/garten-schwimmteich\/\" class=\"elementor-item menu-link\" tabindex=\"-1\">Jard\u00edn y estanque<\/a><\/li>\n<li class=\"menu-item menu-item-type-post_type menu-item-object-page menu-item-27932\"><a href=\"https:\/\/www.waidringerhof.com\/es\/fitness\/\" class=\"elementor-item menu-link\" tabindex=\"-1\">gl\u00fccks.garten para esos momentos especiales<\/a><\/li>\n<\/ul>\t\t\t<\/nav>\n\t\t\t\t\t\t<\/div>\n\t\t\t\t<\/div>\n\t\t\t\t\t<\/div>\n\t\t\t\t<\/div>\n\t\t\t\t<\/div>\n\t\t","protected":false},"excerpt":{"rendered":"<p>\u00c1rea de fitness Activo y en forma en vacaciones La sala de fitness del Waidringer Hof est\u00e1 perfectamente equipada para un entrenamiento eficaz: Erg\u00f3metros, bicicletas est\u00e1ticas y bicicletas el\u00edpticas TechnoGym. Equipamiento de fuerza para entrenamientos espec\u00edficos. La fachada con ventanas orientadas al sur aporta luz y naturaleza a tu entrenamiento: una experiencia de fitness sin [&hellip;]<\/p>\n","protected":false},"author":9,"featured_media":0,"parent":0,"menu_order":0,"comment_status":"closed","ping_status":"closed","template":"elementor_header_footer","meta":{"_acf_changed":false,"site-sidebar-layout":"no-sidebar","site-content-layout":"plain-container","ast-site-content-layout":"normal-width-container","site-content-style":"unboxed","site-sidebar-style":"unboxed","ast-global-header-display":"","ast-banner-title-visibility":"","ast-main-header-display":"","ast-hfb-above-header-display":"","ast-hfb-below-header-display":"","ast-hfb-mobile-header-display":"","site-post-title":"disabled","ast-breadcrumbs-content":"","ast-featured-img":"disabled","footer-sml-layout":"","ast-disable-related-posts":"","theme-transparent-header-meta":"","adv-header-id-meta":"","stick-header-meta":"","header-above-stick-meta":"","header-main-stick-meta":"","header-below-stick-meta":"","astra-migrate-meta-layouts":"set","ast-page-background-enabled":"default","ast-page-background-meta":{"desktop":{"background-color":"var(--ast-global-color-4)","background-image":"","background-repeat":"repeat","background-position":"center center","background-size":"auto","background-attachment":"scroll","background-type":"","background-media":"","overlay-type":"","overlay-color":"","overlay-opacity":"","overlay-gradient":""},"tablet":{"background-color":"","background-image":"","background-repeat":"repeat","background-position":"center center","background-size":"auto","background-attachment":"scroll","background-type":"","background-media":"","overlay-type":"","overlay-color":"","overlay-opacity":"","overlay-gradient":""},"mobile":{"background-color":"","background-image":"","background-repeat":"repeat","background-position":"center center","background-size":"auto","background-attachment":"scroll","background-type":"","background-media":"","overlay-type":"","overlay-color":"","overlay-opacity":"","overlay-gradient":""}},"ast-content-background-meta":{"desktop":{"background-color":"var(--ast-global-color-5)","background-image":"","background-repeat":"repeat","background-position":"center center","background-size":"auto","background-attachment":"scroll","background-type":"","background-media":"","overlay-type":"","overlay-color":"","overlay-opacity":"","overlay-gradient":""},"tablet":{"background-color":"var(--ast-global-color-5)","background-image":"","background-repeat":"repeat","background-position":"center center","background-size":"auto","background-attachment":"scroll","background-type":"","background-media":"","overlay-type":"","overlay-color":"","overlay-opacity":"","overlay-gradient":""},"mobile":{"background-color":"var(--ast-global-color-5)","background-image":"","background-repeat":"repeat","background-position":"center center","background-size":"auto","background-attachment":"scroll","background-type":"","background-media":"","overlay-type":"","overlay-color":"","overlay-opacity":"","overlay-gradient":""}},"footnotes":""},"class_list":["post-11263","page","type-page","status-publish","hentry"],"acf":{"js_im_header_seekda_offer":"","js_im_footer_conversion":""},"yoast_head":"<!-- This site is optimized with the Yoast SEO plugin v27.2 - https:\/\/yoast.com\/product\/yoast-seo-wordpress\/ -->\n<title>gl\u00fccks.garten para esos momentos especiales - Waidringerhof<\/title>\n<meta name=\"robots\" content=\"index, follow, max-snippet:-1, max-image-preview:large, max-video-preview:-1\" \/>\n<link rel=\"canonical\" href=\"https:\/\/www.waidringerhof.com\/es\/fitness\/\" \/>\n<meta property=\"og:locale\" content=\"es_ES\" \/>\n<meta property=\"og:type\" content=\"article\" \/>\n<meta property=\"og:title\" content=\"gl\u00fccks.garten para esos momentos especiales - Waidringerhof\" \/>\n<meta property=\"og:description\" content=\"\u00c1rea de fitness Activo y en forma en vacaciones La sala de fitness del Waidringer Hof est\u00e1 perfectamente equipada para un entrenamiento eficaz: Erg\u00f3metros, bicicletas est\u00e1ticas y bicicletas el\u00edpticas TechnoGym. Equipamiento de fuerza para entrenamientos espec\u00edficos. La fachada con ventanas orientadas al sur aporta luz y naturaleza a tu entrenamiento: una experiencia de fitness sin [&hellip;]\" \/>\n<meta property=\"og:url\" content=\"https:\/\/www.waidringerhof.com\/es\/fitness\/\" \/>\n<meta property=\"og:site_name\" content=\"Waidringerhof\" \/>\n<meta property=\"article:publisher\" content=\"https:\/\/www.facebook.com\/glueckshotel.tirol\" \/>\n<meta property=\"og:image\" content=\"https:\/\/dev.waidringerhof.com\/wp-content\/uploads\/2024\/11\/fitness_0000_DSC04255-300x169.jpg\" \/>\n<meta name=\"twitter:card\" content=\"summary_large_image\" \/>\n<meta name=\"twitter:label1\" content=\"Tiempo de lectura\" \/>\n\t<meta name=\"twitter:data1\" content=\"1 minuto\" \/>\n<script type=\"application\/ld+json\" class=\"yoast-schema-graph\">{\"@context\":\"https:\/\/schema.org\",\"@graph\":[{\"@type\":\"WebPage\",\"@id\":\"https:\/\/www.waidringerhof.com\/es\/fitness\/\",\"url\":\"https:\/\/www.waidringerhof.com\/es\/fitness\/\",\"name\":\"gl\u00fccks.garten para esos momentos especiales - Waidringerhof\",\"isPartOf\":{\"@id\":\"https:\/\/www.waidringerhof.com\/es\/#website\"},\"primaryImageOfPage\":{\"@id\":\"https:\/\/www.waidringerhof.com\/es\/fitness\/#primaryimage\"},\"image\":{\"@id\":\"https:\/\/www.waidringerhof.com\/es\/fitness\/#primaryimage\"},\"thumbnailUrl\":\"https:\/\/dev.waidringerhof.com\/wp-content\/uploads\/2024\/11\/fitness_0000_DSC04255-300x169.jpg\",\"datePublished\":\"2025-05-11T10:40:48+00:00\",\"breadcrumb\":{\"@id\":\"https:\/\/www.waidringerhof.com\/es\/fitness\/#breadcrumb\"},\"inLanguage\":\"es\",\"potentialAction\":[{\"@type\":\"ReadAction\",\"target\":[\"https:\/\/www.waidringerhof.com\/es\/fitness\/\"]}]},{\"@type\":\"ImageObject\",\"inLanguage\":\"es\",\"@id\":\"https:\/\/www.waidringerhof.com\/es\/fitness\/#primaryimage\",\"url\":\"https:\/\/dev.waidringerhof.com\/wp-content\/uploads\/2024\/11\/fitness_0000_DSC04255-300x169.jpg\",\"contentUrl\":\"https:\/\/dev.waidringerhof.com\/wp-content\/uploads\/2024\/11\/fitness_0000_DSC04255-300x169.jpg\"},{\"@type\":\"BreadcrumbList\",\"@id\":\"https:\/\/www.waidringerhof.com\/es\/fitness\/#breadcrumb\",\"itemListElement\":[{\"@type\":\"ListItem\",\"position\":1,\"name\":\"Startseite\",\"item\":\"https:\/\/www.waidringerhof.com\/es\/\"},{\"@type\":\"ListItem\",\"position\":2,\"name\":\"gl\u00fccks.garten para esos momentos especiales\"}]},{\"@type\":\"WebSite\",\"@id\":\"https:\/\/www.waidringerhof.com\/es\/#website\",\"url\":\"https:\/\/www.waidringerhof.com\/es\/\",\"name\":\"Waidringerhof 4-Sterne-Superior\",\"description\":\"Willkommen im 1. Tiroler Gl\u00fcckshotel\",\"publisher\":{\"@id\":\"https:\/\/www.waidringerhof.com\/es\/#organization\"},\"potentialAction\":[{\"@type\":\"SearchAction\",\"target\":{\"@type\":\"EntryPoint\",\"urlTemplate\":\"https:\/\/www.waidringerhof.com\/es\/?s={search_term_string}\"},\"query-input\":{\"@type\":\"PropertyValueSpecification\",\"valueRequired\":true,\"valueName\":\"search_term_string\"}}],\"inLanguage\":\"es\"},{\"@type\":\"Organization\",\"@id\":\"https:\/\/www.waidringerhof.com\/es\/#organization\",\"name\":\"Waidringerhof 4-Sterne-Superior\",\"url\":\"https:\/\/www.waidringerhof.com\/es\/\",\"logo\":{\"@type\":\"ImageObject\",\"inLanguage\":\"es\",\"@id\":\"https:\/\/www.waidringerhof.com\/es\/#\/schema\/logo\/image\/\",\"url\":\"https:\/\/www.waidringerhof.com\/wp-content\/uploads\/2023\/08\/Logo_Waidringer_Hof.svg\",\"contentUrl\":\"https:\/\/www.waidringerhof.com\/wp-content\/uploads\/2023\/08\/Logo_Waidringer_Hof.svg\",\"width\":410,\"height\":410,\"caption\":\"Waidringerhof 4-Sterne-Superior\"},\"image\":{\"@id\":\"https:\/\/www.waidringerhof.com\/es\/#\/schema\/logo\/image\/\"},\"sameAs\":[\"https:\/\/www.facebook.com\/glueckshotel.tirol\"]}]}<\/script>\n<!-- \/ Yoast SEO plugin. -->","yoast_head_json":{"title":"gl\u00fccks.garten para esos momentos especiales - Waidringerhof","robots":{"index":"index","follow":"follow","max-snippet":"max-snippet:-1","max-image-preview":"max-image-preview:large","max-video-preview":"max-video-preview:-1"},"canonical":"https:\/\/www.waidringerhof.com\/es\/fitness\/","og_locale":"es_ES","og_type":"article","og_title":"gl\u00fccks.garten para esos momentos especiales - Waidringerhof","og_description":"\u00c1rea de fitness Activo y en forma en vacaciones La sala de fitness del Waidringer Hof est\u00e1 perfectamente equipada para un entrenamiento eficaz: Erg\u00f3metros, bicicletas est\u00e1ticas y bicicletas el\u00edpticas TechnoGym. Equipamiento de fuerza para entrenamientos espec\u00edficos. La fachada con ventanas orientadas al sur aporta luz y naturaleza a tu entrenamiento: una experiencia de fitness sin [&hellip;]","og_url":"https:\/\/www.waidringerhof.com\/es\/fitness\/","og_site_name":"Waidringerhof","article_publisher":"https:\/\/www.facebook.com\/glueckshotel.tirol","og_image":[{"url":"https:\/\/dev.waidringerhof.com\/wp-content\/uploads\/2024\/11\/fitness_0000_DSC04255-300x169.jpg","type":"","width":"","height":""}],"twitter_card":"summary_large_image","twitter_misc":{"Tiempo de lectura":"1 minuto"},"schema":{"@context":"https:\/\/schema.org","@graph":[{"@type":"WebPage","@id":"https:\/\/www.waidringerhof.com\/es\/fitness\/","url":"https:\/\/www.waidringerhof.com\/es\/fitness\/","name":"gl\u00fccks.garten para esos momentos especiales - Waidringerhof","isPartOf":{"@id":"https:\/\/www.waidringerhof.com\/es\/#website"},"primaryImageOfPage":{"@id":"https:\/\/www.waidringerhof.com\/es\/fitness\/#primaryimage"},"image":{"@id":"https:\/\/www.waidringerhof.com\/es\/fitness\/#primaryimage"},"thumbnailUrl":"https:\/\/dev.waidringerhof.com\/wp-content\/uploads\/2024\/11\/fitness_0000_DSC04255-300x169.jpg","datePublished":"2025-05-11T10:40:48+00:00","breadcrumb":{"@id":"https:\/\/www.waidringerhof.com\/es\/fitness\/#breadcrumb"},"inLanguage":"es","potentialAction":[{"@type":"ReadAction","target":["https:\/\/www.waidringerhof.com\/es\/fitness\/"]}]},{"@type":"ImageObject","inLanguage":"es","@id":"https:\/\/www.waidringerhof.com\/es\/fitness\/#primaryimage","url":"https:\/\/dev.waidringerhof.com\/wp-content\/uploads\/2024\/11\/fitness_0000_DSC04255-300x169.jpg","contentUrl":"https:\/\/dev.waidringerhof.com\/wp-content\/uploads\/2024\/11\/fitness_0000_DSC04255-300x169.jpg"},{"@type":"BreadcrumbList","@id":"https:\/\/www.waidringerhof.com\/es\/fitness\/#breadcrumb","itemListElement":[{"@type":"ListItem","position":1,"name":"Startseite","item":"https:\/\/www.waidringerhof.com\/es\/"},{"@type":"ListItem","position":2,"name":"gl\u00fccks.garten para esos momentos especiales"}]},{"@type":"WebSite","@id":"https:\/\/www.waidringerhof.com\/es\/#website","url":"https:\/\/www.waidringerhof.com\/es\/","name":"Waidringerhof 4-Sterne-Superior","description":"Willkommen im 1. Tiroler Gl\u00fcckshotel","publisher":{"@id":"https:\/\/www.waidringerhof.com\/es\/#organization"},"potentialAction":[{"@type":"SearchAction","target":{"@type":"EntryPoint","urlTemplate":"https:\/\/www.waidringerhof.com\/es\/?s={search_term_string}"},"query-input":{"@type":"PropertyValueSpecification","valueRequired":true,"valueName":"search_term_string"}}],"inLanguage":"es"},{"@type":"Organization","@id":"https:\/\/www.waidringerhof.com\/es\/#organization","name":"Waidringerhof 4-Sterne-Superior","url":"https:\/\/www.waidringerhof.com\/es\/","logo":{"@type":"ImageObject","inLanguage":"es","@id":"https:\/\/www.waidringerhof.com\/es\/#\/schema\/logo\/image\/","url":"https:\/\/www.waidringerhof.com\/wp-content\/uploads\/2023\/08\/Logo_Waidringer_Hof.svg","contentUrl":"https:\/\/www.waidringerhof.com\/wp-content\/uploads\/2023\/08\/Logo_Waidringer_Hof.svg","width":410,"height":410,"caption":"Waidringerhof 4-Sterne-Superior"},"image":{"@id":"https:\/\/www.waidringerhof.com\/es\/#\/schema\/logo\/image\/"},"sameAs":["https:\/\/www.facebook.com\/glueckshotel.tirol"]}]}},"_links":{"self":[{"href":"https:\/\/www.waidringerhof.com\/es\/wp-json\/wp\/v2\/pages\/11263","targetHints":{"allow":["GET"]}}],"collection":[{"href":"https:\/\/www.waidringerhof.com\/es\/wp-json\/wp\/v2\/pages"}],"about":[{"href":"https:\/\/www.waidringerhof.com\/es\/wp-json\/wp\/v2\/types\/page"}],"author":[{"embeddable":true,"href":"https:\/\/www.waidringerhof.com\/es\/wp-json\/wp\/v2\/users\/9"}],"replies":[{"embeddable":true,"href":"https:\/\/www.waidringerhof.com\/es\/wp-json\/wp\/v2\/comments?post=11263"}],"version-history":[{"count":17,"href":"https:\/\/www.waidringerhof.com\/es\/wp-json\/wp\/v2\/pages\/11263\/revisions"}],"predecessor-version":[{"id":27814,"href":"https:\/\/www.waidringerhof.com\/es\/wp-json\/wp\/v2\/pages\/11263\/revisions\/27814"}],"wp:attachment":[{"href":"https:\/\/www.waidringerhof.com\/es\/wp-json\/wp\/v2\/media?parent=11263"}],"curies":[{"name":"wp","href":"https:\/\/api.w.org\/{rel}","templated":true}]}}