{"id":11188,"date":"2025-05-16T17:24:20","date_gmt":"2025-05-16T15:24:20","guid":{"rendered":"https:\/\/www.waidringerhof.com\/hotel-waidringer\/restaurante-bar\/"},"modified":"2025-03-17T18:57:36","modified_gmt":"2025-03-17T17:57:36","slug":"restaurant-bar","status":"publish","type":"page","link":"https:\/\/www.waidringerhof.com\/es\/restaurant-bar\/","title":{"rendered":"Restaurante y Bar"},"content":{"rendered":"\t\t<div data-elementor-type=\"wp-page\" data-elementor-id=\"11188\" class=\"elementor elementor-11188 elementor-3879\" data-elementor-post-type=\"page\">\n\t\t\t\t<div class=\"elementor-element elementor-element-768e569 e-flex e-con-boxed e-con e-parent\" data-id=\"768e569\" data-element_type=\"container\" data-e-type=\"container\" data-settings=\"{&quot;background_background&quot;:&quot;classic&quot;}\">\n\t\t\t\t\t<div class=\"e-con-inner\">\n\t\t<div class=\"elementor-element elementor-element-9a191c0 e-con-full e-flex e-con e-child\" data-id=\"9a191c0\" data-element_type=\"container\" data-e-type=\"container\">\n\t\t\t\t<\/div>\n\t\t\t\t\t<\/div>\n\t\t\t\t<\/div>\n\t\t<div class=\"elementor-element elementor-element-d251cd5 e-flex e-con-boxed e-con e-parent\" data-id=\"d251cd5\" data-element_type=\"container\" data-e-type=\"container\">\n\t\t\t\t\t<div class=\"e-con-inner\">\n\t\t<div class=\"elementor-element elementor-element-d22cd3c e-con-full e-flex e-con e-child\" data-id=\"d22cd3c\" data-element_type=\"container\" data-e-type=\"container\">\n\t\t\t\t<div class=\"elementor-element elementor-element-5b648d8 elementor-widget elementor-widget-heading\" data-id=\"5b648d8\" data-element_type=\"widget\" data-e-type=\"widget\" data-widget_type=\"heading.default\">\n\t\t\t\t<div class=\"elementor-widget-container\">\n\t\t\t\t\t<h2 class=\"elementor-heading-title elementor-size-default\">Restaurante y Bar<\/h2>\t\t\t\t<\/div>\n\t\t\t\t<\/div>\n\t\t\t\t<div class=\"elementor-element elementor-element-c97fc99 elementor-widget elementor-widget-heading\" data-id=\"c97fc99\" data-element_type=\"widget\" data-e-type=\"widget\" data-widget_type=\"heading.default\">\n\t\t\t\t<div class=\"elementor-widget-container\">\n\t\t\t\t\t<h5 class=\"elementor-heading-title elementor-size-default\">Salones r\u00fasticos y restaurante elegante y acogedor<\/h5>\t\t\t\t<\/div>\n\t\t\t\t<\/div>\n\t\t\t\t<div class=\"elementor-element elementor-element-3e09761 elementor-widget elementor-widget-text-editor\" data-id=\"3e09761\" data-element_type=\"widget\" data-e-type=\"widget\" data-widget_type=\"text-editor.default\">\n\t\t\t\t<div class=\"elementor-widget-container\">\n\t\t\t\t\t\t\t\t\t<p>Disfruta de delicias culinarias en salones r\u00fasticos de m\u00e1s de 100 a\u00f1os de antig\u00fcedad o en el elegante y acogedor comedor. Con mucho encanto tirol\u00e9s y un ambiente c\u00e1lido, nuestro restaurante te invita a darte un capricho. <\/p>\t\t\t\t\t\t\t\t<\/div>\n\t\t\t\t<\/div>\n\t\t\t\t<div class=\"elementor-element elementor-element-54c406b elementor-widget elementor-widget-text-editor\" data-id=\"54c406b\" data-element_type=\"widget\" data-e-type=\"widget\" data-widget_type=\"text-editor.default\">\n\t\t\t\t<div class=\"elementor-widget-container\">\n\t\t\t\t\t\t\t\t\t<p>En la soleada terraza, puedes disfrutar de vinos selectos, batidos afrutados o t\u00e9 ecol\u00f3gico en un ambiente relajado. Los acogedores asientos y el bar te invitan a quedarte: el lugar perfecto para reflexionar sobre el d\u00eda o hacer nuevos planes. <\/p>\t\t\t\t\t\t\t\t<\/div>\n\t\t\t\t<\/div>\n\t\t\t\t<\/div>\n\t\t<div class=\"elementor-element elementor-element-5cba825 e-con-full e-flex e-con e-child\" data-id=\"5cba825\" data-element_type=\"container\" data-e-type=\"container\">\n\t\t<div class=\"elementor-element elementor-element-54c2b8e e-con-full e-flex e-con e-child\" data-id=\"54c2b8e\" data-element_type=\"container\" data-e-type=\"container\">\n\t\t\t\t<div class=\"elementor-element elementor-element-951a533 uael-img-grid__column-2 uael-img-grid-tablet__column-2 uael-img-grid-mobile__column-2 uael-ins-normal elementor-widget elementor-widget-uael-image-gallery\" data-id=\"951a533\" data-element_type=\"widget\" data-e-type=\"widget\" data-settings=\"{&quot;gallery_columns&quot;:&quot;2&quot;,&quot;column_gap&quot;:{&quot;unit&quot;:&quot;px&quot;,&quot;size&quot;:2,&quot;sizes&quot;:[]},&quot;column_gap_mobile&quot;:{&quot;unit&quot;:&quot;px&quot;,&quot;size&quot;:2,&quot;sizes&quot;:[]},&quot;row_gap&quot;:{&quot;unit&quot;:&quot;px&quot;,&quot;size&quot;:2,&quot;sizes&quot;:[]},&quot;row_gap_mobile&quot;:{&quot;unit&quot;:&quot;px&quot;,&quot;size&quot;:2,&quot;sizes&quot;:[]},&quot;gallery_columns_tablet&quot;:&quot;2&quot;,&quot;gallery_columns_mobile&quot;:&quot;2&quot;,&quot;column_gap_tablet&quot;:{&quot;unit&quot;:&quot;px&quot;,&quot;size&quot;:&quot;&quot;,&quot;sizes&quot;:[]},&quot;row_gap_tablet&quot;:{&quot;unit&quot;:&quot;px&quot;,&quot;size&quot;:&quot;&quot;,&quot;sizes&quot;:[]},&quot;images_valign&quot;:&quot;flex-start&quot;,&quot;overlay_image_size_hover&quot;:{&quot;unit&quot;:&quot;px&quot;,&quot;size&quot;:50,&quot;sizes&quot;:[]},&quot;overlay_image_size_hover_tablet&quot;:{&quot;unit&quot;:&quot;px&quot;,&quot;size&quot;:&quot;&quot;,&quot;sizes&quot;:[]},&quot;overlay_image_size_hover_mobile&quot;:{&quot;unit&quot;:&quot;px&quot;,&quot;size&quot;:&quot;&quot;,&quot;sizes&quot;:[]}}\" data-widget_type=\"uael-image-gallery.default\">\n\t\t\t\t<div class=\"elementor-widget-container\">\n\t\t\t\t\t<div class=\"uael-gallery-parent uael-caption- uael-gallery-unjustified\"><div class=\"uael-img-gallery-wrap uael-img-grid-wrap uael-img-grid-masonry-wrap uael-image-lightbox-wrap\" data-filter-default=\"Todos\" data-lightbox_actions=\"[&quot;close&quot;]\" data-lightbox-gallery-loop=\"\"><div class=\"uael-grid-item  uael-img-gallery-item-1\"><div class=\"uael-grid-item-content\"><a class=\"uael-grid-img uael-grid-gallery-img uael-ins-hover elementor-clickable\" data-fancybox=\"uael-gallery\" href=\"https:\/\/www.waidringerhof.com\/wp-content\/uploads\/2024\/11\/Restaurant_eingedeckt_Waidringerhof.jpg\" data-elementor-open-lightbox=\"no\"><div class=\"uael-grid-img-thumbnail uael-ins-target\"><img fetchpriority=\"high\" decoding=\"async\" width=\"300\" height=\"169\" src=\"https:\/\/www.waidringerhof.com\/wp-content\/uploads\/2024\/11\/Restaurant_eingedeckt_Waidringerhof-300x169.jpg\" class=\"attachment-medium size-medium wp-image-26808\" alt=\"\" srcset=\"https:\/\/www.waidringerhof.com\/wp-content\/uploads\/2024\/11\/Restaurant_eingedeckt_Waidringerhof-300x169.jpg 300w, https:\/\/www.waidringerhof.com\/wp-content\/uploads\/2024\/11\/Restaurant_eingedeckt_Waidringerhof-1024x576.jpg 1024w, https:\/\/www.waidringerhof.com\/wp-content\/uploads\/2024\/11\/Restaurant_eingedeckt_Waidringerhof-768x432.jpg 768w, https:\/\/www.waidringerhof.com\/wp-content\/uploads\/2024\/11\/Restaurant_eingedeckt_Waidringerhof-1536x864.jpg 1536w, https:\/\/www.waidringerhof.com\/wp-content\/uploads\/2024\/11\/Restaurant_eingedeckt_Waidringerhof.jpg 1920w\" sizes=\"(max-width: 300px) 100vw, 300px\" \/><\/div><div class=\"uael-grid-img-overlay\"><img decoding=\"async\" class=\"uael-overlay-img\" src=\"https:\/\/www.waidringerhof.com\/wp-content\/uploads\/2024\/07\/logo-icon-white.png\" alt=\"logo-icon-white\"><\/div><\/a><\/div><\/div><div class=\"uael-grid-item  uael-img-gallery-item-2\"><div class=\"uael-grid-item-content\"><a class=\"uael-grid-img uael-grid-gallery-img uael-ins-hover elementor-clickable\" data-fancybox=\"uael-gallery\" href=\"https:\/\/www.waidringerhof.com\/wp-content\/uploads\/2024\/11\/restaurant_0002_Speisesaal.jpg\" data-elementor-open-lightbox=\"no\"><div class=\"uael-grid-img-thumbnail uael-ins-target\"><img decoding=\"async\" width=\"300\" height=\"169\" src=\"https:\/\/www.waidringerhof.com\/wp-content\/uploads\/2024\/11\/restaurant_0002_Speisesaal-300x169.jpg\" class=\"attachment-medium size-medium wp-image-26525\" alt=\"\" srcset=\"https:\/\/www.waidringerhof.com\/wp-content\/uploads\/2024\/11\/restaurant_0002_Speisesaal-300x169.jpg 300w, https:\/\/www.waidringerhof.com\/wp-content\/uploads\/2024\/11\/restaurant_0002_Speisesaal-1024x576.jpg 1024w, https:\/\/www.waidringerhof.com\/wp-content\/uploads\/2024\/11\/restaurant_0002_Speisesaal-768x432.jpg 768w, https:\/\/www.waidringerhof.com\/wp-content\/uploads\/2024\/11\/restaurant_0002_Speisesaal-1536x864.jpg 1536w, https:\/\/www.waidringerhof.com\/wp-content\/uploads\/2024\/11\/restaurant_0002_Speisesaal.jpg 1920w\" sizes=\"(max-width: 300px) 100vw, 300px\" \/><\/div><div class=\"uael-grid-img-overlay\"><img decoding=\"async\" class=\"uael-overlay-img\" src=\"https:\/\/www.waidringerhof.com\/wp-content\/uploads\/2024\/07\/logo-icon-white.png\" alt=\"logo-icon-white\"><\/div><\/a><\/div><\/div><div class=\"uael-grid-item  uael-img-gallery-item-3\"><div class=\"uael-grid-item-content\"><a class=\"uael-grid-img uael-grid-gallery-img uael-ins-hover elementor-clickable\" data-fancybox=\"uael-gallery\" href=\"https:\/\/www.waidringerhof.com\/wp-content\/uploads\/2024\/11\/restaurant_0000_Einblick_Restaurant.jpg\" data-elementor-open-lightbox=\"no\"><div class=\"uael-grid-img-thumbnail uael-ins-target\"><img decoding=\"async\" width=\"300\" height=\"169\" src=\"https:\/\/www.waidringerhof.com\/wp-content\/uploads\/2024\/11\/restaurant_0000_Einblick_Restaurant-300x169.jpg\" class=\"attachment-medium size-medium wp-image-26531\" alt=\"\" srcset=\"https:\/\/www.waidringerhof.com\/wp-content\/uploads\/2024\/11\/restaurant_0000_Einblick_Restaurant-300x169.jpg 300w, https:\/\/www.waidringerhof.com\/wp-content\/uploads\/2024\/11\/restaurant_0000_Einblick_Restaurant-1024x576.jpg 1024w, https:\/\/www.waidringerhof.com\/wp-content\/uploads\/2024\/11\/restaurant_0000_Einblick_Restaurant-768x432.jpg 768w, https:\/\/www.waidringerhof.com\/wp-content\/uploads\/2024\/11\/restaurant_0000_Einblick_Restaurant-1536x864.jpg 1536w, https:\/\/www.waidringerhof.com\/wp-content\/uploads\/2024\/11\/restaurant_0000_Einblick_Restaurant.jpg 1920w\" sizes=\"(max-width: 300px) 100vw, 300px\" \/><\/div><div class=\"uael-grid-img-overlay\"><img decoding=\"async\" class=\"uael-overlay-img\" src=\"https:\/\/www.waidringerhof.com\/wp-content\/uploads\/2024\/07\/logo-icon-white.png\" alt=\"logo-icon-white\"><\/div><\/a><\/div><\/div><div class=\"uael-grid-item  uael-img-gallery-item-4\"><div class=\"uael-grid-item-content\"><a class=\"uael-grid-img uael-grid-gallery-img uael-ins-hover elementor-clickable\" data-fancybox=\"uael-gallery\" href=\"https:\/\/www.waidringerhof.com\/wp-content\/uploads\/2017\/11\/Restaurant_6.jpg\" data-elementor-open-lightbox=\"no\"><div class=\"uael-grid-img-thumbnail uael-ins-target\"><img loading=\"lazy\" decoding=\"async\" width=\"300\" height=\"200\" src=\"https:\/\/www.waidringerhof.com\/wp-content\/uploads\/2017\/11\/Restaurant_6-300x200.jpg\" class=\"attachment-medium size-medium wp-image-5970\" alt=\"\" srcset=\"https:\/\/www.waidringerhof.com\/wp-content\/uploads\/2017\/11\/Restaurant_6-300x200.jpg 300w, https:\/\/www.waidringerhof.com\/wp-content\/uploads\/2017\/11\/Restaurant_6-768x512.jpg 768w, https:\/\/www.waidringerhof.com\/wp-content\/uploads\/2017\/11\/Restaurant_6.jpg 1024w, https:\/\/www.waidringerhof.com\/wp-content\/uploads\/2017\/11\/Restaurant_6-80x53.jpg 80w, https:\/\/www.waidringerhof.com\/wp-content\/uploads\/2017\/11\/Restaurant_6-24x16.jpg 24w, https:\/\/www.waidringerhof.com\/wp-content\/uploads\/2017\/11\/Restaurant_6-36x24.jpg 36w, https:\/\/www.waidringerhof.com\/wp-content\/uploads\/2017\/11\/Restaurant_6-48x32.jpg 48w\" sizes=\"(max-width: 300px) 100vw, 300px\" \/><\/div><div class=\"uael-grid-img-overlay\"><img decoding=\"async\" class=\"uael-overlay-img\" src=\"https:\/\/www.waidringerhof.com\/wp-content\/uploads\/2024\/07\/logo-icon-white.png\" alt=\"logo-icon-white\"><\/div><\/a><\/div><\/div><\/div><\/div>\t\t\t\t<\/div>\n\t\t\t\t<\/div>\n\t\t\t\t<\/div>\n\t\t\t\t<\/div>\n\t\t\t\t\t<\/div>\n\t\t\t\t<\/div>\n\t\t<div class=\"elementor-element elementor-element-b821604 e-flex e-con-boxed e-con e-parent\" data-id=\"b821604\" data-element_type=\"container\" data-e-type=\"container\" data-settings=\"{&quot;background_background&quot;:&quot;classic&quot;}\">\n\t\t\t\t\t<div class=\"e-con-inner\">\n\t\t\t\t<div class=\"elementor-element elementor-element-32688ad elementor-nav-menu__align-justify elementor-nav-menu--dropdown-none submenu_waidring elementor-widget elementor-widget-nav-menu\" data-id=\"32688ad\" data-element_type=\"widget\" data-e-type=\"widget\" data-settings=\"{&quot;submenu_icon&quot;:{&quot;value&quot;:&quot;&lt;i class=\\&quot;\\&quot; aria-hidden=\\&quot;true\\&quot;&gt;&lt;\\\/i&gt;&quot;,&quot;library&quot;:&quot;&quot;},&quot;layout&quot;:&quot;horizontal&quot;}\" data-widget_type=\"nav-menu.default\">\n\t\t\t\t<div class=\"elementor-widget-container\">\n\t\t\t\t\t\t\t\t<nav aria-label=\"Men\u00fc\" class=\"elementor-nav-menu--main elementor-nav-menu__container elementor-nav-menu--layout-horizontal e--pointer-none\">\n\t\t\t\t<ul id=\"menu-1-32688ad\" class=\"elementor-nav-menu\"><li class=\"menu-item menu-item-type-post_type menu-item-object-page menu-item-27922\"><a href=\"https:\/\/www.waidringerhof.com\/es\/kulinarik\/\" class=\"elementor-item menu-link\">Delicias culinarias<\/a><\/li>\n<li class=\"menu-item menu-item-type-post_type menu-item-object-page menu-item-27923\"><a href=\"https:\/\/www.waidringerhof.com\/es\/fruehstueck\/\" class=\"elementor-item menu-link\">Desayuno<\/a><\/li>\n<li class=\"menu-item menu-item-type-post_type menu-item-object-page menu-item-27924\"><a href=\"https:\/\/www.waidringerhof.com\/es\/restaurant-bar\/\" class=\"elementor-item menu-link\">Restaurante y Bar<\/a><\/li>\n<\/ul>\t\t\t<\/nav>\n\t\t\t\t\t\t<nav class=\"elementor-nav-menu--dropdown elementor-nav-menu__container\" aria-hidden=\"true\">\n\t\t\t\t<ul id=\"menu-2-32688ad\" class=\"elementor-nav-menu\"><li class=\"menu-item menu-item-type-post_type menu-item-object-page menu-item-27922\"><a href=\"https:\/\/www.waidringerhof.com\/es\/kulinarik\/\" class=\"elementor-item menu-link\" tabindex=\"-1\">Delicias culinarias<\/a><\/li>\n<li class=\"menu-item menu-item-type-post_type menu-item-object-page menu-item-27923\"><a href=\"https:\/\/www.waidringerhof.com\/es\/fruehstueck\/\" class=\"elementor-item menu-link\" tabindex=\"-1\">Desayuno<\/a><\/li>\n<li class=\"menu-item menu-item-type-post_type menu-item-object-page menu-item-27924\"><a href=\"https:\/\/www.waidringerhof.com\/es\/restaurant-bar\/\" class=\"elementor-item menu-link\" tabindex=\"-1\">Restaurante y Bar<\/a><\/li>\n<\/ul>\t\t\t<\/nav>\n\t\t\t\t\t\t<\/div>\n\t\t\t\t<\/div>\n\t\t\t\t\t<\/div>\n\t\t\t\t<\/div>\n\t\t\t\t<\/div>\n\t\t","protected":false},"excerpt":{"rendered":"<p>Restaurante y Bar Salones r\u00fasticos y restaurante elegante y acogedor Disfruta de delicias culinarias en salones r\u00fasticos de m\u00e1s de 100 a\u00f1os de antig\u00fcedad o en el elegante y acogedor comedor. Con mucho encanto tirol\u00e9s y un ambiente c\u00e1lido, nuestro restaurante te invita a darte un capricho. En la soleada terraza, puedes disfrutar de vinos [&hellip;]<\/p>\n","protected":false},"author":9,"featured_media":0,"parent":0,"menu_order":0,"comment_status":"closed","ping_status":"closed","template":"elementor_header_footer","meta":{"_acf_changed":false,"site-sidebar-layout":"no-sidebar","site-content-layout":"plain-container","ast-site-content-layout":"normal-width-container","site-content-style":"unboxed","site-sidebar-style":"unboxed","ast-global-header-display":"","ast-banner-title-visibility":"","ast-main-header-display":"","ast-hfb-above-header-display":"","ast-hfb-below-header-display":"","ast-hfb-mobile-header-display":"","site-post-title":"disabled","ast-breadcrumbs-content":"","ast-featured-img":"disabled","footer-sml-layout":"","ast-disable-related-posts":"","theme-transparent-header-meta":"","adv-header-id-meta":"","stick-header-meta":"","header-above-stick-meta":"","header-main-stick-meta":"","header-below-stick-meta":"","astra-migrate-meta-layouts":"set","ast-page-background-enabled":"default","ast-page-background-meta":{"desktop":{"background-color":"var(--ast-global-color-4)","background-image":"","background-repeat":"repeat","background-position":"center center","background-size":"auto","background-attachment":"scroll","background-type":"","background-media":"","overlay-type":"","overlay-color":"","overlay-opacity":"","overlay-gradient":""},"tablet":{"background-color":"","background-image":"","background-repeat":"repeat","background-position":"center center","background-size":"auto","background-attachment":"scroll","background-type":"","background-media":"","overlay-type":"","overlay-color":"","overlay-opacity":"","overlay-gradient":""},"mobile":{"background-color":"","background-image":"","background-repeat":"repeat","background-position":"center center","background-size":"auto","background-attachment":"scroll","background-type":"","background-media":"","overlay-type":"","overlay-color":"","overlay-opacity":"","overlay-gradient":""}},"ast-content-background-meta":{"desktop":{"background-color":"var(--ast-global-color-5)","background-image":"","background-repeat":"repeat","background-position":"center center","background-size":"auto","background-attachment":"scroll","background-type":"","background-media":"","overlay-type":"","overlay-color":"","overlay-opacity":"","overlay-gradient":""},"tablet":{"background-color":"var(--ast-global-color-5)","background-image":"","background-repeat":"repeat","background-position":"center center","background-size":"auto","background-attachment":"scroll","background-type":"","background-media":"","overlay-type":"","overlay-color":"","overlay-opacity":"","overlay-gradient":""},"mobile":{"background-color":"var(--ast-global-color-5)","background-image":"","background-repeat":"repeat","background-position":"center center","background-size":"auto","background-attachment":"scroll","background-type":"","background-media":"","overlay-type":"","overlay-color":"","overlay-opacity":"","overlay-gradient":""}},"footnotes":""},"class_list":["post-11188","page","type-page","status-publish","hentry"],"acf":{"js_im_header_seekda_offer":"","js_im_footer_conversion":""},"yoast_head":"<!-- This site is optimized with the Yoast SEO plugin v27.2 - https:\/\/yoast.com\/product\/yoast-seo-wordpress\/ -->\n<title>Restaurante y Bar - Waidringerhof<\/title>\n<meta name=\"robots\" content=\"index, follow, max-snippet:-1, max-image-preview:large, max-video-preview:-1\" \/>\n<link rel=\"canonical\" href=\"https:\/\/www.waidringerhof.com\/es\/restaurant-bar\/\" \/>\n<meta property=\"og:locale\" content=\"es_ES\" \/>\n<meta property=\"og:type\" content=\"article\" \/>\n<meta property=\"og:title\" content=\"Restaurante y Bar - Waidringerhof\" \/>\n<meta property=\"og:description\" content=\"Restaurante y Bar Salones r\u00fasticos y restaurante elegante y acogedor Disfruta de delicias culinarias en salones r\u00fasticos de m\u00e1s de 100 a\u00f1os de antig\u00fcedad o en el elegante y acogedor comedor. Con mucho encanto tirol\u00e9s y un ambiente c\u00e1lido, nuestro restaurante te invita a darte un capricho. En la soleada terraza, puedes disfrutar de vinos [&hellip;]\" \/>\n<meta property=\"og:url\" content=\"https:\/\/www.waidringerhof.com\/es\/restaurant-bar\/\" \/>\n<meta property=\"og:site_name\" content=\"Waidringerhof\" \/>\n<meta property=\"article:publisher\" content=\"https:\/\/www.facebook.com\/glueckshotel.tirol\" \/>\n<meta property=\"og:image\" content=\"https:\/\/dev.waidringerhof.com\/wp-content\/uploads\/2024\/11\/Restaurant_eingedeckt_Waidringerhof-300x169.jpg\" \/>\n<meta name=\"twitter:card\" content=\"summary_large_image\" \/>\n<script type=\"application\/ld+json\" class=\"yoast-schema-graph\">{\"@context\":\"https:\/\/schema.org\",\"@graph\":[{\"@type\":\"WebPage\",\"@id\":\"https:\/\/www.waidringerhof.com\/es\/restaurant-bar\/\",\"url\":\"https:\/\/www.waidringerhof.com\/es\/restaurant-bar\/\",\"name\":\"Restaurante y Bar - Waidringerhof\",\"isPartOf\":{\"@id\":\"https:\/\/www.waidringerhof.com\/es\/#website\"},\"primaryImageOfPage\":{\"@id\":\"https:\/\/www.waidringerhof.com\/es\/restaurant-bar\/#primaryimage\"},\"image\":{\"@id\":\"https:\/\/www.waidringerhof.com\/es\/restaurant-bar\/#primaryimage\"},\"thumbnailUrl\":\"https:\/\/dev.waidringerhof.com\/wp-content\/uploads\/2024\/11\/Restaurant_eingedeckt_Waidringerhof-300x169.jpg\",\"datePublished\":\"2025-05-16T15:24:20+00:00\",\"breadcrumb\":{\"@id\":\"https:\/\/www.waidringerhof.com\/es\/restaurant-bar\/#breadcrumb\"},\"inLanguage\":\"es\",\"potentialAction\":[{\"@type\":\"ReadAction\",\"target\":[\"https:\/\/www.waidringerhof.com\/es\/restaurant-bar\/\"]}]},{\"@type\":\"ImageObject\",\"inLanguage\":\"es\",\"@id\":\"https:\/\/www.waidringerhof.com\/es\/restaurant-bar\/#primaryimage\",\"url\":\"https:\/\/dev.waidringerhof.com\/wp-content\/uploads\/2024\/11\/Restaurant_eingedeckt_Waidringerhof-300x169.jpg\",\"contentUrl\":\"https:\/\/dev.waidringerhof.com\/wp-content\/uploads\/2024\/11\/Restaurant_eingedeckt_Waidringerhof-300x169.jpg\"},{\"@type\":\"BreadcrumbList\",\"@id\":\"https:\/\/www.waidringerhof.com\/es\/restaurant-bar\/#breadcrumb\",\"itemListElement\":[{\"@type\":\"ListItem\",\"position\":1,\"name\":\"Startseite\",\"item\":\"https:\/\/www.waidringerhof.com\/es\/\"},{\"@type\":\"ListItem\",\"position\":2,\"name\":\"Restaurante y Bar\"}]},{\"@type\":\"WebSite\",\"@id\":\"https:\/\/www.waidringerhof.com\/es\/#website\",\"url\":\"https:\/\/www.waidringerhof.com\/es\/\",\"name\":\"Waidringerhof 4-Sterne-Superior\",\"description\":\"Willkommen im 1. Tiroler Gl\u00fcckshotel\",\"publisher\":{\"@id\":\"https:\/\/www.waidringerhof.com\/es\/#organization\"},\"potentialAction\":[{\"@type\":\"SearchAction\",\"target\":{\"@type\":\"EntryPoint\",\"urlTemplate\":\"https:\/\/www.waidringerhof.com\/es\/?s={search_term_string}\"},\"query-input\":{\"@type\":\"PropertyValueSpecification\",\"valueRequired\":true,\"valueName\":\"search_term_string\"}}],\"inLanguage\":\"es\"},{\"@type\":\"Organization\",\"@id\":\"https:\/\/www.waidringerhof.com\/es\/#organization\",\"name\":\"Waidringerhof 4-Sterne-Superior\",\"url\":\"https:\/\/www.waidringerhof.com\/es\/\",\"logo\":{\"@type\":\"ImageObject\",\"inLanguage\":\"es\",\"@id\":\"https:\/\/www.waidringerhof.com\/es\/#\/schema\/logo\/image\/\",\"url\":\"https:\/\/www.waidringerhof.com\/wp-content\/uploads\/2023\/08\/Logo_Waidringer_Hof.svg\",\"contentUrl\":\"https:\/\/www.waidringerhof.com\/wp-content\/uploads\/2023\/08\/Logo_Waidringer_Hof.svg\",\"width\":410,\"height\":410,\"caption\":\"Waidringerhof 4-Sterne-Superior\"},\"image\":{\"@id\":\"https:\/\/www.waidringerhof.com\/es\/#\/schema\/logo\/image\/\"},\"sameAs\":[\"https:\/\/www.facebook.com\/glueckshotel.tirol\"]}]}<\/script>\n<!-- \/ Yoast SEO plugin. -->","yoast_head_json":{"title":"Restaurante y Bar - Waidringerhof","robots":{"index":"index","follow":"follow","max-snippet":"max-snippet:-1","max-image-preview":"max-image-preview:large","max-video-preview":"max-video-preview:-1"},"canonical":"https:\/\/www.waidringerhof.com\/es\/restaurant-bar\/","og_locale":"es_ES","og_type":"article","og_title":"Restaurante y Bar - Waidringerhof","og_description":"Restaurante y Bar Salones r\u00fasticos y restaurante elegante y acogedor Disfruta de delicias culinarias en salones r\u00fasticos de m\u00e1s de 100 a\u00f1os de antig\u00fcedad o en el elegante y acogedor comedor. Con mucho encanto tirol\u00e9s y un ambiente c\u00e1lido, nuestro restaurante te invita a darte un capricho. En la soleada terraza, puedes disfrutar de vinos [&hellip;]","og_url":"https:\/\/www.waidringerhof.com\/es\/restaurant-bar\/","og_site_name":"Waidringerhof","article_publisher":"https:\/\/www.facebook.com\/glueckshotel.tirol","og_image":[{"url":"https:\/\/dev.waidringerhof.com\/wp-content\/uploads\/2024\/11\/Restaurant_eingedeckt_Waidringerhof-300x169.jpg","type":"","width":"","height":""}],"twitter_card":"summary_large_image","schema":{"@context":"https:\/\/schema.org","@graph":[{"@type":"WebPage","@id":"https:\/\/www.waidringerhof.com\/es\/restaurant-bar\/","url":"https:\/\/www.waidringerhof.com\/es\/restaurant-bar\/","name":"Restaurante y Bar - Waidringerhof","isPartOf":{"@id":"https:\/\/www.waidringerhof.com\/es\/#website"},"primaryImageOfPage":{"@id":"https:\/\/www.waidringerhof.com\/es\/restaurant-bar\/#primaryimage"},"image":{"@id":"https:\/\/www.waidringerhof.com\/es\/restaurant-bar\/#primaryimage"},"thumbnailUrl":"https:\/\/dev.waidringerhof.com\/wp-content\/uploads\/2024\/11\/Restaurant_eingedeckt_Waidringerhof-300x169.jpg","datePublished":"2025-05-16T15:24:20+00:00","breadcrumb":{"@id":"https:\/\/www.waidringerhof.com\/es\/restaurant-bar\/#breadcrumb"},"inLanguage":"es","potentialAction":[{"@type":"ReadAction","target":["https:\/\/www.waidringerhof.com\/es\/restaurant-bar\/"]}]},{"@type":"ImageObject","inLanguage":"es","@id":"https:\/\/www.waidringerhof.com\/es\/restaurant-bar\/#primaryimage","url":"https:\/\/dev.waidringerhof.com\/wp-content\/uploads\/2024\/11\/Restaurant_eingedeckt_Waidringerhof-300x169.jpg","contentUrl":"https:\/\/dev.waidringerhof.com\/wp-content\/uploads\/2024\/11\/Restaurant_eingedeckt_Waidringerhof-300x169.jpg"},{"@type":"BreadcrumbList","@id":"https:\/\/www.waidringerhof.com\/es\/restaurant-bar\/#breadcrumb","itemListElement":[{"@type":"ListItem","position":1,"name":"Startseite","item":"https:\/\/www.waidringerhof.com\/es\/"},{"@type":"ListItem","position":2,"name":"Restaurante y Bar"}]},{"@type":"WebSite","@id":"https:\/\/www.waidringerhof.com\/es\/#website","url":"https:\/\/www.waidringerhof.com\/es\/","name":"Waidringerhof 4-Sterne-Superior","description":"Willkommen im 1. Tiroler Gl\u00fcckshotel","publisher":{"@id":"https:\/\/www.waidringerhof.com\/es\/#organization"},"potentialAction":[{"@type":"SearchAction","target":{"@type":"EntryPoint","urlTemplate":"https:\/\/www.waidringerhof.com\/es\/?s={search_term_string}"},"query-input":{"@type":"PropertyValueSpecification","valueRequired":true,"valueName":"search_term_string"}}],"inLanguage":"es"},{"@type":"Organization","@id":"https:\/\/www.waidringerhof.com\/es\/#organization","name":"Waidringerhof 4-Sterne-Superior","url":"https:\/\/www.waidringerhof.com\/es\/","logo":{"@type":"ImageObject","inLanguage":"es","@id":"https:\/\/www.waidringerhof.com\/es\/#\/schema\/logo\/image\/","url":"https:\/\/www.waidringerhof.com\/wp-content\/uploads\/2023\/08\/Logo_Waidringer_Hof.svg","contentUrl":"https:\/\/www.waidringerhof.com\/wp-content\/uploads\/2023\/08\/Logo_Waidringer_Hof.svg","width":410,"height":410,"caption":"Waidringerhof 4-Sterne-Superior"},"image":{"@id":"https:\/\/www.waidringerhof.com\/es\/#\/schema\/logo\/image\/"},"sameAs":["https:\/\/www.facebook.com\/glueckshotel.tirol"]}]}},"_links":{"self":[{"href":"https:\/\/www.waidringerhof.com\/es\/wp-json\/wp\/v2\/pages\/11188","targetHints":{"allow":["GET"]}}],"collection":[{"href":"https:\/\/www.waidringerhof.com\/es\/wp-json\/wp\/v2\/pages"}],"about":[{"href":"https:\/\/www.waidringerhof.com\/es\/wp-json\/wp\/v2\/types\/page"}],"author":[{"embeddable":true,"href":"https:\/\/www.waidringerhof.com\/es\/wp-json\/wp\/v2\/users\/9"}],"replies":[{"embeddable":true,"href":"https:\/\/www.waidringerhof.com\/es\/wp-json\/wp\/v2\/comments?post=11188"}],"version-history":[{"count":6,"href":"https:\/\/www.waidringerhof.com\/es\/wp-json\/wp\/v2\/pages\/11188\/revisions"}],"predecessor-version":[{"id":27736,"href":"https:\/\/www.waidringerhof.com\/es\/wp-json\/wp\/v2\/pages\/11188\/revisions\/27736"}],"wp:attachment":[{"href":"https:\/\/www.waidringerhof.com\/es\/wp-json\/wp\/v2\/media?parent=11188"}],"curies":[{"name":"wp","href":"https:\/\/api.w.org\/{rel}","templated":true}]}}