{"id":10981,"date":"2025-06-21T18:22:47","date_gmt":"2025-06-21T16:22:47","guid":{"rendered":"https:\/\/www.waidringerhof.com\/hotel-waidringer\/opiniones\/"},"modified":"2025-03-17T19:01:27","modified_gmt":"2025-03-17T18:01:27","slug":"bewertungen-waidringerhof","status":"publish","type":"page","link":"https:\/\/www.waidringerhof.com\/es\/hotel-waidring-steinplatte\/bewertungen-waidringerhof\/","title":{"rendered":"Opiniones de invitados"},"content":{"rendered":"<p>[vc_row][vc_column width=\u00bb1\/4&#8243;][vc_wp_custommenu nav_menu=\u00bb76&#8243;][\/vc_column][vc_column width=\u00bb3\/4&#8243;][vc_custom_heading text=\u00bbG\u00e4stemeinungen\u00bb font_container=\u00bbtag:h1|font_size:36px|text_align:left|line_height:46px\u00bb use_theme_fonts=\u00bbyes\u00bb][vc_custom_heading text=\u00bbDas sagen andere G\u00e4ste \u00fcber das 1. Tiroler Gl\u00fcckshotel\u00bb font_container=\u00bbtag:h2|font_size:30px|text_align:left|line_height:46px\u00bb use_theme_fonts=\u00bbyes\u00bb][nz_gap][nz_sep color=\u00bb#acb97c\u00bb top=\u00bb0&#8243; bottom=\u00bb0&#8243; width=\u00bb200&#8243; height=\u00bb1&#8243;][nz_gap height=\u00bb20&#8243;][vc_column_text]Sie m\u00f6chten erfahren, wie andere G\u00e4ste den Waidringer Hof finden? Hier haben wir f\u00fcr Sie alle Links zu den Waidringer Hof Hotelbewertungen \u00fcbersichtlich gesammelt.<\/p>\n<p>Wir sch\u00e4tzen Ihre Meinung &#8211; und freuen uns \u00fcber Ihr Feedback auf\u00a0<a href=\"http:\/\/www.google.at\/#sclient=psy-ab&amp;q=holidaycheck+waidringer+hof&amp;oq=holidaycheck+waidringer+hof&amp;gs_l=hp.3..0i10i30.1160.5369.0.5607.31.26.2.3.3.2.391.5052.0j15j9j2.26.0....0...1c.1.21.psy-ab.sqsz6iZSqk4&amp;pbx=1&amp;bav=on.2,or.r_qf.&amp;bvm=bv.49478099,d.Yms&amp;fp=4130aeeb4ef42a23&amp;biw=1920&amp;bih=955\">HolidayCheck<\/a>, <a href=\"http:\/\/www.tripadvisor.de\/Hotel_Review-g662336-d969660-Reviews-Hotel_Waidringer_Hof-Waidring_Tirol_Austrian_Alps.html\">TripAdvisor<\/a>\u00a0und\u00a0<a href=\"https:\/\/www.facebook.com\/glueckshotel.tirol\">Facebook<\/a>.<\/p>\n<p>Bleiben Sie auf dem Laufenden und folgen Sie dem Gl\u00fcckshotel Tirol auf <a href=\"http:\/\/www.facebook.com\/glueckshotel.tirol\">Facebook<\/a>\u00a0und <a href=\"http:\/\/www.youtube.com\/user\/glueckshoteltirol\">Youtube<\/a>.[\/vc_column_text][nz_gap height=\u00bb20&#8243;][vc_tta_tabs style=\u00bbmodern\u00bb active_section=\u00bb1&#8243; no_fill_content_area=\u00bbtrue\u00bb][vc_tta_section title=\u00bbTripAdvisor\u00bb tab_id=\u00bb1503334327145-92055263-bc47&#8243;][vc_raw_html]JTNDZGl2JTIwaWQlM0QlMjJUQV9jZHNyYXRpbmdzb25seW5hcnJvdzIyNSUyMiUyMGNsYXNzJTNEJTIyVEFfY2RzcmF0aW5nc29ubHluYXJyb3clMjIlM0UlMEElM0N1bCUyMGlkJTNEJTIyNzBVVkMwbnU3JTIyJTIwY2xhc3MlM0QlMjJUQV9saW5rcyUyMEtzR1BrcE5rUiUyMiUzRSUwQSUzQ2xpJTIwaWQlM0QlMjJPbXhhNUZHWiUyMiUyMGNsYXNzJTNEJTIycUVQOXBWVHRvMiUyMiUzRSUwQSUzQ2ElMjB0YXJnZXQlM0QlMjJfYmxhbmslMjIlMjBocmVmJTNEJTIyaHR0cHMlM0ElMkYlMkZ3d3cudHJpcGFkdmlzb3IuYXQlMkYlMjIlM0UlM0NpbWclMjBzcmMlM0QlMjJodHRwcyUzQSUyRiUyRnd3dy50cmlwYWR2aXNvci5hdCUyRmltZyUyRmNkc2klMkZpbWcyJTJGYnJhbmRpbmclMkZ0cmlwYWR2aXNvcl9sb2dvX3RyYW5zcF8zNDB4ODAtMTgwMzQtMi5wbmclMjIlMjBhbHQlM0QlMjJUcmlwQWR2aXNvciUyMiUyRiUzRSUzQyUyRmElM0UlMEElM0MlMkZsaSUzRSUwQSUzQyUyRnVsJTNFJTBBJTNDJTJGZGl2JTNFJTBBJTNDc2NyaXB0JTIwc3JjJTNEJTIyaHR0cHMlM0ElMkYlMkZ3d3cuanNjYWNoZS5jb20lMkZ3ZWpzJTNGd3R5cGUlM0RjZHNyYXRpbmdzb25seW5hcnJvdyUyNmFtcCUzQnVuaXElM0QyMjUlMjZhbXAlM0Jsb2NhdGlvbklkJTNEOTY5NjYwJTI2YW1wJTNCbGFuZyUzRGRlX0FUJTI2YW1wJTNCYm9yZGVyJTNEdHJ1ZSUyNmFtcCUzQmRpc3BsYXlfdmVyc2lvbiUzRDIlMjIlM0UlM0MlMkZzY3JpcHQlM0UlMEE=[\/vc_raw_html][\/vc_tta_section][vc_tta_section title=\u00bbHolidaycheck\u00bb tab_id=\u00bb1503334327208-7e0b6d85-83e4&#8243;][vc_raw_html]JTNDc2NyaXB0JTIwc3JjJTNEJTIyaHR0cHMlM0ElMkYlMkZ3d3cuaG9saWRheWNoZWNrLmRlJTJGd2lkZ2V0cyUzRnN0ZXAlM0Rjb2RlJTI2dHlwZSUzRGNvZGUlMjZvcHRpb25zJTNEaG90ZWwtMS0xODE1MzYtZGVfREUtbC13LTAtMi0xLTMtMSUyMiUyMHR5cGUlM0QlMjJ0ZXh0JTJGamF2YXNjcmlwdCUyMiUzRSUzQyUyRnNjcmlwdCUzRSUzQ2RpdiUyMGlkJTNEJTIyaG9saWRheWNoZWNrLXdpZGdldC1ob3RlbC0xLTE4MTUzNi1kZV9ERS1sLXctMC0yLTEtMy0xJTIyJTNFJTNDZGl2JTIwaWQlM0QlMjJob2xpZGF5Y2hlY2tfd2lkZ2V0X3BsYWNlaG9sZGVyLTE4MTUzNiUyMiUyMHN0eWxlJTNEJTIyd2lkdGglM0ExMjBweCUzQnBhZGRpbmclM0E1cHglM0JiYWNrZ3JvdW5kJTNBJTIzMDA1OGEyJTNCJTIyJTNFJTNDYSUyMGhyZWYlM0QlMjJodHRwcyUzQSUyRiUyRnd3dy5ob2xpZGF5Y2hlY2suZGUlMkZoaSUyRndhaWRyaW5nZXItaG9mLSUyNTI1QzIlMjUyNUI3LTEtdGlyb2xlci1nbHVlY2tzaG90ZWwlMkY0YTcyZWJkNC0zN2EyLTNiZDUtYTQ2OC01ZWU0ZDQ2OTU3NjAlMjIlM0UlM0NpbWclMjBhbHQlM0QlMjJIb3RlbHMlMjBtaXQlMjBIb3RlbGJld2VydHVuZ2VuJTIwYmVpJTIwSG9saWRheUNoZWNrJTIyJTIwc3JjJTNEJTIyaHR0cHMlM0ElMkYlMkZ3d3cuaG9saWRheWNoZWNrLmRlJTJGd2lkZ2V0cyUyRmxvZ29feGxhcmdlLnBuZyUyMiUyMGJvcmRlciUzRCUyMjAlMjIlM0UlM0MlMkZhJTNFJTNDJTJGZGl2JTNFJTNDJTJGZGl2JTNF[\/vc_raw_html][\/vc_tta_section][\/vc_tta_tabs][\/vc_column][\/vc_row]<\/p>\n","protected":false},"excerpt":{"rendered":"<p>[vc_row][vc_column width=\u00bb1\/4&#8243;][vc_wp_custommenu nav_menu=\u00bb76&#8243;][\/vc_column][vc_column width=\u00bb3\/4&#8243;][vc_custom_heading text=\u00bbG\u00e4stemeinungen\u00bb font_container=\u00bbtag:h1|font_size:36px|text_align:left|line_height:46px\u00bb use_theme_fonts=\u00bbyes\u00bb][vc_custom_heading text=\u00bbDas sagen andere G\u00e4ste \u00fcber das 1. Tiroler Gl\u00fcckshotel\u00bb font_container=\u00bbtag:h2|font_size:30px|text_align:left|line_height:46px\u00bb use_theme_fonts=\u00bbyes\u00bb][nz_gap][nz_sep color=\u00bb#acb97c\u00bb top=\u00bb0&#8243; bottom=\u00bb0&#8243; width=\u00bb200&#8243; height=\u00bb1&#8243;][nz_gap height=\u00bb20&#8243;][vc_column_text]Sie m\u00f6chten erfahren, wie andere G\u00e4ste den Waidringer Hof finden? Hier haben wir f\u00fcr Sie alle Links zu den Waidringer Hof Hotelbewertungen \u00fcbersichtlich gesammelt. Wir sch\u00e4tzen Ihre Meinung &#8211; und freuen uns [&hellip;]<\/p>\n","protected":false},"author":3,"featured_media":0,"parent":10930,"menu_order":0,"comment_status":"closed","ping_status":"closed","template":"","meta":{"_acf_changed":false,"site-sidebar-layout":"no-sidebar","site-content-layout":"plain-container","ast-site-content-layout":"default","site-content-style":"default","site-sidebar-style":"default","ast-global-header-display":"","ast-banner-title-visibility":"","ast-main-header-display":"","ast-hfb-above-header-display":"","ast-hfb-below-header-display":"","ast-hfb-mobile-header-display":"","site-post-title":"disabled","ast-breadcrumbs-content":"","ast-featured-img":"disabled","footer-sml-layout":"","ast-disable-related-posts":"","theme-transparent-header-meta":"","adv-header-id-meta":"","stick-header-meta":"","header-above-stick-meta":"","header-main-stick-meta":"","header-below-stick-meta":"","astra-migrate-meta-layouts":"default","ast-page-background-enabled":"default","ast-page-background-meta":{"desktop":{"background-color":"var(--ast-global-color-4)","background-image":"","background-repeat":"repeat","background-position":"center center","background-size":"auto","background-attachment":"scroll","background-type":"","background-media":"","overlay-type":"","overlay-color":"","overlay-opacity":"","overlay-gradient":""},"tablet":{"background-color":"","background-image":"","background-repeat":"repeat","background-position":"center center","background-size":"auto","background-attachment":"scroll","background-type":"","background-media":"","overlay-type":"","overlay-color":"","overlay-opacity":"","overlay-gradient":""},"mobile":{"background-color":"","background-image":"","background-repeat":"repeat","background-position":"center center","background-size":"auto","background-attachment":"scroll","background-type":"","background-media":"","overlay-type":"","overlay-color":"","overlay-opacity":"","overlay-gradient":""}},"ast-content-background-meta":{"desktop":{"background-color":"var(--ast-global-color-5)","background-image":"","background-repeat":"repeat","background-position":"center center","background-size":"auto","background-attachment":"scroll","background-type":"","background-media":"","overlay-type":"","overlay-color":"","overlay-opacity":"","overlay-gradient":""},"tablet":{"background-color":"var(--ast-global-color-5)","background-image":"","background-repeat":"repeat","background-position":"center center","background-size":"auto","background-attachment":"scroll","background-type":"","background-media":"","overlay-type":"","overlay-color":"","overlay-opacity":"","overlay-gradient":""},"mobile":{"background-color":"var(--ast-global-color-5)","background-image":"","background-repeat":"repeat","background-position":"center center","background-size":"auto","background-attachment":"scroll","background-type":"","background-media":"","overlay-type":"","overlay-color":"","overlay-opacity":"","overlay-gradient":""}},"footnotes":""},"class_list":["post-10981","page","type-page","status-publish","hentry"],"acf":{"js_im_header_seekda_offer":"","js_im_footer_conversion":""},"yoast_head":"<!-- This site is optimized with the Yoast SEO plugin v27.2 - https:\/\/yoast.com\/product\/yoast-seo-wordpress\/ -->\n<title>Comentarios de clientes Hotel Waidringer Hotel Tirol en PillerseeTal<\/title>\n<meta name=\"description\" content=\"El Hotel Waidringer Hof es especialmente apreciado porque ofrece bienestar y delicias culinarias de alto nivel. Echa un vistazo por ti mismo ...\" \/>\n<meta name=\"robots\" content=\"index, follow, max-snippet:-1, max-image-preview:large, max-video-preview:-1\" \/>\n<link rel=\"canonical\" href=\"https:\/\/www.waidringerhof.com\/hotel-waidring-steinplatte\/bewertungen-waidringerhof\/\" \/>\n<meta property=\"og:locale\" content=\"es_ES\" \/>\n<meta property=\"og:type\" content=\"article\" \/>\n<meta property=\"og:title\" content=\"Comentarios de clientes Hotel Waidringer Hotel Tirol en PillerseeTal\" \/>\n<meta property=\"og:description\" content=\"El Hotel Waidringer Hof es especialmente apreciado porque ofrece bienestar y delicias culinarias de alto nivel. Echa un vistazo por ti mismo ...\" \/>\n<meta property=\"og:url\" content=\"https:\/\/www.waidringerhof.com\/hotel-waidring-steinplatte\/bewertungen-waidringerhof\/\" \/>\n<meta property=\"og:site_name\" content=\"Waidringerhof\" \/>\n<meta property=\"article:publisher\" content=\"https:\/\/www.facebook.com\/glueckshotel.tirol\" \/>\n<meta name=\"twitter:card\" content=\"summary_large_image\" \/>\n<meta name=\"twitter:label1\" content=\"Tiempo de lectura\" \/>\n\t<meta name=\"twitter:data1\" content=\"2 minutos\" \/>\n<script type=\"application\/ld+json\" class=\"yoast-schema-graph\">{\"@context\":\"https:\/\/schema.org\",\"@graph\":[{\"@type\":\"WebPage\",\"@id\":\"https:\/\/www.waidringerhof.com\/hotel-waidring-steinplatte\/bewertungen-waidringerhof\/\",\"url\":\"https:\/\/www.waidringerhof.com\/hotel-waidring-steinplatte\/bewertungen-waidringerhof\/\",\"name\":\"Comentarios de clientes Hotel Waidringer Hotel Tirol en PillerseeTal\",\"isPartOf\":{\"@id\":\"https:\/\/www.waidringerhof.com\/es\/#website\"},\"datePublished\":\"2025-06-21T16:22:47+00:00\",\"description\":\"El Hotel Waidringer Hof es especialmente apreciado porque ofrece bienestar y delicias culinarias de alto nivel. Echa un vistazo por ti mismo ...\",\"breadcrumb\":{\"@id\":\"https:\/\/www.waidringerhof.com\/hotel-waidring-steinplatte\/bewertungen-waidringerhof\/#breadcrumb\"},\"inLanguage\":\"es\",\"potentialAction\":[{\"@type\":\"ReadAction\",\"target\":[\"https:\/\/www.waidringerhof.com\/hotel-waidring-steinplatte\/bewertungen-waidringerhof\/\"]}]},{\"@type\":\"BreadcrumbList\",\"@id\":\"https:\/\/www.waidringerhof.com\/hotel-waidring-steinplatte\/bewertungen-waidringerhof\/#breadcrumb\",\"itemListElement\":[{\"@type\":\"ListItem\",\"position\":1,\"name\":\"Startseite\",\"item\":\"https:\/\/www.waidringerhof.com\/es\/\"},{\"@type\":\"ListItem\",\"position\":2,\"name\":\"Hotel Waidringerhof en la Steinplatte de Waidring\",\"item\":\"https:\/\/www.waidringerhof.com\/es\/hotel-waidring-steinplatte\/\"},{\"@type\":\"ListItem\",\"position\":3,\"name\":\"Opiniones de invitados\"}]},{\"@type\":\"WebSite\",\"@id\":\"https:\/\/www.waidringerhof.com\/es\/#website\",\"url\":\"https:\/\/www.waidringerhof.com\/es\/\",\"name\":\"Waidringerhof 4-Sterne-Superior\",\"description\":\"Willkommen im 1. Tiroler Gl\u00fcckshotel\",\"publisher\":{\"@id\":\"https:\/\/www.waidringerhof.com\/es\/#organization\"},\"potentialAction\":[{\"@type\":\"SearchAction\",\"target\":{\"@type\":\"EntryPoint\",\"urlTemplate\":\"https:\/\/www.waidringerhof.com\/es\/?s={search_term_string}\"},\"query-input\":{\"@type\":\"PropertyValueSpecification\",\"valueRequired\":true,\"valueName\":\"search_term_string\"}}],\"inLanguage\":\"es\"},{\"@type\":\"Organization\",\"@id\":\"https:\/\/www.waidringerhof.com\/es\/#organization\",\"name\":\"Waidringerhof 4-Sterne-Superior\",\"url\":\"https:\/\/www.waidringerhof.com\/es\/\",\"logo\":{\"@type\":\"ImageObject\",\"inLanguage\":\"es\",\"@id\":\"https:\/\/www.waidringerhof.com\/es\/#\/schema\/logo\/image\/\",\"url\":\"https:\/\/www.waidringerhof.com\/wp-content\/uploads\/2023\/08\/Logo_Waidringer_Hof.svg\",\"contentUrl\":\"https:\/\/www.waidringerhof.com\/wp-content\/uploads\/2023\/08\/Logo_Waidringer_Hof.svg\",\"width\":410,\"height\":410,\"caption\":\"Waidringerhof 4-Sterne-Superior\"},\"image\":{\"@id\":\"https:\/\/www.waidringerhof.com\/es\/#\/schema\/logo\/image\/\"},\"sameAs\":[\"https:\/\/www.facebook.com\/glueckshotel.tirol\"]}]}<\/script>\n<!-- \/ Yoast SEO plugin. -->","yoast_head_json":{"title":"Comentarios de clientes Hotel Waidringer Hotel Tirol en PillerseeTal","description":"El Hotel Waidringer Hof es especialmente apreciado porque ofrece bienestar y delicias culinarias de alto nivel. Echa un vistazo por ti mismo ...","robots":{"index":"index","follow":"follow","max-snippet":"max-snippet:-1","max-image-preview":"max-image-preview:large","max-video-preview":"max-video-preview:-1"},"canonical":"https:\/\/www.waidringerhof.com\/hotel-waidring-steinplatte\/bewertungen-waidringerhof\/","og_locale":"es_ES","og_type":"article","og_title":"Comentarios de clientes Hotel Waidringer Hotel Tirol en PillerseeTal","og_description":"El Hotel Waidringer Hof es especialmente apreciado porque ofrece bienestar y delicias culinarias de alto nivel. Echa un vistazo por ti mismo ...","og_url":"https:\/\/www.waidringerhof.com\/hotel-waidring-steinplatte\/bewertungen-waidringerhof\/","og_site_name":"Waidringerhof","article_publisher":"https:\/\/www.facebook.com\/glueckshotel.tirol","twitter_card":"summary_large_image","twitter_misc":{"Tiempo de lectura":"2 minutos"},"schema":{"@context":"https:\/\/schema.org","@graph":[{"@type":"WebPage","@id":"https:\/\/www.waidringerhof.com\/hotel-waidring-steinplatte\/bewertungen-waidringerhof\/","url":"https:\/\/www.waidringerhof.com\/hotel-waidring-steinplatte\/bewertungen-waidringerhof\/","name":"Comentarios de clientes Hotel Waidringer Hotel Tirol en PillerseeTal","isPartOf":{"@id":"https:\/\/www.waidringerhof.com\/es\/#website"},"datePublished":"2025-06-21T16:22:47+00:00","description":"El Hotel Waidringer Hof es especialmente apreciado porque ofrece bienestar y delicias culinarias de alto nivel. Echa un vistazo por ti mismo ...","breadcrumb":{"@id":"https:\/\/www.waidringerhof.com\/hotel-waidring-steinplatte\/bewertungen-waidringerhof\/#breadcrumb"},"inLanguage":"es","potentialAction":[{"@type":"ReadAction","target":["https:\/\/www.waidringerhof.com\/hotel-waidring-steinplatte\/bewertungen-waidringerhof\/"]}]},{"@type":"BreadcrumbList","@id":"https:\/\/www.waidringerhof.com\/hotel-waidring-steinplatte\/bewertungen-waidringerhof\/#breadcrumb","itemListElement":[{"@type":"ListItem","position":1,"name":"Startseite","item":"https:\/\/www.waidringerhof.com\/es\/"},{"@type":"ListItem","position":2,"name":"Hotel Waidringerhof en la Steinplatte de Waidring","item":"https:\/\/www.waidringerhof.com\/es\/hotel-waidring-steinplatte\/"},{"@type":"ListItem","position":3,"name":"Opiniones de invitados"}]},{"@type":"WebSite","@id":"https:\/\/www.waidringerhof.com\/es\/#website","url":"https:\/\/www.waidringerhof.com\/es\/","name":"Waidringerhof 4-Sterne-Superior","description":"Willkommen im 1. Tiroler Gl\u00fcckshotel","publisher":{"@id":"https:\/\/www.waidringerhof.com\/es\/#organization"},"potentialAction":[{"@type":"SearchAction","target":{"@type":"EntryPoint","urlTemplate":"https:\/\/www.waidringerhof.com\/es\/?s={search_term_string}"},"query-input":{"@type":"PropertyValueSpecification","valueRequired":true,"valueName":"search_term_string"}}],"inLanguage":"es"},{"@type":"Organization","@id":"https:\/\/www.waidringerhof.com\/es\/#organization","name":"Waidringerhof 4-Sterne-Superior","url":"https:\/\/www.waidringerhof.com\/es\/","logo":{"@type":"ImageObject","inLanguage":"es","@id":"https:\/\/www.waidringerhof.com\/es\/#\/schema\/logo\/image\/","url":"https:\/\/www.waidringerhof.com\/wp-content\/uploads\/2023\/08\/Logo_Waidringer_Hof.svg","contentUrl":"https:\/\/www.waidringerhof.com\/wp-content\/uploads\/2023\/08\/Logo_Waidringer_Hof.svg","width":410,"height":410,"caption":"Waidringerhof 4-Sterne-Superior"},"image":{"@id":"https:\/\/www.waidringerhof.com\/es\/#\/schema\/logo\/image\/"},"sameAs":["https:\/\/www.facebook.com\/glueckshotel.tirol"]}]}},"_links":{"self":[{"href":"https:\/\/www.waidringerhof.com\/es\/wp-json\/wp\/v2\/pages\/10981","targetHints":{"allow":["GET"]}}],"collection":[{"href":"https:\/\/www.waidringerhof.com\/es\/wp-json\/wp\/v2\/pages"}],"about":[{"href":"https:\/\/www.waidringerhof.com\/es\/wp-json\/wp\/v2\/types\/page"}],"author":[{"embeddable":true,"href":"https:\/\/www.waidringerhof.com\/es\/wp-json\/wp\/v2\/users\/3"}],"replies":[{"embeddable":true,"href":"https:\/\/www.waidringerhof.com\/es\/wp-json\/wp\/v2\/comments?post=10981"}],"version-history":[{"count":3,"href":"https:\/\/www.waidringerhof.com\/es\/wp-json\/wp\/v2\/pages\/10981\/revisions"}],"predecessor-version":[{"id":27818,"href":"https:\/\/www.waidringerhof.com\/es\/wp-json\/wp\/v2\/pages\/10981\/revisions\/27818"}],"up":[{"embeddable":true,"href":"https:\/\/www.waidringerhof.com\/es\/wp-json\/wp\/v2\/pages\/10930"}],"wp:attachment":[{"href":"https:\/\/www.waidringerhof.com\/es\/wp-json\/wp\/v2\/media?parent=10981"}],"curies":[{"name":"wp","href":"https:\/\/api.w.org\/{rel}","templated":true}]}}