{"id":10949,"date":"2025-06-08T18:02:06","date_gmt":"2025-06-08T16:02:06","guid":{"rendered":"https:\/\/www.waidringerhof.com\/vacaciones-de-invierno-en-el-tirol\/"},"modified":"2025-03-17T18:56:31","modified_gmt":"2025-03-17T17:56:31","slug":"aktiv-winter","status":"publish","type":"page","link":"https:\/\/www.waidringerhof.com\/es\/aktiv-winter\/","title":{"rendered":"Vacaciones de invierno en el Tirol"},"content":{"rendered":"\t\t<div data-elementor-type=\"wp-page\" data-elementor-id=\"10949\" class=\"elementor elementor-10949 elementor-4124\" data-elementor-post-type=\"page\">\n\t\t\t\t<div class=\"elementor-element elementor-element-3d1d2af e-flex e-con-boxed e-con e-parent\" data-id=\"3d1d2af\" data-element_type=\"container\" data-e-type=\"container\" data-settings=\"{&quot;background_background&quot;:&quot;classic&quot;}\">\n\t\t\t\t\t<div class=\"e-con-inner\">\n\t\t<div class=\"elementor-element elementor-element-aae175a e-con-full e-flex e-con e-child\" data-id=\"aae175a\" data-element_type=\"container\" data-e-type=\"container\">\n\t\t\t\t<\/div>\n\t\t\t\t\t<\/div>\n\t\t\t\t<\/div>\n\t\t<div class=\"elementor-element elementor-element-da0ba04 e-flex e-con-boxed e-con e-parent\" data-id=\"da0ba04\" data-element_type=\"container\" data-e-type=\"container\">\n\t\t\t\t\t<div class=\"e-con-inner\">\n\t\t<div class=\"elementor-element elementor-element-0fde430 e-con-full e-flex e-con e-child\" data-id=\"0fde430\" data-element_type=\"container\" data-e-type=\"container\">\n\t\t<div class=\"elementor-element elementor-element-239e27e e-con-full e-flex e-con e-child\" data-id=\"239e27e\" data-element_type=\"container\" data-e-type=\"container\">\n\t\t\t\t<div class=\"elementor-element elementor-element-15b1647 elementor-widget elementor-widget-heading\" data-id=\"15b1647\" data-element_type=\"widget\" data-e-type=\"widget\" data-widget_type=\"heading.default\">\n\t\t\t\t<div class=\"elementor-widget-container\">\n\t\t\t\t\t<h2 class=\"elementor-heading-title elementor-size-default\">El para\u00edso invernal<\/h2>\t\t\t\t<\/div>\n\t\t\t\t<\/div>\n\t\t\t\t<div class=\"elementor-element elementor-element-bc9afaa elementor-widget elementor-widget-text-editor\" data-id=\"bc9afaa\" data-element_type=\"widget\" data-e-type=\"widget\" data-widget_type=\"text-editor.default\">\n\t\t\t\t<div class=\"elementor-widget-container\">\n\t\t\t\t\t\t\t\t\t<p>El Pillerseetal, en los Alpes tiroleses, es sin\u00f3nimo de diversi\u00f3n invernal sin l\u00edmites. Las pistas perfectamente acondicionadas, los encantadores refugios de esqu\u00ed y la sabrosa cocina tirolesa hacen de la regi\u00f3n la elecci\u00f3n ideal para familias y entusiastas de los deportes de invierno. Como parte de la regi\u00f3n de esqu\u00ed 3-L\u00e4nder-Freizeit-Arena, el Pillerseetal ofrece una amplia gama de oportunidades de diversi\u00f3n en las pistas, diversi\u00f3n esquiando y acogedor apr\u00e8s-ski en un entorno pintoresco.  <\/p>\t\t\t\t\t\t\t\t<\/div>\n\t\t\t\t<\/div>\n\t\t\t\t<\/div>\n\t\t<div class=\"elementor-element elementor-element-736e266 e-con-full e-flex e-con e-child\" data-id=\"736e266\" data-element_type=\"container\" data-e-type=\"container\">\n\t\t\t\t<\/div>\n\t\t\t\t<\/div>\n\t\t\t\t\t<\/div>\n\t\t\t\t<\/div>\n\t\t<div class=\"elementor-element elementor-element-5b0a6c6 e-flex e-con-boxed e-con e-parent\" data-id=\"5b0a6c6\" data-element_type=\"container\" data-e-type=\"container\" data-settings=\"{&quot;background_background&quot;:&quot;classic&quot;}\">\n\t\t\t\t\t<div class=\"e-con-inner\">\n\t\t<div class=\"elementor-element elementor-element-8c0b235 e-con-full e-flex e-con e-child\" data-id=\"8c0b235\" data-element_type=\"container\" data-e-type=\"container\">\n\t\t<div class=\"elementor-element elementor-element-6966037 e-con-full e-flex e-con e-child\" data-id=\"6966037\" data-element_type=\"container\" data-e-type=\"container\">\n\t\t\t\t<div class=\"elementor-element elementor-element-efbc361 elementor-widget elementor-widget-heading\" data-id=\"efbc361\" data-element_type=\"widget\" data-e-type=\"widget\" data-widget_type=\"heading.default\">\n\t\t\t\t<div class=\"elementor-widget-container\">\n\t\t\t\t\t<h1 class=\"elementor-heading-title elementor-size-default\">Esqu\u00ed en la Steinplatte, en el valle de Pillerseetal<\/h1>\t\t\t\t<\/div>\n\t\t\t\t<\/div>\n\t\t\t\t<div class=\"elementor-element elementor-element-b10c7c6 elementor-widget elementor-widget-text-editor\" data-id=\"b10c7c6\" data-element_type=\"widget\" data-e-type=\"widget\" data-widget_type=\"text-editor.default\">\n\t\t\t\t<div class=\"elementor-widget-container\">\n\t\t\t\t\t\t\t\t\t<p>C\u00e1lzate las botas de monta\u00f1a y sum\u00e9rgete en el fascinante mundo monta\u00f1oso del Pillerseetal. Descubre id\u00edlicas rutas de senderismo que atraviesan densos bosques, bordean lagos cristalinos y ascienden a impresionantes picos, acompa\u00f1ados por el aire fresco de la monta\u00f1a y el panorama de los Alpes tiroleses. Ya sea por la ma\u00f1ana bajo el c\u00e1lido sol o por la tarde en medio de la naturaleza virgen, comienza tu aventura de senderismo cuando quieras&#8230; justo delante de tu alojamiento.  <\/p>\t\t\t\t\t\t\t\t<\/div>\n\t\t\t\t<\/div>\n\t\t\t\t<\/div>\n\t\t\t\t<\/div>\n\t\t<div class=\"elementor-element elementor-element-b5cb07d e-con-full e-flex e-con e-child\" data-id=\"b5cb07d\" data-element_type=\"container\" data-e-type=\"container\" data-settings=\"{&quot;background_background&quot;:&quot;classic&quot;}\">\n\t\t\t\t<div class=\"elementor-element elementor-element-34b18c6 elementor-widget elementor-widget-spacer\" data-id=\"34b18c6\" data-element_type=\"widget\" data-e-type=\"widget\" data-widget_type=\"spacer.default\">\n\t\t\t\t<div class=\"elementor-widget-container\">\n\t\t\t\t\t\t\t<div class=\"elementor-spacer\">\n\t\t\t<div class=\"elementor-spacer-inner\"><\/div>\n\t\t<\/div>\n\t\t\t\t\t\t<\/div>\n\t\t\t\t<\/div>\n\t\t\t\t<\/div>\n\t\t\t\t\t<\/div>\n\t\t\t\t<\/div>\n\t\t<div class=\"elementor-element elementor-element-af3a523 e-flex e-con-boxed e-con e-parent\" data-id=\"af3a523\" data-element_type=\"container\" data-e-type=\"container\" data-settings=\"{&quot;background_background&quot;:&quot;classic&quot;}\">\n\t\t\t\t\t<div class=\"e-con-inner\">\n\t\t\t\t<div class=\"elementor-element elementor-element-d5fbe5c elementor-nav-menu__align-justify elementor-nav-menu--dropdown-none submenu_waidring elementor-widget elementor-widget-nav-menu\" data-id=\"d5fbe5c\" data-element_type=\"widget\" data-e-type=\"widget\" data-settings=\"{&quot;submenu_icon&quot;:{&quot;value&quot;:&quot;&lt;i class=\\&quot;\\&quot; aria-hidden=\\&quot;true\\&quot;&gt;&lt;\\\/i&gt;&quot;,&quot;library&quot;:&quot;&quot;},&quot;layout&quot;:&quot;horizontal&quot;}\" data-widget_type=\"nav-menu.default\">\n\t\t\t\t<div class=\"elementor-widget-container\">\n\t\t\t\t\t\t\t\t<nav aria-label=\"Men\u00fc\" class=\"elementor-nav-menu--main elementor-nav-menu__container elementor-nav-menu--layout-horizontal e--pointer-none\">\n\t\t\t\t<ul id=\"menu-1-d5fbe5c\" class=\"elementor-nav-menu\"><li class=\"menu-item menu-item-type-post_type menu-item-object-page menu-item-27942\"><a href=\"https:\/\/www.waidringerhof.com\/es\/aktiv-sommer\/\" class=\"elementor-item menu-link\">Actividades de verano<\/a><\/li>\n<li class=\"menu-item menu-item-type-post_type menu-item-object-page menu-item-27943\"><a href=\"https:\/\/www.waidringerhof.com\/es\/aktiv-winter\/\" class=\"elementor-item menu-link\">Vacaciones de invierno en el Tirol<\/a><\/li>\n<li class=\"menu-item menu-item-type-post_type menu-item-object-page menu-item-27944\"><a href=\"https:\/\/www.waidringerhof.com\/es\/ausflugsziele\/\" class=\"elementor-item menu-link\">Destinos de las excursiones<\/a><\/li>\n<\/ul>\t\t\t<\/nav>\n\t\t\t\t\t\t<nav class=\"elementor-nav-menu--dropdown elementor-nav-menu__container\" aria-hidden=\"true\">\n\t\t\t\t<ul id=\"menu-2-d5fbe5c\" class=\"elementor-nav-menu\"><li class=\"menu-item menu-item-type-post_type menu-item-object-page menu-item-27942\"><a href=\"https:\/\/www.waidringerhof.com\/es\/aktiv-sommer\/\" class=\"elementor-item menu-link\" tabindex=\"-1\">Actividades de verano<\/a><\/li>\n<li class=\"menu-item menu-item-type-post_type menu-item-object-page menu-item-27943\"><a href=\"https:\/\/www.waidringerhof.com\/es\/aktiv-winter\/\" class=\"elementor-item menu-link\" tabindex=\"-1\">Vacaciones de invierno en el Tirol<\/a><\/li>\n<li class=\"menu-item menu-item-type-post_type menu-item-object-page menu-item-27944\"><a href=\"https:\/\/www.waidringerhof.com\/es\/ausflugsziele\/\" class=\"elementor-item menu-link\" tabindex=\"-1\">Destinos de las excursiones<\/a><\/li>\n<\/ul>\t\t\t<\/nav>\n\t\t\t\t\t\t<\/div>\n\t\t\t\t<\/div>\n\t\t\t\t\t<\/div>\n\t\t\t\t<\/div>\n\t\t\t\t<\/div>\n\t\t","protected":false},"excerpt":{"rendered":"<p>El para\u00edso invernal El Pillerseetal, en los Alpes tiroleses, es sin\u00f3nimo de diversi\u00f3n invernal sin l\u00edmites. Las pistas perfectamente acondicionadas, los encantadores refugios de esqu\u00ed y la sabrosa cocina tirolesa hacen de la regi\u00f3n la elecci\u00f3n ideal para familias y entusiastas de los deportes de invierno. Como parte de la regi\u00f3n de esqu\u00ed 3-L\u00e4nder-Freizeit-Arena, el [&hellip;]<\/p>\n","protected":false},"author":9,"featured_media":0,"parent":0,"menu_order":0,"comment_status":"closed","ping_status":"closed","template":"elementor_header_footer","meta":{"_acf_changed":false,"site-sidebar-layout":"no-sidebar","site-content-layout":"plain-container","ast-site-content-layout":"normal-width-container","site-content-style":"unboxed","site-sidebar-style":"unboxed","ast-global-header-display":"","ast-banner-title-visibility":"","ast-main-header-display":"","ast-hfb-above-header-display":"","ast-hfb-below-header-display":"","ast-hfb-mobile-header-display":"","site-post-title":"disabled","ast-breadcrumbs-content":"","ast-featured-img":"disabled","footer-sml-layout":"","ast-disable-related-posts":"","theme-transparent-header-meta":"","adv-header-id-meta":"","stick-header-meta":"","header-above-stick-meta":"","header-main-stick-meta":"","header-below-stick-meta":"","astra-migrate-meta-layouts":"set","ast-page-background-enabled":"default","ast-page-background-meta":{"desktop":{"background-color":"var(--ast-global-color-4)","background-image":"","background-repeat":"repeat","background-position":"center center","background-size":"auto","background-attachment":"scroll","background-type":"","background-media":"","overlay-type":"","overlay-color":"","overlay-opacity":"","overlay-gradient":""},"tablet":{"background-color":"","background-image":"","background-repeat":"repeat","background-position":"center center","background-size":"auto","background-attachment":"scroll","background-type":"","background-media":"","overlay-type":"","overlay-color":"","overlay-opacity":"","overlay-gradient":""},"mobile":{"background-color":"","background-image":"","background-repeat":"repeat","background-position":"center center","background-size":"auto","background-attachment":"scroll","background-type":"","background-media":"","overlay-type":"","overlay-color":"","overlay-opacity":"","overlay-gradient":""}},"ast-content-background-meta":{"desktop":{"background-color":"var(--ast-global-color-5)","background-image":"","background-repeat":"repeat","background-position":"center center","background-size":"auto","background-attachment":"scroll","background-type":"","background-media":"","overlay-type":"","overlay-color":"","overlay-opacity":"","overlay-gradient":""},"tablet":{"background-color":"var(--ast-global-color-5)","background-image":"","background-repeat":"repeat","background-position":"center center","background-size":"auto","background-attachment":"scroll","background-type":"","background-media":"","overlay-type":"","overlay-color":"","overlay-opacity":"","overlay-gradient":""},"mobile":{"background-color":"var(--ast-global-color-5)","background-image":"","background-repeat":"repeat","background-position":"center center","background-size":"auto","background-attachment":"scroll","background-type":"","background-media":"","overlay-type":"","overlay-color":"","overlay-opacity":"","overlay-gradient":""}},"footnotes":""},"class_list":["post-10949","page","type-page","status-publish","hentry"],"acf":{"js_im_header_seekda_offer":"","js_im_footer_conversion":""},"yoast_head":"<!-- This site is optimized with the Yoast SEO plugin v27.2 - https:\/\/yoast.com\/product\/yoast-seo-wordpress\/ -->\n<title>Vacaciones de invierno en el Tirol - Waidringerhof<\/title>\n<meta name=\"robots\" content=\"index, follow, max-snippet:-1, max-image-preview:large, max-video-preview:-1\" \/>\n<link rel=\"canonical\" href=\"https:\/\/www.waidringerhof.com\/es\/aktiv-winter\/\" \/>\n<meta property=\"og:locale\" content=\"es_ES\" \/>\n<meta property=\"og:type\" content=\"article\" \/>\n<meta property=\"og:title\" content=\"Vacaciones de invierno en el Tirol - Waidringerhof\" \/>\n<meta property=\"og:description\" content=\"El para\u00edso invernal El Pillerseetal, en los Alpes tiroleses, es sin\u00f3nimo de diversi\u00f3n invernal sin l\u00edmites. Las pistas perfectamente acondicionadas, los encantadores refugios de esqu\u00ed y la sabrosa cocina tirolesa hacen de la regi\u00f3n la elecci\u00f3n ideal para familias y entusiastas de los deportes de invierno. Como parte de la regi\u00f3n de esqu\u00ed 3-L\u00e4nder-Freizeit-Arena, el [&hellip;]\" \/>\n<meta property=\"og:url\" content=\"https:\/\/www.waidringerhof.com\/es\/aktiv-winter\/\" \/>\n<meta property=\"og:site_name\" content=\"Waidringerhof\" \/>\n<meta property=\"article:publisher\" content=\"https:\/\/www.facebook.com\/glueckshotel.tirol\" \/>\n<meta name=\"twitter:card\" content=\"summary_large_image\" \/>\n<meta name=\"twitter:label1\" content=\"Tiempo de lectura\" \/>\n\t<meta name=\"twitter:data1\" content=\"1 minuto\" \/>\n<script type=\"application\/ld+json\" class=\"yoast-schema-graph\">{\"@context\":\"https:\/\/schema.org\",\"@graph\":[{\"@type\":\"WebPage\",\"@id\":\"https:\/\/www.waidringerhof.com\/es\/aktiv-winter\/\",\"url\":\"https:\/\/www.waidringerhof.com\/es\/aktiv-winter\/\",\"name\":\"Vacaciones de invierno en el Tirol - Waidringerhof\",\"isPartOf\":{\"@id\":\"https:\/\/www.waidringerhof.com\/es\/#website\"},\"datePublished\":\"2025-06-08T16:02:06+00:00\",\"breadcrumb\":{\"@id\":\"https:\/\/www.waidringerhof.com\/es\/aktiv-winter\/#breadcrumb\"},\"inLanguage\":\"es\",\"potentialAction\":[{\"@type\":\"ReadAction\",\"target\":[\"https:\/\/www.waidringerhof.com\/es\/aktiv-winter\/\"]}]},{\"@type\":\"BreadcrumbList\",\"@id\":\"https:\/\/www.waidringerhof.com\/es\/aktiv-winter\/#breadcrumb\",\"itemListElement\":[{\"@type\":\"ListItem\",\"position\":1,\"name\":\"Startseite\",\"item\":\"https:\/\/www.waidringerhof.com\/es\/\"},{\"@type\":\"ListItem\",\"position\":2,\"name\":\"Vacaciones de invierno en el Tirol\"}]},{\"@type\":\"WebSite\",\"@id\":\"https:\/\/www.waidringerhof.com\/es\/#website\",\"url\":\"https:\/\/www.waidringerhof.com\/es\/\",\"name\":\"Waidringerhof 4-Sterne-Superior\",\"description\":\"Willkommen im 1. Tiroler Gl\u00fcckshotel\",\"publisher\":{\"@id\":\"https:\/\/www.waidringerhof.com\/es\/#organization\"},\"potentialAction\":[{\"@type\":\"SearchAction\",\"target\":{\"@type\":\"EntryPoint\",\"urlTemplate\":\"https:\/\/www.waidringerhof.com\/es\/?s={search_term_string}\"},\"query-input\":{\"@type\":\"PropertyValueSpecification\",\"valueRequired\":true,\"valueName\":\"search_term_string\"}}],\"inLanguage\":\"es\"},{\"@type\":\"Organization\",\"@id\":\"https:\/\/www.waidringerhof.com\/es\/#organization\",\"name\":\"Waidringerhof 4-Sterne-Superior\",\"url\":\"https:\/\/www.waidringerhof.com\/es\/\",\"logo\":{\"@type\":\"ImageObject\",\"inLanguage\":\"es\",\"@id\":\"https:\/\/www.waidringerhof.com\/es\/#\/schema\/logo\/image\/\",\"url\":\"https:\/\/www.waidringerhof.com\/wp-content\/uploads\/2023\/08\/Logo_Waidringer_Hof.svg\",\"contentUrl\":\"https:\/\/www.waidringerhof.com\/wp-content\/uploads\/2023\/08\/Logo_Waidringer_Hof.svg\",\"width\":410,\"height\":410,\"caption\":\"Waidringerhof 4-Sterne-Superior\"},\"image\":{\"@id\":\"https:\/\/www.waidringerhof.com\/es\/#\/schema\/logo\/image\/\"},\"sameAs\":[\"https:\/\/www.facebook.com\/glueckshotel.tirol\"]}]}<\/script>\n<!-- \/ Yoast SEO plugin. -->","yoast_head_json":{"title":"Vacaciones de invierno en el Tirol - Waidringerhof","robots":{"index":"index","follow":"follow","max-snippet":"max-snippet:-1","max-image-preview":"max-image-preview:large","max-video-preview":"max-video-preview:-1"},"canonical":"https:\/\/www.waidringerhof.com\/es\/aktiv-winter\/","og_locale":"es_ES","og_type":"article","og_title":"Vacaciones de invierno en el Tirol - Waidringerhof","og_description":"El para\u00edso invernal El Pillerseetal, en los Alpes tiroleses, es sin\u00f3nimo de diversi\u00f3n invernal sin l\u00edmites. Las pistas perfectamente acondicionadas, los encantadores refugios de esqu\u00ed y la sabrosa cocina tirolesa hacen de la regi\u00f3n la elecci\u00f3n ideal para familias y entusiastas de los deportes de invierno. Como parte de la regi\u00f3n de esqu\u00ed 3-L\u00e4nder-Freizeit-Arena, el [&hellip;]","og_url":"https:\/\/www.waidringerhof.com\/es\/aktiv-winter\/","og_site_name":"Waidringerhof","article_publisher":"https:\/\/www.facebook.com\/glueckshotel.tirol","twitter_card":"summary_large_image","twitter_misc":{"Tiempo de lectura":"1 minuto"},"schema":{"@context":"https:\/\/schema.org","@graph":[{"@type":"WebPage","@id":"https:\/\/www.waidringerhof.com\/es\/aktiv-winter\/","url":"https:\/\/www.waidringerhof.com\/es\/aktiv-winter\/","name":"Vacaciones de invierno en el Tirol - Waidringerhof","isPartOf":{"@id":"https:\/\/www.waidringerhof.com\/es\/#website"},"datePublished":"2025-06-08T16:02:06+00:00","breadcrumb":{"@id":"https:\/\/www.waidringerhof.com\/es\/aktiv-winter\/#breadcrumb"},"inLanguage":"es","potentialAction":[{"@type":"ReadAction","target":["https:\/\/www.waidringerhof.com\/es\/aktiv-winter\/"]}]},{"@type":"BreadcrumbList","@id":"https:\/\/www.waidringerhof.com\/es\/aktiv-winter\/#breadcrumb","itemListElement":[{"@type":"ListItem","position":1,"name":"Startseite","item":"https:\/\/www.waidringerhof.com\/es\/"},{"@type":"ListItem","position":2,"name":"Vacaciones de invierno en el Tirol"}]},{"@type":"WebSite","@id":"https:\/\/www.waidringerhof.com\/es\/#website","url":"https:\/\/www.waidringerhof.com\/es\/","name":"Waidringerhof 4-Sterne-Superior","description":"Willkommen im 1. Tiroler Gl\u00fcckshotel","publisher":{"@id":"https:\/\/www.waidringerhof.com\/es\/#organization"},"potentialAction":[{"@type":"SearchAction","target":{"@type":"EntryPoint","urlTemplate":"https:\/\/www.waidringerhof.com\/es\/?s={search_term_string}"},"query-input":{"@type":"PropertyValueSpecification","valueRequired":true,"valueName":"search_term_string"}}],"inLanguage":"es"},{"@type":"Organization","@id":"https:\/\/www.waidringerhof.com\/es\/#organization","name":"Waidringerhof 4-Sterne-Superior","url":"https:\/\/www.waidringerhof.com\/es\/","logo":{"@type":"ImageObject","inLanguage":"es","@id":"https:\/\/www.waidringerhof.com\/es\/#\/schema\/logo\/image\/","url":"https:\/\/www.waidringerhof.com\/wp-content\/uploads\/2023\/08\/Logo_Waidringer_Hof.svg","contentUrl":"https:\/\/www.waidringerhof.com\/wp-content\/uploads\/2023\/08\/Logo_Waidringer_Hof.svg","width":410,"height":410,"caption":"Waidringerhof 4-Sterne-Superior"},"image":{"@id":"https:\/\/www.waidringerhof.com\/es\/#\/schema\/logo\/image\/"},"sameAs":["https:\/\/www.facebook.com\/glueckshotel.tirol"]}]}},"_links":{"self":[{"href":"https:\/\/www.waidringerhof.com\/es\/wp-json\/wp\/v2\/pages\/10949","targetHints":{"allow":["GET"]}}],"collection":[{"href":"https:\/\/www.waidringerhof.com\/es\/wp-json\/wp\/v2\/pages"}],"about":[{"href":"https:\/\/www.waidringerhof.com\/es\/wp-json\/wp\/v2\/types\/page"}],"author":[{"embeddable":true,"href":"https:\/\/www.waidringerhof.com\/es\/wp-json\/wp\/v2\/users\/9"}],"replies":[{"embeddable":true,"href":"https:\/\/www.waidringerhof.com\/es\/wp-json\/wp\/v2\/comments?post=10949"}],"version-history":[{"count":8,"href":"https:\/\/www.waidringerhof.com\/es\/wp-json\/wp\/v2\/pages\/10949\/revisions"}],"predecessor-version":[{"id":27718,"href":"https:\/\/www.waidringerhof.com\/es\/wp-json\/wp\/v2\/pages\/10949\/revisions\/27718"}],"wp:attachment":[{"href":"https:\/\/www.waidringerhof.com\/es\/wp-json\/wp\/v2\/media?parent=10949"}],"curies":[{"name":"wp","href":"https:\/\/api.w.org\/{rel}","templated":true}]}}